{"id":13843,"date":"2021-07-29T11:27:07","date_gmt":"2021-07-29T09:27:06","guid":{"rendered":"https:\/\/lalalaeditorial.com\/?post_type=product&#038;p=13843"},"modified":"2022-05-30T13:08:35","modified_gmt":"2022-05-30T11:08:35","slug":"baralla-de-cartas-tutty-un-xogo-de-familias-diversas-v-gallego","status":"publish","type":"product","link":"https:\/\/lalalaeditorial.com\/ca\/producto\/baralla-de-cartas-tutty-un-xogo-de-familias-diversas-v-gallego\/","title":{"rendered":"Baralla de cartas: TUTTY. Un xogo de familias diversas \u2013 V. Gallego"},"content":{"rendered":"","protected":false},"excerpt":{"rendered":"<p>Tutty \u00e9 un xogo de cartas que promove o respecto \u00e1 diversidadafectiva, sexual e familiar. Contrib\u00fae \u00e1 superaci\u00f3n dos prexu\u00edzos e estereotipos de x\u00e9nero ofrecendo modelos alternativos de convivencia. Sobre todo, pretende que nenos e nenas aprendan que as relaci\u00f3ns familiares f\u00fandanse no agarimo, o coidado e o respecto<\/p>\n","protected":false},"featured_media":12988,"comment_status":"closed","ping_status":"closed","template":"","meta":{"ngg_post_thumbnail":0},"product_cat":[291,297],"product_tag":[292,293,294,295],"class_list":["post-13843","product","type-product","status-publish","has-post-thumbnail","hentry","product_cat-juegos-ca","product_cat-lalala-editorial-ca","product_tag-cartas-ca","product_tag-coeducacion-ca","product_tag-genero-ca","product_tag-juego-ca","product_shipping_class-enviaments-de-llibres-a-espanya"],"_links":{"self":[{"href":"https:\/\/lalalaeditorial.com\/ca\/wp-json\/wp\/v2\/product\/13843"}],"collection":[{"href":"https:\/\/lalalaeditorial.com\/ca\/wp-json\/wp\/v2\/product"}],"about":[{"href":"https:\/\/lalalaeditorial.com\/ca\/wp-json\/wp\/v2\/types\/product"}],"replies":[{"embeddable":true,"href":"https:\/\/lalalaeditorial.com\/ca\/wp-json\/wp\/v2\/comments?post=13843"}],"wp:featuredmedia":[{"embeddable":true,"href":"https:\/\/lalalaeditorial.com\/ca\/wp-json\/wp\/v2\/media\/12988"}],"wp:attachment":[{"href":"https:\/\/lalalaeditorial.com\/ca\/wp-json\/wp\/v2\/media?parent=13843"}],"wp:term":[{"taxonomy":"product_cat","embeddable":true,"href":"https:\/\/lalalaeditorial.com\/ca\/wp-json\/wp\/v2\/product_cat?post=13843"},{"taxonomy":"product_tag","embeddable":true,"href":"https:\/\/lalalaeditorial.com\/ca\/wp-json\/wp\/v2\/product_tag?post=13843"}],"curies":[{"name":"wp","href":"https:\/\/api.w.org\/{rel}","templated":true}]}}