{"id":13441,"date":"2020-05-27T16:03:23","date_gmt":"2020-05-27T14:03:23","guid":{"rendered":"https:\/\/lalalaeditorial.com\/el-juego\/"},"modified":"2023-04-04T16:15:56","modified_gmt":"2023-04-04T14:15:56","slug":"el-juego","status":"publish","type":"page","link":"https:\/\/lalalaeditorial.com\/ca\/el-juego\/","title":{"rendered":"El joc"},"content":{"rendered":"[fullwidth_text alt_background=&#8221;none&#8221; width=&#8221;1\/1&#8243; el_position=&#8221;first last&#8221;]\n<p style=\"text-align: justify;\"><strong>Tutty \u00e9s un joc narratiu de cartes col\u00b7leccionables.<\/strong><\/p>\n<p style=\"text-align: justify;\">Per a dos, tres o quatre jugadores a partir de vuit anys d&#8217;edat. L&#8217;objectiu \u00e9s formar una fam\u00edlia, per a aix\u00f2 s&#8217;ofereixen 28 personatges diversos. Una fam\u00edlia Tutty ha de comptar amb sis o m\u00e9s personatges i estar composta per tres generacions: menor, adulta i major. Per tant, hi ha una infinitat de diferents combinacions possibles.<\/p>\n<p style=\"text-align: justify;\">Tutty, \u00e9s molt m\u00e9s que una baralla de cartes. Sobretot, pret\u00e9n que els nens i nenes comprenguin que<strong> les relacions familiars es funden en l&#8217;afecte i les cures.<\/strong><\/p>\n[\/fullwidth_text] [spb_revslider revslider_shortcode=&#8221;el cuento 1&#8243; width=&#8221;1\/1&#8243; el_position=&#8221;first last&#8221;] [blank_spacer height=&#8221;30px&#8221; width=&#8221;1\/1&#8243; el_position=&#8221;first last&#8221;] [fullwidth_text alt_background=&#8221;none&#8221; width=&#8221;1\/1&#8243; el_position=&#8221;first last&#8221;]\n<p style=\"text-align: justify;\">Les 48 cartes, les instruccions m\u00e9s la caixa de Tutty s&#8217;han impr\u00e8s a quatricromia al costat de la nostra comarca La Marina Alta; en&nbsp;<strong>paper reciclat<\/strong> procedent de tales controlades.<\/p>\n[\/fullwidth_text]\n","protected":false},"excerpt":{"rendered":"<p>[fullwidth_text alt_background=&#8221;none&#8221; width=&#8221;1\/1&#8243; el_position=&#8221;first last&#8221;] Tutty \u00e9s un joc narratiu de cartes col\u00b7leccionables. Per a dos, tres o quatre jugadores a partir de vuit anys d&#8217;edat. L&#8217;objectiu \u00e9s formar una fam\u00edlia, per a aix\u00f2 s&#8217;ofereixen 28 personatges diversos. Una fam\u00edlia Tutty ha de comptar amb sis o m\u00e9s personatges i estar composta per tres generacions: menor, adulta i major. Per [&hellip;]<\/p>\n","protected":false},"author":1,"featured_media":0,"parent":0,"menu_order":0,"comment_status":"closed","ping_status":"closed","template":"","meta":{"ngg_post_thumbnail":0,"footnotes":""},"class_list":["post-13441","page","type-page","status-publish","hentry"],"_links":{"self":[{"href":"https:\/\/lalalaeditorial.com\/ca\/wp-json\/wp\/v2\/pages\/13441"}],"collection":[{"href":"https:\/\/lalalaeditorial.com\/ca\/wp-json\/wp\/v2\/pages"}],"about":[{"href":"https:\/\/lalalaeditorial.com\/ca\/wp-json\/wp\/v2\/types\/page"}],"author":[{"embeddable":true,"href":"https:\/\/lalalaeditorial.com\/ca\/wp-json\/wp\/v2\/users\/1"}],"replies":[{"embeddable":true,"href":"https:\/\/lalalaeditorial.com\/ca\/wp-json\/wp\/v2\/comments?post=13441"}],"version-history":[{"count":0,"href":"https:\/\/lalalaeditorial.com\/ca\/wp-json\/wp\/v2\/pages\/13441\/revisions"}],"wp:attachment":[{"href":"https:\/\/lalalaeditorial.com\/ca\/wp-json\/wp\/v2\/media?parent=13441"}],"curies":[{"name":"wp","href":"https:\/\/api.w.org\/{rel}","templated":true}]}}