{"id":13414,"date":"2018-06-22T11:01:49","date_gmt":"2018-06-22T09:01:49","guid":{"rendered":"https:\/\/lalalaeditorial.com\/talleres-coeducacion\/"},"modified":"2023-09-21T11:41:54","modified_gmt":"2023-09-21T09:41:54","slug":"talleres-coeducacion","status":"publish","type":"page","link":"https:\/\/lalalaeditorial.com\/ca\/tutty-joc-families-diverses\/talleres-coeducacion\/","title":{"rendered":"Tallers coeducaci\u00f3"},"content":{"rendered":"[spb_column width=&#8221;1\/2&#8243; el_position=&#8221;first&#8221;] [spb_text_block title=&#8221;Tallers complementaris per a alumnat i professorat&#8221; pb_margin_bottom=&#8221;no&#8221; pb_border_bottom=&#8221;no&#8221; width=&#8221;1\/1&#8243; el_position=&#8221;first last&#8221;]\n<p><span style=\"color: #2eb184;\"><strong>Amb l&#8217;alumnat.<\/strong><\/span><br \/>\nPer a introduir el projecte a l&#8217;aula proposem un taller <strong>per a ensenyar a jugar a Tutty<\/strong> i una segona sessi\u00f3 <strong>per a desenvolupar les principals l\u00ednies did\u00e0ctiques.<\/strong><br \/>\n&nbsp;<br \/>\n&nbsp;<br \/>\n<span style=\"color: #2eb184;\"><strong>Amb el professorat.<\/strong><\/span><br \/>\nSessi\u00f3 amb el professorat<strong> per a con\u00e8ixer els fonaments te\u00f2rics, els objectius, la din\u00e0mica del joc i les principals l\u00ednies did\u00e0ctiques.<\/strong><br \/>\n&nbsp;<br \/>\n&nbsp;<br \/>\n&nbsp;<br \/>\n&nbsp;<\/p>\n[\/spb_text_block] [spb_text_block pb_margin_bottom=&#8221;no&#8221; pb_border_bottom=&#8221;no&#8221; el_class=&#8221;colorverde&#8221; width=&#8221;1\/1&#8243; el_position=&#8221;first last&#8221;]\n<div class=\"one_half\"><a class=\"sf-button large black standard \" href=\"https:\/\/lalalaeditorial.com\/wp-content\/uploads\/2023\/09\/TUTTY-Dossier-Escoles-LALALA-Editorial.pdf\" target=\"_blank\"><span>Descarregar dossier escolar<\/span><\/a><\/div><div class=\"one_half last\"><a class=\"sf-button large black standard \" href=\"mailto:hola@lalalaeditorial.com\" target=\"_self\"><span>Sol\u00b7licitar a trav\u00e9s de email<\/span><\/a><\/div><div class=\"clearboth\"><\/div>\n[\/spb_text_block] [\/spb_column] [spb_column width=&#8221;1\/2&#8243; el_position=&#8221;last&#8221;] [spb_revslider revslider_shortcode=&#8221;actividades&#8221; width=&#8221;1\/1&#8243; el_position=&#8221;first last&#8221;] [\/spb_column]\n","protected":false},"excerpt":{"rendered":"<p>[spb_column width=&#8221;1\/2&#8243; el_position=&#8221;first&#8221;] [spb_text_block title=&#8221;Tallers complementaris per a alumnat i professorat&#8221; pb_margin_bottom=&#8221;no&#8221; pb_border_bottom=&#8221;no&#8221; width=&#8221;1\/1&#8243; el_position=&#8221;first last&#8221;] Amb l&#8217;alumnat. Per a introduir el projecte a l&#8217;aula proposem un taller per a ensenyar a jugar a Tutty i una segona sessi\u00f3 per a desenvolupar les principals l\u00ednies did\u00e0ctiques. &nbsp; &nbsp; Amb el professorat. Sessi\u00f3 amb el professorat per a con\u00e8ixer els fonaments [&hellip;]<\/p>\n","protected":false},"author":1,"featured_media":0,"parent":13354,"menu_order":0,"comment_status":"closed","ping_status":"closed","template":"","meta":{"ngg_post_thumbnail":0,"footnotes":""},"class_list":["post-13414","page","type-page","status-publish","hentry"],"_links":{"self":[{"href":"https:\/\/lalalaeditorial.com\/ca\/wp-json\/wp\/v2\/pages\/13414"}],"collection":[{"href":"https:\/\/lalalaeditorial.com\/ca\/wp-json\/wp\/v2\/pages"}],"about":[{"href":"https:\/\/lalalaeditorial.com\/ca\/wp-json\/wp\/v2\/types\/page"}],"author":[{"embeddable":true,"href":"https:\/\/lalalaeditorial.com\/ca\/wp-json\/wp\/v2\/users\/1"}],"replies":[{"embeddable":true,"href":"https:\/\/lalalaeditorial.com\/ca\/wp-json\/wp\/v2\/comments?post=13414"}],"version-history":[{"count":0,"href":"https:\/\/lalalaeditorial.com\/ca\/wp-json\/wp\/v2\/pages\/13414\/revisions"}],"up":[{"embeddable":true,"href":"https:\/\/lalalaeditorial.com\/ca\/wp-json\/wp\/v2\/pages\/13354"}],"wp:attachment":[{"href":"https:\/\/lalalaeditorial.com\/ca\/wp-json\/wp\/v2\/media?parent=13414"}],"curies":[{"name":"wp","href":"https:\/\/api.w.org\/{rel}","templated":true}]}}