{"id":13390,"date":"2018-06-22T10:27:31","date_gmt":"2018-06-22T08:27:31","guid":{"rendered":"https:\/\/lalalaeditorial.com\/proyecto-coeducacion\/"},"modified":"2023-09-21T11:44:29","modified_gmt":"2023-09-21T09:44:29","slug":"proyecto-coeducacion","status":"publish","type":"page","link":"https:\/\/lalalaeditorial.com\/ca\/tutty-joc-families-diverses\/proyecto-coeducacion\/","title":{"rendered":"Projecte coeducaci\u00f3"},"content":{"rendered":"[blank_spacer height=&#8221;45px&#8221; width=&#8221;1\/1&#8243; el_position=&#8221;first last&#8221;] [spb_column width=&#8221;1\/2&#8243;] [spb_text_block pb_margin_bottom=&#8221;no&#8221; pb_border_bottom=&#8221;no&#8221; el_class=&#8221;colorverde&#8221; width=&#8221;1\/1&#8243; el_position=&#8221;first last&#8221;]\n<p>Tutty \u00e9s molt m\u00e9s que un joc de cartes. \u00c9s un projecte did\u00e0ctic que impulsa el respecte a la diversitat afectiva i familiar. Tutty contribueix a la superaci\u00f3 dels prejudicis i estereotips sexistes oferint models alternatius de conviv\u00e8ncia. <strong>Sobretot, pret\u00e9n que els nens i nenes comprenguin que les relacions familiars es funden en l&#8217;afecte i les cures.<\/strong><br \/>\n&nbsp;<br \/>\nEn el seu format per a centres escolars, el projecte es dirigeix a <strong>5\u00e8 i 6\u00e8 d\u2019Educaci\u00f3 Prim\u00e0ria.<\/strong><\/p>\n<p><a href=\"https:\/\/lalalaeditorial.com\/ca\/tutty-joc-families-diverses\/paquete-escolar\/\" target=\"_blank\" rel=\"noopener\"><span style=\"color: #2eb184;\"><strong>PACK ESCOLAR<\/strong><\/span><\/a><br \/>\nEl pack cont\u00e9 8 baralles de cartes de Tutty. Es presenta en una bossa de cot\u00f3 amb les certificacions que atorguen els segells de garantia de Comer\u00e7 Just i t\u00e8xtil ecol\u00f2gica. Serigrafiada amb la imatge del projecte.<br \/>\n&nbsp;<br \/>\n<a href=\"https:\/\/lalalaeditorial.com\/wp-content\/uploads\/2021\/03\/GuiaDidactica_TUTTY-UN-JOC-DE-FAMILIES-DIVERSES.pdf\" target=\"_blank\" rel=\"noopener\"><span style=\"color: #2eb184;\"><strong>GUIA DID\u00c0CTICA<\/strong><\/span><\/a><br \/>\nMaterial amb propostes d&#8217;activitats per a treballar en l&#8217;aula junt amb el pack escolar.<\/p>\n<p>Tutty compta amb una guia did\u00e0ctica amb una <strong>proposta d\u2019activitats<\/strong> per a dur a terme a l\u2019aula, un <strong>glossari de temes<\/strong> i un apartat on s\u2019exposen els <strong>fonaments te\u00f2rics<\/strong> per a l\u2019aplicaci\u00f3 did\u00e0ctica. Es presenta en format digital i les fitxes de les activitats es poden imprimir en format A4.<\/p>\n<p><strong>OBJECTIUS<\/strong><\/p>\n<ul>\n<li>Promoure el respecte a la diversitat afectiva, sexual i familiar.<\/li>\n<li>Promoure el respecte a la diversitat cultural i social.<\/li>\n<li>Substituir el concepte tancat de \u201cfam\u00edlia\u201d per l\u2019obert de \u201cfam\u00edlies\u201d.<\/li>\n<\/ul>\n<p>&nbsp;<br \/>\n<span style=\"color: #2eb184;\"><strong>ACTIVITATS COMPLEMENTARIES<\/strong><\/span><br \/>\n<a href=\"https:\/\/lalalaeditorial.com\/ca\/tutty-joc-families-diverses\/talleres-coeducacion\/\" target=\"_blank\" rel=\"noopener\"><strong>Tallers amb l&#8217;alumnat<\/strong><\/a><br \/>\n<a href=\"https:\/\/lalalaeditorial.com\/ca\/tutty-joc-families-diverses\/talleres-coeducacion\/\" target=\"_blank\" rel=\"noopener\"><strong>Tallers amb el professorat<\/strong><\/a><br \/>\n&nbsp;<br \/>\n<a href=\"https:\/\/lalalaeditorial.com\/ca\/tutty-joc-families-diverses\/audiovisual-tutty\/\" target=\"_blank\" rel=\"noopener\"><span style=\"color: #2eb184;\"><strong>VIDEO TUTORIAL<\/strong><\/span><\/a><br \/>\nEl v\u00eddeo tutorial de Tutty mostra les regles b\u00e0siques del joc i una partida de mostra per a aprendre a jugar.<\/p>\n<p>&nbsp;<br \/>\n<div class=\"one_half\"><a class=\"sf-button large black standard \" href=\"https:\/\/lalalaeditorial.com\/wp-content\/uploads\/2023\/09\/TUTTY-Dossier-Escoles-LALALA-Editorial.pdf\" target=\"_blank\"><span>Descarregar dossier<\/span><\/a><\/div><div class=\"one_half last\"><a class=\"sf-button large black standard \" href=\"mailto:hola@lalalaeditorial.com\" target=\"_self\"><span>Saber m\u00e9s<\/span><\/a><\/div><div class=\"clearboth\"><\/div>&nbsp;<\/p>\n[\/spb_text_block] [\/spb_column] [spb_column width=&#8221;1\/2&#8243; el_position=&#8221;last&#8221;] [spb_revslider revslider_shortcode=&#8221;coles&#8221; width=&#8221;1\/1&#8243; el_position=&#8221;first last&#8221;] [blank_spacer height=&#8221;25px&#8221; width=&#8221;1\/1&#8243; el_position=&#8221;first last&#8221;] [spb_revslider revslider_shortcode=&#8221;coles tutty&#8221; width=&#8221;1\/1&#8243; el_position=&#8221;first last&#8221;] [\/spb_column]\n","protected":false},"excerpt":{"rendered":"<p>[blank_spacer height=&#8221;45px&#8221; width=&#8221;1\/1&#8243; el_position=&#8221;first last&#8221;] [spb_column width=&#8221;1\/2&#8243;] [spb_text_block pb_margin_bottom=&#8221;no&#8221; pb_border_bottom=&#8221;no&#8221; el_class=&#8221;colorverde&#8221; width=&#8221;1\/1&#8243; el_position=&#8221;first last&#8221;] Tutty \u00e9s molt m\u00e9s que un joc de cartes. \u00c9s un projecte did\u00e0ctic que impulsa el respecte a la diversitat afectiva i familiar. Tutty contribueix a la superaci\u00f3 dels prejudicis i estereotips sexistes oferint models alternatius de conviv\u00e8ncia. Sobretot, pret\u00e9n que els nens i nenes comprenguin [&hellip;]<\/p>\n","protected":false},"author":1,"featured_media":0,"parent":13354,"menu_order":0,"comment_status":"closed","ping_status":"closed","template":"","meta":{"ngg_post_thumbnail":0,"footnotes":""},"class_list":["post-13390","page","type-page","status-publish","hentry"],"_links":{"self":[{"href":"https:\/\/lalalaeditorial.com\/ca\/wp-json\/wp\/v2\/pages\/13390"}],"collection":[{"href":"https:\/\/lalalaeditorial.com\/ca\/wp-json\/wp\/v2\/pages"}],"about":[{"href":"https:\/\/lalalaeditorial.com\/ca\/wp-json\/wp\/v2\/types\/page"}],"author":[{"embeddable":true,"href":"https:\/\/lalalaeditorial.com\/ca\/wp-json\/wp\/v2\/users\/1"}],"replies":[{"embeddable":true,"href":"https:\/\/lalalaeditorial.com\/ca\/wp-json\/wp\/v2\/comments?post=13390"}],"version-history":[{"count":0,"href":"https:\/\/lalalaeditorial.com\/ca\/wp-json\/wp\/v2\/pages\/13390\/revisions"}],"up":[{"embeddable":true,"href":"https:\/\/lalalaeditorial.com\/ca\/wp-json\/wp\/v2\/pages\/13354"}],"wp:attachment":[{"href":"https:\/\/lalalaeditorial.com\/ca\/wp-json\/wp\/v2\/media?parent=13390"}],"curies":[{"name":"wp","href":"https:\/\/api.w.org\/{rel}","templated":true}]}}