{"id":13376,"date":"2018-06-21T08:32:56","date_gmt":"2018-06-21T06:32:56","guid":{"rendered":"https:\/\/lalalaeditorial.com\/autoras-y-autores\/"},"modified":"2023-04-04T16:59:50","modified_gmt":"2023-04-04T14:59:50","slug":"autoras-y-autores","status":"publish","type":"page","link":"https:\/\/lalalaeditorial.com\/ca\/tutty-joc-families-diverses\/autoras-y-autores\/","title":{"rendered":"Autores i autors"},"content":{"rendered":"[spb_single_image image=&#8221;12378&#8243; image_size=&#8221;full&#8221; frame=&#8221;noframe&#8221; lightbox=&#8221;no&#8221; link_target=&#8221;_self&#8221; fullwidth=&#8221;no&#8221; width=&#8221;1\/2&#8243; el_position=&#8221;first&#8221;][\/spb_single_image] [spb_text_block pb_margin_bottom=&#8221;no&#8221; pb_border_bottom=&#8221;no&#8221; width=&#8221;1\/2&#8243; el_position=&#8221;last&#8221;]\n<p style=\"text-align: justify;\"><strong>Idea original i disseny del joc<\/strong> | Juan Lillo Sim\u00f3n i Lalala Editorial<br \/>\n<strong>Il\u00b7lustraci\u00f3 i disseny gr\u00e0fic<\/strong> | Amelia Celaya<\/p>\n<p><strong><span style=\"color: #b45a66;\">Lalala Editorial<\/span><\/strong><\/p>\n<p>Lalala no \u00e9s un homenatge a Masiel, Lalala \u00e9s una editorial on creem i dissenyem contes, jocs i materials feministes que ens recordin que totes tenim dret a ser, sentir i voler com vulguem.<\/p>\n<p>Comencem amb La Perruca de Luca i ara seguim amb Tutty, un joc de diversitat familiar&#8230; el seg\u00fcent no sabem quin ser\u00e0, el que si sabem \u00e9s que ens far\u00e0 igual o m\u00e9s feli\u00e7os.<\/p>\n<p>Som la gent de&nbsp;<strong><span style=\"color: #000000;\"><a style=\"color: #000000;\" href=\"http:\/\/www.lanaturadora.com\/\" target=\"_blank\" rel=\"noopener noreferrer\">La Naturadora<\/a><\/span><\/strong>&nbsp;i d&#8217;&nbsp;<strong><span style=\"color: #000000;\"><a style=\"color: #000000;\" href=\"https:\/\/eltakataka.com\/ca\/\" target=\"_blank\" rel=\"noopener noreferrer\">Eltakataka<\/a><\/span><\/strong> i, encara que no sabem si estem assoles en la gal\u00e0xia, s\u00ed que us podem dir que en aquest projecte hem tornat a estar molt ben acompanyades per:<\/p>\n[\/spb_text_block] [spb_column width=&#8221;1\/1&#8243; el_position=&#8221;first last&#8221;] [spb_text_block pb_margin_bottom=&#8221;no&#8221; pb_border_bottom=&#8221;no&#8221; width=&#8221;1\/2&#8243; el_position=&#8221;first&#8221;]\n<p><strong><span style=\"color: #93af4f;\">Juan Lillo Sim\u00f3n<\/span><\/strong><br \/>\nSoci\u00f2leg i expert en coeducaci\u00f3. Dissenya i coordina diverses campanyes de formaci\u00f3 de coeducaci\u00f3 dirigides a professorat i alumnat de Prim\u00e0ria i ESO. <span style=\"color: #99cc00;\"><a style=\"color: #2eb184;\" href=\"https:\/\/www.navarra.es\/NR\/rdonlyres\/8346E44F-1C60-4850-AAC8-7934034AB5C6\/307347\/laboramorioweb1.pdf\" target=\"_blank\" rel=\"noopener noreferrer\">M\u00e9s info<\/a><\/span><br \/>\n<strong>Email:<\/strong> gacetacoeducativa@gmail.com<\/p>\n[\/spb_text_block] [spb_text_block pb_margin_bottom=&#8221;no&#8221; pb_border_bottom=&#8221;no&#8221; width=&#8221;1\/2&#8243; el_position=&#8221;last&#8221;]\n<p><span style=\"color: #6cc5b1;\"><strong>Amelia Celaya<\/strong><\/span><br \/>\nDissenyadora i il\u00b7lustradora, treballa principalment en projectes vinculats als moviments socials, drets humans, feminismes, educaci\u00f3, migracions\u2026 <span style=\"color: #008000;\"><a style=\"color: #2eb184;\" href=\"https:\/\/www.behance.net\/ameliacelaya\" target=\"_blank\" rel=\"noopener noreferrer\">M\u00e9s info<\/a><\/span><br \/>\n<strong>Email:<\/strong> correo@ameliacelaya.com<\/p>\n[\/spb_text_block] [\/spb_column]\n","protected":false},"excerpt":{"rendered":"<p>[spb_single_image image=&#8221;12378&#8243; image_size=&#8221;full&#8221; frame=&#8221;noframe&#8221; lightbox=&#8221;no&#8221; link_target=&#8221;_self&#8221; fullwidth=&#8221;no&#8221; width=&#8221;1\/2&#8243; el_position=&#8221;first&#8221;][\/spb_single_image] [spb_text_block pb_margin_bottom=&#8221;no&#8221; pb_border_bottom=&#8221;no&#8221; width=&#8221;1\/2&#8243; el_position=&#8221;last&#8221;] Idea original i disseny del joc | Juan Lillo Sim\u00f3n i Lalala Editorial Il\u00b7lustraci\u00f3 i disseny gr\u00e0fic | Amelia Celaya Lalala Editorial Lalala no \u00e9s un homenatge a Masiel, Lalala \u00e9s una editorial on creem i dissenyem contes, jocs i materials feministes que ens recordin que [&hellip;]<\/p>\n","protected":false},"author":1,"featured_media":0,"parent":13354,"menu_order":0,"comment_status":"closed","ping_status":"closed","template":"","meta":{"ngg_post_thumbnail":0,"footnotes":""},"class_list":["post-13376","page","type-page","status-publish","hentry"],"_links":{"self":[{"href":"https:\/\/lalalaeditorial.com\/ca\/wp-json\/wp\/v2\/pages\/13376"}],"collection":[{"href":"https:\/\/lalalaeditorial.com\/ca\/wp-json\/wp\/v2\/pages"}],"about":[{"href":"https:\/\/lalalaeditorial.com\/ca\/wp-json\/wp\/v2\/types\/page"}],"author":[{"embeddable":true,"href":"https:\/\/lalalaeditorial.com\/ca\/wp-json\/wp\/v2\/users\/1"}],"replies":[{"embeddable":true,"href":"https:\/\/lalalaeditorial.com\/ca\/wp-json\/wp\/v2\/comments?post=13376"}],"version-history":[{"count":0,"href":"https:\/\/lalalaeditorial.com\/ca\/wp-json\/wp\/v2\/pages\/13376\/revisions"}],"up":[{"embeddable":true,"href":"https:\/\/lalalaeditorial.com\/ca\/wp-json\/wp\/v2\/pages\/13354"}],"wp:attachment":[{"href":"https:\/\/lalalaeditorial.com\/ca\/wp-json\/wp\/v2\/media?parent=13376"}],"curies":[{"name":"wp","href":"https:\/\/api.w.org\/{rel}","templated":true}]}}