{"id":13354,"date":"2020-05-26T15:20:41","date_gmt":"2020-05-26T13:20:41","guid":{"rendered":"https:\/\/lalalaeditorial.com\/nova_tutty-familias-diversas\/"},"modified":"2024-09-12T12:02:27","modified_gmt":"2024-09-12T10:02:27","slug":"tutty-joc-families-diverses","status":"publish","type":"page","link":"https:\/\/lalalaeditorial.com\/ca\/tutty-joc-families-diverses\/","title":{"rendered":"Tutty, un joc de fam\u00edlies diverses"},"content":{"rendered":"[blank_spacer height=&#8221;30px&#8221; width=&#8221;1\/1&#8243; el_position=&#8221;first last&#8221;] [spb_text_block pb_margin_bottom=&#8221;no&#8221; pb_border_bottom=&#8221;no&#8221; el_class=&#8221;marco-azul&#8221; width=&#8221;1\/1&#8243; el_position=&#8221;first last&#8221;]\n<h2><span style=\"color: #2eb184;\">QU\u00c8 \u00c9S TUTTY?<\/span><\/h2>\n<h5 style=\"text-align: justify;\"><span style=\"color: #ffffff;\">\u00c9s molt m\u00e9s que un joc de cartes. \u00c9s un projecte did\u00e0ctic que impulsa el respecte a la diversitat afectiva i familiar.<\/span><\/h5>\n<h5><span style=\"color: #ffffff;\">Sobretot, pret\u00e9n que nens i nenes aprenguin que les relacions familiars es funden en l&#8217;afecte, la cura i el respecte; i si aix\u00f2 es compleix, <span style=\"color: #2eb184;\">est\u00e0s de sort amb la teva fam\u00edlia!<\/span><\/span><\/h5>\n[\/spb_text_block] [blank_spacer height=&#8221;30px&#8221; width=&#8221;1\/1&#8243; el_position=&#8221;first last&#8221;] [spb_column width=&#8221;1\/4&#8243; el_position=&#8221;first&#8221;] [\/spb_column] [spb_column col_bg_color=&#8221;#72a0a2&#8243; col_bg_type=&#8221;cover&#8221; col_parallax_image_movement=&#8221;stellar&#8221; col_parallax_image_speed=&#8221;0.5&#8243; col_padding=&#8221;0&#8243; width=&#8221;1\/2&#8243;] [spb_single_image image=&#8221;13079&#8243; image_size=&#8221;large&#8221; frame=&#8221;borderframe&#8221; lightbox=&#8221;no&#8221; link_target=&#8221;_self&#8221; fullwidth=&#8221;no&#8221; width=&#8221;1\/1&#8243; el_position=&#8221;first last&#8221;][\/spb_single_image] [spb_text_block pb_margin_bottom=&#8221;no&#8221; pb_border_bottom=&#8221;no&#8221; el_class=&#8221;marco-inicio&#8221; width=&#8221;1\/1&#8243; el_position=&#8221;first last&#8221;]\n<p><span style=\"color: #ffffff;\">Tutty. Un joc de fam\u00edlies diverses \u00e9s una baralla de cartes i un projecte de coeducaci\u00f3 que PROMOU el respecte a la diversitat afectiva, sexual i familiar a m\u00e9s de la diversitat cultural i social, oferint models alternatius de conviv\u00e8ncia.<br \/>\n<\/span><br \/>\n<a class=\"sf-button medium accent squarearrow \" href=\"https:\/\/lalalaeditorial.com\/wp-content\/uploads\/2023\/09\/TUTTY-Dossier-Escoles-LALALA-Editorial.pdf\" target=\"_blank\"><span>Descarregar DOSSIER ESCOLAR<\/span><span class=\"arrow\"><\/span><\/a>\n[\/spb_text_block] [\/spb_column] [spb_column width=&#8221;1\/4&#8243; el_position=&#8221;last&#8221;] [\/spb_column] [blank_spacer height=&#8221;60px&#8221; width=&#8221;1\/1&#8243; el_position=&#8221;first last&#8221;] [spb_text_block pb_margin_bottom=&#8221;no&#8221; pb_border_bottom=&#8221;no&#8221; el_class=&#8221;subrayadomedio&#8221; width=&#8221;1\/1&#8243; el_position=&#8221;first last&#8221;]\n<h4>AUDIOVISUAL PROMO I V\u00cdDEO TUTORIAL<\/h4>\n[\/spb_text_block] [blank_spacer height=&#8221;10px&#8221; width=&#8221;1\/1&#8243; el_position=&#8221;first last&#8221;] [spb_column col_bg_type=&#8221;cover&#8221; col_parallax_image_movement=&#8221;fixed&#8221; col_parallax_image_speed=&#8221;0.5&#8243; col_padding=&#8221;0&#8243; width=&#8221;1\/2&#8243; el_position=&#8221;first&#8221;] [spb_video link=&#8221;https:\/\/vimeo.com\/234488412&#8243; full_width=&#8221;yes&#8221; width=&#8221;1\/1&#8243; el_position=&#8221;first last&#8221;] [\/spb_column] [spb_column col_bg_type=&#8221;cover&#8221; col_parallax_image_movement=&#8221;fixed&#8221; col_parallax_image_speed=&#8221;0.5&#8243; col_padding=&#8221;0&#8243; width=&#8221;1\/2&#8243; el_position=&#8221;last&#8221;] [spb_video link=&#8221;https:\/\/www.youtube.com\/watch?v=X9w0YvYAiS4&amp;t=1s&#8221; full_width=&#8221;yes&#8221; width=&#8221;1\/1&#8243; el_position=&#8221;first last&#8221;] [\/spb_column] [blank_spacer height=&#8221;90px&#8221; width=&#8221;1\/1&#8243; el_position=&#8221;first last&#8221;] [spb_text_block pb_margin_bottom=&#8221;no&#8221; pb_border_bottom=&#8221;no&#8221; el_class=&#8221;subrayadomedio&#8221; width=&#8221;1\/1&#8243; el_position=&#8221;first last&#8221;]\n<h4>EL JOC I ACTIVITATS &#8211; Projecte coeducatiu<\/h4>\n[\/spb_text_block] [spb_single_image image=&#8221;12987&#8243; image_size=&#8221;large&#8221; frame=&#8221;borderframe&#8221; lightbox=&#8221;no&#8221; image_link=&#8221;https:\/\/lalalaeditorial.com\/ca\/el-juego\/&#8221; link_target=&#8221;_self&#8221; fullwidth=&#8221;no&#8221; width=&#8221;1\/3&#8243; el_position=&#8221;first&#8221;][\/spb_single_image] [spb_single_image image=&#8221;13348&#8243; image_size=&#8221;large&#8221; frame=&#8221;borderframe&#8221; lightbox=&#8221;no&#8221; image_link=&#8221;https:\/\/lalalaeditorial.com\/ca\/tutty-joc-families-diverses\/talleres-coeducacion\/&#8221; link_target=&#8221;_self&#8221; fullwidth=&#8221;no&#8221; width=&#8221;1\/3&#8243;][\/spb_single_image] [spb_single_image image=&#8221;13350&#8243; image_size=&#8221;large&#8221; frame=&#8221;borderframe&#8221; lightbox=&#8221;no&#8221; image_link=&#8221;https:\/\/lalalaeditorial.com\/ca\/tutty-joc-families-diverses\/talleres-coeducacion\/&#8221; link_target=&#8221;_blank&#8221; fullwidth=&#8221;no&#8221; width=&#8221;1\/3&#8243; el_position=&#8221;last&#8221;][\/spb_single_image] [spb_text_block pb_margin_bottom=&#8221;no&#8221; pb_border_bottom=&#8221;no&#8221; width=&#8221;1\/3&#8243; el_position=&#8221;first&#8221;]\n<p style=\"text-align: center;\"><span style=\"color: #2eb184;\"><strong>BARALLA DE CARTES<\/strong><\/span><\/p>\n[\/spb_text_block] [spb_text_block pb_margin_bottom=&#8221;no&#8221; pb_border_bottom=&#8221;no&#8221; width=&#8221;1\/3&#8243;]\n<p style=\"text-align: center;\"><span style=\"color: #2eb184;\"><strong>TALLER ALUMNAT<\/strong><\/span><\/p>\n[\/spb_text_block] [spb_text_block pb_margin_bottom=&#8221;no&#8221; pb_border_bottom=&#8221;no&#8221; width=&#8221;1\/3&#8243; el_position=&#8221;last&#8221;]\n<p style=\"text-align: center;\"><span style=\"color: #2eb184;\"><strong>TALLER PROFESSORAT<\/strong><\/span><\/p>\n[\/spb_text_block] [blank_spacer height=&#8221;60px&#8221; width=&#8221;1\/1&#8243; el_position=&#8221;first last&#8221;] [spb_text_block pb_margin_bottom=&#8221;no&#8221; pb_border_bottom=&#8221;no&#8221; el_class=&#8221;subrayadomedio&#8221; width=&#8221;1\/1&#8243; el_position=&#8221;first last&#8221;]\n<h4>PACK ESCOLAR &#8211; Projecte coeducatiu<\/h4>\n[\/spb_text_block] [spb_single_image image=&#8221;14193&#8243; image_size=&#8221;large&#8221; frame=&#8221;borderframe&#8221; lightbox=&#8221;no&#8221; image_link=&#8221;https:\/\/lalalaeditorial.com\/ca\/tutty-joc-families-diverses\/paquete-escolar\/&#8221; link_target=&#8221;_self&#8221; fullwidth=&#8221;no&#8221; width=&#8221;3\/4&#8243; el_position=&#8221;first&#8221;][\/spb_single_image] [spb_text_block pb_margin_bottom=&#8221;no&#8221; pb_border_bottom=&#8221;no&#8221; width=&#8221;1\/4&#8243; el_position=&#8221;last&#8221;]\n<p><span style=\"color: #2eb184;\"><strong>TUTTY.UN JOC DE FAM\u00cdLIES DIVERSES<\/strong><\/span><\/p>\n<p>Dirigit a Educaci\u00f3&nbsp;<strong> Prim\u00e0ria, 5\u00e8 i 6\u00e8<\/strong>&nbsp;<br \/>\n&nbsp;<\/p>\n<p style=\"text-align: justify;\">El PACK ESCOLAR cont\u00e9:<\/p>\n<ul>\n<li style=\"list-style-type: none;\">\n<ul>\n<li>8 baralles de cartes<\/li>\n<\/ul>\n<\/li>\n<\/ul>\n<ul>\n<li>Borsa de comer\u00e7 just i ecol\u00f2gica<\/li>\n<\/ul>\n<p style=\"text-align: justify;\">\u00c9s molt m\u00e9s que una baralla de cartes. Sobretot, pret\u00e9n que els #xiquet i #xiquet comprenguen que les relacions familiars es funden en el carinyo i les cures.<\/p>\n<p>&nbsp;<br \/>\n<a class=\"sf-button large accent standard \" href=\"https:\/\/lalalaeditorial.com\/wp-content\/uploads\/2023\/09\/TUTTY-Dossier-Escoles-LALALA-Editorial.pdf\" target=\"_blank\"><span>Descarregar DOSSIER ESCOLAR<\/span><\/a>\n[\/spb_text_block] [spb_text_block pb_margin_bottom=&#8221;no&#8221; pb_border_bottom=&#8221;no&#8221; el_class=&#8221;colorverde&#8221; width=&#8221;1\/1&#8243; el_position=&#8221;first last&#8221;]\n<div class=\"one\">\n<p><a class=\"sf-button large black standard \" style=\"padding-right: 0!important; width: 100%;\" href=\"https:\/\/lalalaeditorial.com\/wp-content\/uploads\/2021\/03\/GuiaDidactica_TUTTY-UN-JOC-DE-FAMILIES-DIVERSES.pdf\" target=\"_blank\" rel=\"noopener\">GUIA DID\u00c0CTICA<\/a><\/p>\n<\/div>\n[\/spb_text_block] [spb_text_block pb_margin_bottom=&#8221;no&#8221; pb_border_bottom=&#8221;no&#8221; el_class=&#8221;titolfons&#8221; width=&#8221;1\/1&#8243; el_position=&#8221;first last&#8221;]\n<h2>AV\u00cdS!<\/h2>\n<h5>ELS ENVIAMENTS ES REALITZARAN UN DIA A lA SETMANA<\/h5>\n[\/spb_text_block] [spb_products title=&#8221;Tienda online&#8221; asset_type=&#8221;best-sellers&#8221; columns=&#8221;4&#8243; carousel=&#8221;yes&#8221; product_size=&#8221;standard&#8221; item_count=&#8221;8&#8243; width=&#8221;1\/1&#8243; el_position=&#8221;first last&#8221;] [blank_spacer height=&#8221;60px&#8221; width=&#8221;1\/1&#8243; el_position=&#8221;first last&#8221;]\n","protected":false},"excerpt":{"rendered":"<p>[blank_spacer height=&#8221;30px&#8221; width=&#8221;1\/1&#8243; el_position=&#8221;first last&#8221;] [spb_text_block pb_margin_bottom=&#8221;no&#8221; pb_border_bottom=&#8221;no&#8221; el_class=&#8221;marco-azul&#8221; width=&#8221;1\/1&#8243; el_position=&#8221;first last&#8221;] QU\u00c8 \u00c9S TUTTY? \u00c9s molt m\u00e9s que un joc de cartes. \u00c9s un projecte did\u00e0ctic que impulsa el respecte a la diversitat afectiva i familiar. Sobretot, pret\u00e9n que nens i nenes aprenguin que les relacions familiars es funden en l&#8217;afecte, la cura i el respecte; i si aix\u00f2 [&hellip;]<\/p>\n","protected":false},"author":1,"featured_media":0,"parent":0,"menu_order":0,"comment_status":"closed","ping_status":"closed","template":"","meta":{"ngg_post_thumbnail":0,"footnotes":""},"class_list":["post-13354","page","type-page","status-publish","hentry"],"_links":{"self":[{"href":"https:\/\/lalalaeditorial.com\/ca\/wp-json\/wp\/v2\/pages\/13354"}],"collection":[{"href":"https:\/\/lalalaeditorial.com\/ca\/wp-json\/wp\/v2\/pages"}],"about":[{"href":"https:\/\/lalalaeditorial.com\/ca\/wp-json\/wp\/v2\/types\/page"}],"author":[{"embeddable":true,"href":"https:\/\/lalalaeditorial.com\/ca\/wp-json\/wp\/v2\/users\/1"}],"replies":[{"embeddable":true,"href":"https:\/\/lalalaeditorial.com\/ca\/wp-json\/wp\/v2\/comments?post=13354"}],"version-history":[{"count":1,"href":"https:\/\/lalalaeditorial.com\/ca\/wp-json\/wp\/v2\/pages\/13354\/revisions"}],"predecessor-version":[{"id":14253,"href":"https:\/\/lalalaeditorial.com\/ca\/wp-json\/wp\/v2\/pages\/13354\/revisions\/14253"}],"wp:attachment":[{"href":"https:\/\/lalalaeditorial.com\/ca\/wp-json\/wp\/v2\/media?parent=13354"}],"curies":[{"name":"wp","href":"https:\/\/api.w.org\/{rel}","templated":true}]}}