{"id":13201,"date":"2020-05-22T11:30:15","date_gmt":"2020-05-22T09:30:15","guid":{"rendered":"https:\/\/lalalaeditorial.com\/la-peluca-de-luca\/"},"modified":"2025-02-19T11:05:24","modified_gmt":"2025-02-19T10:05:24","slug":"la-perruca-de-luca-projecte-escolar","status":"publish","type":"page","link":"https:\/\/lalalaeditorial.com\/ca\/la-perruca-de-luca-projecte-escolar\/","title":{"rendered":"La Perruca de Luca"},"content":{"rendered":"[blank_spacer height=&#8221;30px&#8221; width=&#8221;1\/1&#8243; el_position=&#8221;first last&#8221;] [spb_text_block pb_margin_bottom=&#8221;no&#8221; pb_border_bottom=&#8221;no&#8221; el_class=&#8221;marco-azul&#8221; width=&#8221;1\/1&#8243; el_position=&#8221;first last&#8221;]\n<h2><span style=\"color: #2eb184;\">QUI \u00c9S LUCA?<\/span><\/h2>\n<h5 style=\"text-align: justify;\"><span style=\"color: #ffffff;\">Luca \u00e9s un tipus especial, amb nom\u00e9s 4 anys es va enfrontar a super herois i princeses per defensar la seva perruca blava. Aquest petit gest ja es mereix un conte.<\/span><\/h5>\n<p>Perqu\u00e8 com ell mateix es pregunta. Qui decideix el que \u00e9s femen\u00ed i mascul\u00ed? Per qu\u00e8 consentim que hi hagi actituds impr\u00f2pies de nenes o de nens?<\/p>\n<p>El nostre Luca es va atrevir a q\u00fcestionar les normes que uns altres i unes altres van construir per a ell i es va enfrontar al m\u00f3n, el seu m\u00f3n, el nostre m\u00f3n. Volem explicar la seva hist\u00f2ria perqu\u00e8 tots i totes som Luca cada dia, i si triem l\u2019opci\u00f3 valenta potser dem\u00e0 coneixerem a un Paco que vagi amb falda al col\u2022legi i ning\u00fa riur\u00e0 d\u2019ell. I Paco no ser\u00e0 ni m\u00e9s ni menys Paco.<\/p>\n<h5><span style=\"color: #2eb184;\">Mai \u00e9s ni massa aviat ni massa tard per lluitar contra les coses absurdes de la vida.<\/span><\/h5>\n[\/spb_text_block] [blank_spacer height=&#8221;30px&#8221; width=&#8221;1\/1&#8243; el_position=&#8221;first last&#8221;] [spb_column col_bg_color=&#8221;#ffffff&#8221; col_bg_type=&#8221;cover&#8221; col_parallax_image_movement=&#8221;fixed&#8221; col_parallax_image_speed=&#8221;0.5&#8243; col_padding=&#8221;0&#8243; width=&#8221;1\/4&#8243; el_position=&#8221;first&#8221;] [\/spb_column] [spb_column col_bg_color=&#8221;#eacc2d&#8221; col_bg_type=&#8221;cover&#8221; col_parallax_image_movement=&#8221;fixed&#8221; col_parallax_image_speed=&#8221;0.5&#8243; col_padding=&#8221;0&#8243; width=&#8221;1\/2&#8243;] [spb_single_image image=&#8221;13065&#8243; image_size=&#8221;large&#8221; frame=&#8221;borderframe&#8221; lightbox=&#8221;no&#8221; link_target=&#8221;_self&#8221; fullwidth=&#8221;no&#8221; width=&#8221;1\/1&#8243; el_position=&#8221;first last&#8221;][\/spb_single_image] [spb_text_block pb_margin_bottom=&#8221;no&#8221; pb_border_bottom=&#8221;no&#8221; el_class=&#8221;marco-inicio&#8221; width=&#8221;1\/1&#8243; el_position=&#8221;first last&#8221;]\n<p><span style=\"color: #333300;\">La Perruca de Luca, es un conte per a gent valenta i un projecte de coeducaci\u00f3 que t\u00e9 com a objectiu eliminar els estereotips i prejudicis adscrits al sexe.<br \/>\nEl projecte ha viatjat ja a multitud de centres educatius des de 2012 tenint un gran acolliment tant entre l&#8217;alumnat com amb el professorat.<\/span><br \/>\n&nbsp;<br \/>\n<a class=\"sf-button medium accent standard \" href=\"https:\/\/lalalaeditorial.com\/wp-content\/uploads\/2025\/02\/LA-PERRUCA-DE-LUCA_Dossier-col-legi-LALALA-Editorial_02-25.pdf\" target=\"_blank\"><span>Descarregar DOSSIER ESCOLAR<\/span><\/a>\n[\/spb_text_block] [\/spb_column] [spb_column col_bg_color=&#8221;#ffffff&#8221; col_bg_type=&#8221;cover&#8221; col_parallax_image_movement=&#8221;fixed&#8221; col_parallax_image_speed=&#8221;0.5&#8243; col_padding=&#8221;0&#8243; width=&#8221;1\/4&#8243; el_position=&#8221;last&#8221;] [\/spb_column] [blank_spacer height=&#8221;30px&#8221; width=&#8221;1\/1&#8243; el_position=&#8221;first last&#8221;] [spb_column col_bg_color=&#8221;#ffffff&#8221; col_bg_type=&#8221;cover&#8221; col_parallax_image_movement=&#8221;fixed&#8221; col_parallax_image_speed=&#8221;0.5&#8243; col_padding=&#8221;0&#8243; width=&#8221;1\/4&#8243; el_position=&#8221;first&#8221;] [\/spb_column] [spb_column col_bg_color=&#8221;#72a0a2&#8243; col_bg_type=&#8221;cover&#8221; col_parallax_image_movement=&#8221;stellar&#8221; col_parallax_image_speed=&#8221;0.5&#8243; col_padding=&#8221;0&#8243; width=&#8221;1\/2&#8243;] [spb_video link=&#8221;https:\/\/vimeo.com\/55523227&#8243; size=&#8221;1920&#215;1080&#8243; full_width=&#8221;yes&#8221; width=&#8221;1\/1&#8243; el_position=&#8221;first last&#8221;] [\/spb_column] [spb_column col_bg_color=&#8221;#ffffff&#8221; col_bg_type=&#8221;cover&#8221; col_parallax_image_movement=&#8221;fixed&#8221; col_parallax_image_speed=&#8221;0.5&#8243; col_padding=&#8221;0&#8243; width=&#8221;1\/4&#8243; el_position=&#8221;last&#8221;] [\/spb_column] [blank_spacer height=&#8221;60px&#8221; width=&#8221;1\/1&#8243; el_position=&#8221;first last&#8221;] [spb_text_block pb_margin_bottom=&#8221;no&#8221; pb_border_bottom=&#8221;no&#8221; el_class=&#8221;subrayadomedio&#8221; width=&#8221;1\/1&#8243; el_position=&#8221;first last&#8221;]\n<h4>EL CONTE I ACTIVITATS \u2013 Projecte coeducatiu<\/h4>\n[\/spb_text_block] [spb_single_image image=&#8221;12997&#8243; image_size=&#8221;large&#8221; frame=&#8221;borderframe&#8221; lightbox=&#8221;no&#8221; image_link=&#8221;https:\/\/lalalaeditorial.com\/ca\/la-perruca-de-luca\/el-cuento\/&#8221; link_target=&#8221;_blank&#8221; fullwidth=&#8221;no&#8221; width=&#8221;1\/3&#8243; el_position=&#8221;first&#8221;][\/spb_single_image] [spb_single_image image=&#8221;13048&#8243; image_size=&#8221;large&#8221; frame=&#8221;borderframe&#8221; lightbox=&#8221;no&#8221; image_link=&#8221;https:\/\/lalalaeditorial.com\/ca\/la-perruca-de-luca\/actividades-complementarias\/&#8221; link_target=&#8221;_self&#8221; fullwidth=&#8221;no&#8221; width=&#8221;1\/3&#8243;][\/spb_single_image] [spb_single_image image=&#8221;13051&#8243; image_size=&#8221;large&#8221; frame=&#8221;borderframe&#8221; lightbox=&#8221;no&#8221; image_link=&#8221;https:\/\/lalalaeditorial.com\/ca\/la-perruca-de-luca\/actividades-complementarias\/&#8221; link_target=&#8221;_self&#8221; fullwidth=&#8221;no&#8221; width=&#8221;1\/3&#8243; el_position=&#8221;last&#8221;][\/spb_single_image] [spb_text_block pb_margin_bottom=&#8221;no&#8221; pb_border_bottom=&#8221;no&#8221; width=&#8221;1\/3&#8243; el_position=&#8221;first&#8221;]\n<p><span style=\"color: #2eb184;\"><strong>EL CONTE<\/strong><\/span><br \/>\n<span style=\"color: #000;\"><strong>LA PERRUCA DE LUCA<\/strong><\/span><\/p>\n<p>Llegir-ho, parlar-ho i cantar-ho<br \/>\nFomentar l&#8217;ensomni<br \/>\nAfavorir l&#8217;expressi\u00f3 de les emocions<\/p>\n[\/spb_text_block] [spb_text_block pb_margin_bottom=&#8221;no&#8221; pb_border_bottom=&#8221;no&#8221; width=&#8221;1\/3&#8243;]\n<p><span style=\"color: #2eb184;\"><strong>CONTA CONTES<\/strong><\/span><br \/>\n<span style=\"color: #000;\"><strong>LA PERRUCA DE LUCA<\/strong><\/span><\/p>\n<p>Despertar el plaer per la lectura.<br \/>\nAfavorir l&#8217;escolta i la concentraci\u00f3.<br \/>\nEnsenyar a expressar-se oral i corporalment.<\/p>\n[\/spb_text_block] [spb_text_block pb_margin_bottom=&#8221;no&#8221; pb_border_bottom=&#8221;no&#8221; width=&#8221;1\/3&#8243; el_position=&#8221;last&#8221;]\n<p><span style=\"color: #2eb184;\"><strong>FORMACI\u00d3 AL PROFESSORAT<\/strong><\/span><br \/>\n<span style=\"color: #000;\"><strong>LA PERRUCA DE LUCA<\/strong><\/span><\/p>\n<p>Promoure la incorporaci\u00f3 de la coeducaci\u00f3 a les aules.<br \/>\nCompartir experi\u00e8ncies d&#8217;altres centres educatius amb la inclusi\u00f3 de la perruca de Lucca<br \/>\nFormar al professorat sobre la construcci\u00f3 social de g\u00e8nere.<\/p>\n[\/spb_text_block] [blank_spacer height=&#8221;60px&#8221; width=&#8221;1\/1&#8243; el_position=&#8221;first last&#8221;] [spb_text_block pb_margin_bottom=&#8221;no&#8221; pb_border_bottom=&#8221;no&#8221; el_class=&#8221;subrayadomedio&#8221; width=&#8221;1\/1&#8243; el_position=&#8221;first last&#8221;]\n<h4>PACK ESCOLAR &#8211; Projecte coeducatiu<\/h4>\n[\/spb_text_block] [spb_single_image image=&#8221;14212&#8243; image_size=&#8221;large&#8221; frame=&#8221;borderframe&#8221; lightbox=&#8221;no&#8221; image_link=&#8221;https:\/\/lalalaeditorial.com\/ca\/la-perruca-de-luca\/guia-didactica\/&#8221; link_target=&#8221;_self&#8221; fullwidth=&#8221;no&#8221; width=&#8221;3\/4&#8243; el_position=&#8221;first&#8221;][\/spb_single_image] [spb_text_block pb_margin_bottom=&#8221;no&#8221; pb_border_bottom=&#8221;no&#8221; width=&#8221;1\/4&#8243; el_position=&#8221;last&#8221;]\n<p><span style=\"color: #2eb184;\"><strong> LA PERRUCA DE LUCA<\/strong><\/span><\/p>\n<p>Emocionades per la vostra confian\u00e7a, depositada en Lalala, editorial durant m\u00e9s de 10 anys. GR\u00c0CIES !!!<br \/>\n&nbsp;<\/p>\n<p>Dirigit a&nbsp;<strong>Segon Cicle d&#8217;Educaci\u00f3 Infantil i Primer Cicle de Prim\u00e0ria<\/strong>&nbsp;(3 a 8 anys)<br \/>\n&nbsp;<br \/>\nEl PACK ESCOLAR cont\u00e9:<\/p>\n<ul>\n<li>26 contes<\/li>\n<li>Borsa de comer\u00e7 just i ecol\u00f2gica<\/li>\n<li>Perruca, per a les activitats<\/li>\n<\/ul>\n<p>&nbsp;<br \/>\n<a class=\"sf-button large accent standard \" href=\"https:\/\/lalalaeditorial.com\/wp-content\/uploads\/2025\/02\/LA-PERRUCA-DE-LUCA_Dossier-col-legi-LALALA-Editorial_02-25.pdf\" target=\"_blank\"><span>Descarregar DOSSIER ESCOLAR<\/span><\/a>\n[\/spb_text_block] [blank_spacer height=&#8221;30px&#8221; width=&#8221;1\/1&#8243; el_position=&#8221;first last&#8221;] [spb_text_block pb_margin_bottom=&#8221;no&#8221; pb_border_bottom=&#8221;no&#8221; el_class=&#8221;colorverde&#8221; width=&#8221;1\/1&#8243; el_position=&#8221;first last&#8221;]\n<div class=\"one\">\n<p><a class=\"sf-button large black standard \" style=\"padding-right: 0!important; width: 100%;\" href=\"https:\/\/lalalaeditorial.com\/ca\/download\/la-perruca-de-luca-guia-didactica\/\" target=\"_blank\" rel=\"noopener\">GUIA DID\u00c0CTICA<\/a><\/p>\n<\/div>\n[\/spb_text_block] [spb_text_block pb_margin_bottom=&#8221;no&#8221; pb_border_bottom=&#8221;no&#8221; el_class=&#8221;titolfons&#8221; width=&#8221;1\/1&#8243; el_position=&#8221;first last&#8221;]\n<h2>AV\u00cdS!<\/h2>\n<h5>ELS ENVIAMENTS ES REALITZARAN UN DIA A lA SETMANA<\/h5>\n[\/spb_text_block] [spb_products title=&#8221;Tienda online&#8221; asset_type=&#8221;best-sellers&#8221; columns=&#8221;4&#8243; carousel=&#8221;yes&#8221; product_size=&#8221;standard&#8221; item_count=&#8221;8&#8243; width=&#8221;1\/1&#8243; el_position=&#8221;first last&#8221;] [blank_spacer height=&#8221;60px&#8221; width=&#8221;1\/1&#8243; el_position=&#8221;first last&#8221;] [blank_spacer height=&#8221;60px&#8221; width=&#8221;1\/1&#8243; el_position=&#8221;first last&#8221;]\n","protected":false},"excerpt":{"rendered":"<p>[blank_spacer height=&#8221;30px&#8221; width=&#8221;1\/1&#8243; el_position=&#8221;first last&#8221;] [spb_text_block pb_margin_bottom=&#8221;no&#8221; pb_border_bottom=&#8221;no&#8221; el_class=&#8221;marco-azul&#8221; width=&#8221;1\/1&#8243; el_position=&#8221;first last&#8221;] QUI \u00c9S LUCA? Luca \u00e9s un tipus especial, amb nom\u00e9s 4 anys es va enfrontar a super herois i princeses per defensar la seva perruca blava. Aquest petit gest ja es mereix un conte. Perqu\u00e8 com ell mateix es pregunta. Qui decideix el que \u00e9s femen\u00ed i mascul\u00ed? [&hellip;]<\/p>\n","protected":false},"author":1,"featured_media":0,"parent":0,"menu_order":0,"comment_status":"closed","ping_status":"closed","template":"","meta":{"ngg_post_thumbnail":0,"footnotes":""},"class_list":["post-13201","page","type-page","status-publish","hentry"],"_links":{"self":[{"href":"https:\/\/lalalaeditorial.com\/ca\/wp-json\/wp\/v2\/pages\/13201"}],"collection":[{"href":"https:\/\/lalalaeditorial.com\/ca\/wp-json\/wp\/v2\/pages"}],"about":[{"href":"https:\/\/lalalaeditorial.com\/ca\/wp-json\/wp\/v2\/types\/page"}],"author":[{"embeddable":true,"href":"https:\/\/lalalaeditorial.com\/ca\/wp-json\/wp\/v2\/users\/1"}],"replies":[{"embeddable":true,"href":"https:\/\/lalalaeditorial.com\/ca\/wp-json\/wp\/v2\/comments?post=13201"}],"version-history":[{"count":5,"href":"https:\/\/lalalaeditorial.com\/ca\/wp-json\/wp\/v2\/pages\/13201\/revisions"}],"predecessor-version":[{"id":14280,"href":"https:\/\/lalalaeditorial.com\/ca\/wp-json\/wp\/v2\/pages\/13201\/revisions\/14280"}],"wp:attachment":[{"href":"https:\/\/lalalaeditorial.com\/ca\/wp-json\/wp\/v2\/media?parent=13201"}],"curies":[{"name":"wp","href":"https:\/\/api.w.org\/{rel}","templated":true}]}}