{"id":12763,"date":"2018-06-21T09:45:12","date_gmt":"2018-06-21T07:45:12","guid":{"rendered":"https:\/\/lalalaeditorial.com\/lalala-editorial\/"},"modified":"2023-04-04T15:40:30","modified_gmt":"2023-04-04T13:40:30","slug":"lalala-editorial","status":"publish","type":"page","link":"https:\/\/lalalaeditorial.com\/ca\/lalala-editorial\/","title":{"rendered":"Lalala Editorial"},"content":{"rendered":"[spb_single_image image=&#8221;12383&#8243; image_size=&#8221;full&#8221; frame=&#8221;noframe&#8221; lightbox=&#8221;yes&#8221; link_target=&#8221;_self&#8221; fullwidth=&#8221;no&#8221; width=&#8221;1\/2&#8243; el_position=&#8221;first&#8221;][\/spb_single_image] [spb_text_block pb_margin_bottom=&#8221;no&#8221; pb_border_bottom=&#8221;no&#8221; width=&#8221;1\/2&#8243; el_position=&#8221;last&#8221;]\n<p><span style=\"color: #000000;\"><strong>Lalala Editorial. Projectes de coeducaci\u00f3<br \/>\n<\/strong><\/span><br \/>\nLalala no \u00e9s un homenatge a Masiel, \u00e9s una editorial on creem i dissenyem contes, jocs i materials feministes que ens recorden que totes tenim dret a ser, sentir i voler com vulguem.<\/p>\n<p>Venim d&#8217;un viatge impressionant on hem conegut a molt\u00edssims nens i nenes que ens han ensenyat que els l\u00edmits de com ser i sentir els posem les persones adultes\u2026<\/p>\n<p>Comencem amb La Perruca de Luca i ara volem continuar viatjant amb Tutty, el nostre joc de cartes de fam\u00edlies diverses&#8230;.. el seg\u00fcent no sabem quin ser\u00e0, el que si sabem \u00e9s que ens far\u00e0 igual o m\u00e9s feli\u00e7os.<\/p>\n<p>I \u00e9s que despr\u00e9s d&#8217;escriure un llibre, en comptes de plantar un arbre.., ens hem tirat al joc i hem apostat per la diversi\u00f3 com a millor espai d&#8217;aprenentatge.<\/p>\n<p>Som la gent de <span style=\"color: #2eb184;\"><a style=\"color: #2eb184;\" href=\"http:\/\/www.lanaturadora.com\/\" target=\"_blank\" rel=\"noopener noreferrer\">La Naturadora<\/a><\/span> i de&nbsp;<span style=\"color: #2eb184;\"><a style=\"color: #2eb184;\" href=\"https:\/\/eltakataka.com\/ca\" target=\"_blank\" rel=\"noopener noreferrer\">Eltakataka<\/a><\/span> i, encara que no sabem si estem soles en la gal\u00e0xia, s\u00ed que us podem dir que en tots dos projectes estem molt ben acompanyades per <span style=\"color: #2eb184;\"><a style=\"color: #2eb184;\" href=\"http:\/\/www.educarenigualdad.org\/laboramorio\" target=\"_blank\" rel=\"noopener noreferrer\">Juan Lillo Sim\u00f3n<\/a><\/span> i&nbsp;<span style=\"color: #2eb184;\"><a style=\"color: #2eb184;\" href=\"https:\/\/www.behance.net\/ameliacelaya\" target=\"_blank\" rel=\"noopener noreferrer\">Amelia Celaya<\/a><\/span> en Tutty i per <span style=\"color: #2eb184;\"><a style=\"color: #2eb184;\" href=\"http:\/\/www.vicentpoquet.com\/\" target=\"_blank\" rel=\"noopener noreferrer\">Vicent Poquet<\/a><\/span> en La Perruca de Luca.<\/p>\n[\/spb_text_block] [spb_text_block title=&#8221;Lalala Editorial, som..&#8221; pb_margin_bottom=&#8221;no&#8221; pb_border_bottom=&#8221;no&#8221; width=&#8221;1\/1&#8243; el_position=&#8221;first last&#8221;][\/spb_text_block] [team item_count=&#8221;3&#8243; category=&#8221;lalala-editorial&#8221; social_icon_type=&#8221;dark&#8221; profile_link=&#8221;yes&#8221; pagination=&#8221;no&#8221; el_class=&#8221;listado50&#8243; width=&#8221;1\/1&#8243; el_position=&#8221;first last&#8221;] [spb_text_block title=&#8221;Per a crear La Perruca de Luca i Tutty ens han acompanyat &#8230;&#8221; pb_margin_bottom=&#8221;no&#8221; pb_border_bottom=&#8221;no&#8221; width=&#8221;1\/1&#8243; el_position=&#8221;first last&#8221;][\/spb_text_block] [team item_count=&#8221;3&#8243; category=&#8221;colaboradores&#8221; social_icon_type=&#8221;dark&#8221; profile_link=&#8221;yes&#8221; pagination=&#8221;no&#8221; width=&#8221;1\/1&#8243; el_position=&#8221;first last&#8221;]\n","protected":false},"excerpt":{"rendered":"<p>[spb_single_image image=&#8221;12383&#8243; image_size=&#8221;full&#8221; frame=&#8221;noframe&#8221; lightbox=&#8221;yes&#8221; link_target=&#8221;_self&#8221; fullwidth=&#8221;no&#8221; width=&#8221;1\/2&#8243; el_position=&#8221;first&#8221;][\/spb_single_image] [spb_text_block pb_margin_bottom=&#8221;no&#8221; pb_border_bottom=&#8221;no&#8221; width=&#8221;1\/2&#8243; el_position=&#8221;last&#8221;] Lalala Editorial. Projectes de coeducaci\u00f3 Lalala no \u00e9s un homenatge a Masiel, \u00e9s una editorial on creem i dissenyem contes, jocs i materials feministes que ens recorden que totes tenim dret a ser, sentir i voler com vulguem. Venim d&#8217;un viatge impressionant on hem conegut a [&hellip;]<\/p>\n","protected":false},"author":1,"featured_media":0,"parent":0,"menu_order":0,"comment_status":"closed","ping_status":"closed","template":"","meta":{"ngg_post_thumbnail":0,"footnotes":""},"class_list":["post-12763","page","type-page","status-publish","hentry"],"_links":{"self":[{"href":"https:\/\/lalalaeditorial.com\/ca\/wp-json\/wp\/v2\/pages\/12763"}],"collection":[{"href":"https:\/\/lalalaeditorial.com\/ca\/wp-json\/wp\/v2\/pages"}],"about":[{"href":"https:\/\/lalalaeditorial.com\/ca\/wp-json\/wp\/v2\/types\/page"}],"author":[{"embeddable":true,"href":"https:\/\/lalalaeditorial.com\/ca\/wp-json\/wp\/v2\/users\/1"}],"replies":[{"embeddable":true,"href":"https:\/\/lalalaeditorial.com\/ca\/wp-json\/wp\/v2\/comments?post=12763"}],"version-history":[{"count":0,"href":"https:\/\/lalalaeditorial.com\/ca\/wp-json\/wp\/v2\/pages\/12763\/revisions"}],"wp:attachment":[{"href":"https:\/\/lalalaeditorial.com\/ca\/wp-json\/wp\/v2\/media?parent=12763"}],"curies":[{"name":"wp","href":"https:\/\/api.w.org\/{rel}","templated":true}]}}