{"id":12128,"date":"2018-02-28T11:49:39","date_gmt":"2018-02-28T10:49:39","guid":{"rendered":"https:\/\/lalalaeditorial.com\/aviso-legal\/"},"modified":"2018-07-02T12:05:39","modified_gmt":"2018-07-02T10:05:39","slug":"avis-legal","status":"publish","type":"page","link":"https:\/\/lalalaeditorial.com\/ca\/avis-legal\/","title":{"rendered":"Avis legal"},"content":{"rendered":"<p>L&#8217;acc\u00e9s al lloc web <a href=\"https:\/\/www.lalalaeditorial.com\">https:\/\/www.lalalaeditorial.com<\/a> atribueix la condici\u00f3 d&#8217;usuari i implica l&#8217;acceptaci\u00f3 plena i sense reserves per part de l&#8217;usuari, de totes i cadascuna de les condicions contingudes en aquest Av\u00eds Legal.<br \/>\nEl contingut del present Av\u00eds Legal pot sofrir modificacions pel que la seva acceptaci\u00f3 per part de l&#8217;usuari ser\u00e0 respecte de l&#8217;Av\u00eds Legal publicat per La Perruca de Luca en el moment en qu\u00e8 l&#8217;usuari accedeixi al lloc Web. Per tant, cada vegada que l&#8217;usuari accedeixi al lloc web, haur\u00e0 de llegir atentament el present Av\u00eds Legal.<br \/>\nAix\u00ed mateix, l&#8217;acc\u00e9s al lloc web <a href=\"https:\/\/www.lalalaeditorial.com\">https:\/\/www.lalalaeditorial.com<\/a> es troba sotm\u00e8s a tots els avisos, condicions d&#8217;\u00fas i instruccions, posats en coneixement de l&#8217;usuari per La Perruca de Luca que substitueixin, completin i \/ o modifiquin el present Av\u00eds Legal.<\/p>\n<p><strong>Condicions d&#8217;\u00fas del lloc web<\/strong><\/p>\n<p>L&#8217;usuari es compromet a fer \u00fas dels serveis, productes i utilitats que ofereix La Perruca de Luca a trav\u00e9s del lloc web https:\/\/www.lalalaeditorial.com de conformitat amb la llei, aquest Av\u00eds Legal i altres avisos i instruccions posats en el seu coneixement, aix\u00ed com amb la moral i els bons costums generalment acceptats i l&#8217;ordre p\u00fablic.<br \/>\nAmb car\u00e0cter general, l&#8217;acc\u00e9s a la informaci\u00f3 i utilitats del lloc web no exigeix ??una pr\u00e8via subscripci\u00f3 o registre d&#8217;usuari. A aquests efectes, l&#8217;usuari garanteix l&#8217;autenticitat i veracitat de totes aquelles dades personals que comuniqui en emplenar qualsevol formulari de subscripci\u00f3, registre o sol\u00b7licitud d&#8217;informaci\u00f3. L&#8217;usuari es compromet i responsabilitza de mantenir tota la informaci\u00f3 facilitada de forma que respongui, en cada moment, a la seva situaci\u00f3 actual. El tractament de les dades de car\u00e0cter personal subministrades per l&#8217;usuari es realitzar\u00e0 per La Perruca de Luca amb subjecci\u00f3 a la <a href=\"https:\/\/lalalaeditorial.com\/ca\/privacy\/\">Pol\u00edtica de Privacitat<\/a> continguda en aquest lloc web.<\/p>\n<p><strong>Drets de propietat intel\u00b7lectual i industrial<\/strong><\/p>\n<p>Totes les marques, noms comercials, signes distintius, serveis, continguts i informacions de qualsevol classe que apareixen en aquest lloc web s\u00f3n propietat de La Perruca de Luca, pel que no podran ser reprodu\u00efts, distribu\u00efts, comunicats p\u00fablicament, transformats o modificats sense la autoritzaci\u00f3 expressa de Perruca de Luca. Per continguts d&#8217;aquest lloc web entenem, sense que aquesta enumeraci\u00f3 tingui car\u00e0cter limitatiu, els textos, fotografies, gr\u00e0fics, imatges, programari, links i altres continguts audiovisuals o sonors, aix\u00ed com el seu disseny gr\u00e0fic i codis font.<br \/>\nL&#8217;usuari s&#8217;abstindr\u00e0 d&#8217;obtenir els continguts utilitzant mitjans o procediments diferents dels que, segons els casos, s&#8217;han posat a la seva disposici\u00f3 o, en general, dels que s&#8217;utilitzin habitualment a Internet sempre que, aquests \u00faltims, no comportin un risc o dany o inutilitzaci\u00f3 del lloc web i \/ o els seus continguts.<br \/>\nLes possibles refer\u00e8ncies que es facin en el lloc web de la Perruca de Luca a qualsevol producte, servei, proc\u00e9s, enlla\u00e7, hipertext o qualsevol altra informaci\u00f3 utilitzant la marca, el nom comercial o el fabricant o subministrador, etc., que siguin de titularitat de tercers no constitueix o implica recolzament, patrocini o recomanaci\u00f3 per part de La Perruca de Luca.<\/p>\n<p><strong>Exclusi\u00f3 de responsabilitats i garanties<\/strong><\/p>\n<p>&nbsp;<\/p>\n<p>&nbsp;<\/p>\n<p>a- Continguts:<br \/>\nLes dades, textos, informacions, imatges o sons publicats al lloc web https:\/\/www.lalalaeditorial.com s\u00f3n mostrats amb efectes merament informatius per a totes aquelles persones interessades en els mateixos, sense que el seu acc\u00e9s generi relaci\u00f3 comercial, contractual o professional entre els usuaris de la Perruca de Luca. En cas de discrep\u00e0ncia entre la informaci\u00f3 continguda en el lloc web i la continguda en paper, prevaldr\u00e0 aquesta \u00faltima. S&#8217;adverteix a l&#8217;usuari que abans d&#8217;emprendre qualsevol acci\u00f3 derivada del contingut del lloc web, procedeixi ha verificar la informaci\u00f3 obtinguda posant-se en contacte amb el Departament d&#8217;Atenci\u00f3 al Client a l&#8217;adre\u00e7a de correu electr\u00f2nic https:\/\/www.lalalaeditorial.com.<\/p>\n<p>b- Disponibilitat i continu\u00eftat:<br \/>\nLa Perruca de Lucaexcluye, amb tota l&#8217;extensi\u00f3 que permet el nostre ordenament jur\u00eddic, qualsevol responsabilitat pels danys i perjudicis de tota naturalesa causats per la falta de disponibilitat o de continu\u00eftat de l&#8217;acc\u00e9s al lloc web i els seus serveis. L&#8217;acc\u00e9s a la informaci\u00f3 i serveis que presta aquest lloc web t\u00e9, en principi, una durada indefinida. No obstant aix\u00f2, La Perruca de Luca podr\u00e0 donar per acabada o suspendre l&#8217;acc\u00e9s al seu lloc web en qualsevol moment.<\/p>\n<p>c Virus i codis maliciosos:<br \/>\nLa Perruca de Luca exclou, amb tota l&#8217;extensi\u00f3 que permet el nostre ordenament jur\u00eddic, qualsevol responsabilitat pels danys i perjudicis de tota naturalesa que puguin deure a la pres\u00e8ncia de virus o altres codis maliciosos en els continguts que puguin produir qualsevol tipus de danys en el sistema inform\u00e0tic, documents electr\u00f2nics o fitxers dels usuaris.<\/p>\n<p>d- Linking:<br \/>\nLa Perruca de Luca exclou, amb tota l&#8217;extensi\u00f3 que permet el nostre ordenament jur\u00eddic, qualsevol responsabilitat pels danys i perjudicis de tota naturalesa causats als usuaris per l&#8217;\u00fas de dispositius t\u00e8cnics d&#8217;enlla\u00e7os (links), directoris i eines de recerca, que permeten als usuaris accedir a llocs web pertanyents i \/ o gestionats per tercers.<\/p>\n<p>e- \u00das il\u00b7l\u00edcit:<br \/>\nLa Perruca de Luca no es fa responsable de l&#8217;incompliment de qualsevol norma aplicable en qu\u00e8 pugui inc\u00f3rrer l&#8217;usuari en el seu acc\u00e9s al lloc web i \/ o utilitzaci\u00f3 de les informacions contingudes en la mateixa. Tampoc es fa responsable de l&#8217;\u00fas il\u00b7leg\u00edtim que terceres persones puguin fer dels noms comercials, marques o altres signes distintius que, no sent propietat de La Perruca de Luca apareguin en el lloc web.<\/p>\n<p><strong>Protecci\u00f3 de dades de car\u00e0cter personall<\/strong><\/p>\n<p>Les dades personals subministrades per l&#8217;usuari mitjan\u00e7ant el formulari de registre, correu electr\u00f2nic o emplenament d&#8217;altres formularis habilitats seran tractades per La Perruca de Luca amb estricta subjecci\u00f3 a la seva Pol\u00edtica de Privacitat continguda en aquest lloc web.<\/p>\n<p><strong>Menors d&#8217;edat<\/strong><\/p>\n<p>L&#8217;\u00fas dels serveis disponibles en aquesta web per menors d&#8217;edat exigeix ??que aquests hagin obtingut pr\u00e8viament autoritzaci\u00f3 dels seus pares, tutors o representants legals, els quals tindran la consideraci\u00f3 de responsables legals per qualsevol dels actes realitzats pels menors al seu c\u00e0rrec.<br \/>\nEls representants legals de les persones menors d&#8217;edat tenen plena responsabilitat en l&#8217;acc\u00e9s a continguts i serveis d&#8217;Internet per aquests menors. A l&#8217;existir a Internet informacions i utilitats que poden no ser apropiades per als menors s&#8217;informa a les persones responsables dels mateixos de l&#8217;exist\u00e8ncia de programes inform\u00e0tics i eines de bloqueig i filtre en l&#8217;acc\u00e9s a continguts o llocs web no apropiats per als menors.<\/p>\n<p><strong>Notificacions<\/strong><\/p>\n<p>Totes les notificacions o comunicacions realitzades pels usuaris a La Perruca de Luca es consideraran efica\u00e7os, a tots els efectes, quan es dirigeixin al Servei d&#8217;Atenci\u00f3 al Client per alguna de les seg\u00fcents formes: Mitjan\u00e7ant enviament postal a la seg\u00fcent adre\u00e7a: carrer Marqu\u00e9s de Campo, 42-pis 4A-7, 03700 D\u00e9nia (Alacant). Mitjan\u00e7ant trucada telef\u00f2nica al n\u00famero 605941798 que l&#8217;usuari hagi posat pr\u00e8viament en coneixement d&#8217;aquesta empresa. Mitjan\u00e7ant enviament de correu electr\u00f2nic a l&#8217;adre\u00e7a: hola@lalalaeditorial.com<br \/>\nDe la mateixa manera, totes les notificacions que realitzi La Perruca de Luca a l&#8217;usuari es consideraran efica\u00e7os, a tots els efectes, quan es realitzin per alguna de les seg\u00fcents formes: Mitjan\u00e7ant enviament postal a l&#8217;adre\u00e7a que l&#8217;usuari hagi pr\u00e8viament posat en coneixement d&#8217;aquesta empresa. Mitjan\u00e7ant trucada telef\u00f2nica o fax al n\u00famero que l&#8217;usuari hagi posat pr\u00e8viament en coneixement d&#8217;aquesta empresa. Mitjan\u00e7ant enviament de correu electr\u00f2nic a l&#8217;adre\u00e7a de correu electr\u00f2nic que l&#8217;usuari hagi posat pr\u00e8viament en coneixement d&#8217;aquesta empresa.<br \/>\nPer tant, perqu\u00e8 aquestes notificacions es puguin dur a efecte cal que l&#8217;usuari manifesti que totes les dades facilitades per ell s\u00f3n certes i actuals, se a notificar qualsevol modificaci\u00f3 de les mateixes.<\/p>\n<p><strong>Legislaci\u00f3 i jurisdicci\u00f3<\/strong><\/p>\n<p>La Legislaci\u00f3 aplicable al present Av\u00eds Legal ser\u00e0 la legislaci\u00f3 espanyola, i la jurisdicci\u00f3 competent per con\u00e8ixer de les demandes que aquest lloc web susciti ser\u00e0 la dels Jutjats i Tribunals de D\u00e9nia i \/ o Alacant, no estant adherit aquest lloc web a cap \u00f2rgan de resoluci\u00f3 extrajudicial de conflictes.<\/p>\n","protected":false},"excerpt":{"rendered":"<p>L&#8217;acc\u00e9s al lloc web https:\/\/www.lalalaeditorial.com atribueix la condici\u00f3 d&#8217;usuari i implica l&#8217;acceptaci\u00f3 plena i sense reserves per part de l&#8217;usuari, de totes i cadascuna de les condicions contingudes en aquest Av\u00eds Legal. El contingut del present Av\u00eds Legal pot sofrir modificacions pel que la seva acceptaci\u00f3 per part de l&#8217;usuari ser\u00e0 respecte de l&#8217;Av\u00eds Legal publicat per La Perruca de [&hellip;]<\/p>\n","protected":false},"author":1,"featured_media":0,"parent":0,"menu_order":0,"comment_status":"closed","ping_status":"closed","template":"","meta":{"ngg_post_thumbnail":0,"footnotes":""},"class_list":["post-12128","page","type-page","status-publish","hentry"],"_links":{"self":[{"href":"https:\/\/lalalaeditorial.com\/ca\/wp-json\/wp\/v2\/pages\/12128"}],"collection":[{"href":"https:\/\/lalalaeditorial.com\/ca\/wp-json\/wp\/v2\/pages"}],"about":[{"href":"https:\/\/lalalaeditorial.com\/ca\/wp-json\/wp\/v2\/types\/page"}],"author":[{"embeddable":true,"href":"https:\/\/lalalaeditorial.com\/ca\/wp-json\/wp\/v2\/users\/1"}],"replies":[{"embeddable":true,"href":"https:\/\/lalalaeditorial.com\/ca\/wp-json\/wp\/v2\/comments?post=12128"}],"version-history":[{"count":0,"href":"https:\/\/lalalaeditorial.com\/ca\/wp-json\/wp\/v2\/pages\/12128\/revisions"}],"wp:attachment":[{"href":"https:\/\/lalalaeditorial.com\/ca\/wp-json\/wp\/v2\/media?parent=12128"}],"curies":[{"name":"wp","href":"https:\/\/api.w.org\/{rel}","templated":true}]}}