{"id":11248,"date":"2013-11-22T09:19:07","date_gmt":"2013-11-22T08:19:07","guid":{"rendered":"https:\/\/lalalaeditorial.com\/tarifas-2\/"},"modified":"2025-02-19T11:42:26","modified_gmt":"2025-02-19T10:42:26","slug":"tarifas","status":"publish","type":"page","link":"https:\/\/lalalaeditorial.com\/ca\/la-perruca-de-luca-projecte-escolar\/tarifas\/","title":{"rendered":"Tarifes"},"content":{"rendered":"[blank_spacer height=&#8221;30px&#8221; width=&#8221;1\/1&#8243; el_position=&#8221;first last&#8221;] [spb_text_block pb_margin_bottom=&#8221;no&#8221; pb_border_bottom=&#8221;no&#8221; width=&#8221;1\/1&#8243; el_position=&#8221;first last&#8221;][\/spb_text_block] [spb_column width=&#8221;1\/3&#8243; el_position=&#8221;first&#8221;] [boxed_content title=&#8221;EL PACK ESCOLAR&#8221; type=&#8221;whitestroke&#8221; pb_margin_bottom=&#8221;no&#8221; width=&#8221;1\/1&#8243; el_position=&#8221;first last&#8221;]\n<table>\n<tbody>\n<tr>\n<td>Un pack<\/td>\n<td>&nbsp;&#8230;&#8230;&#8230;&#8230;&#8230;&#8230;.&nbsp;&nbsp; &nbsp;<\/td>\n<td align=\"right\">160 \u20ac pack<\/td>\n<\/tr>\n<tr>\n<td>Dos packs<\/td>\n<td>&nbsp;&#8230;&#8230;&#8230;&#8230;&#8230;&#8230;.&nbsp;&nbsp;<\/td>\n<td align=\"right\">150 \u20ac pack<\/td>\n<\/tr>\n<tr>\n<td>Entre tres i deu<\/td>\n<td>&nbsp;&#8230;&#8230;&#8230;&#8230;&#8230;&#8230;.&nbsp;&nbsp;<\/td>\n<td align=\"right\">140 \u20ac pack<\/td>\n<\/tr>\n<tr>\n<td>M\u00e9s de deu packs<\/td>\n<td>&nbsp;&#8230;&#8230;&#8230;&#8230;&#8230;&#8230;.&nbsp;&nbsp;<\/td>\n<td align=\"right\">130 \u20ac pack<\/td>\n<\/tr>\n<\/tbody>\n<\/table>\n<p>&nbsp;<br \/>\n4% d&#8217;IVA no incl\u00f2s. Consultar despeses d&#8217;enviament.<\/p>\n[\/boxed_content] [\/spb_column] [spb_column width=&#8221;1\/3&#8243;] [boxed_content title=&#8221;FORMACI\u00d3 AL PROFESSORAT&#8221; type=&#8221;whitestroke&#8221; pb_margin_bottom=&#8221;no&#8221; width=&#8221;1\/1&#8243; el_position=&#8221;first last&#8221;]\n<table>\n<tbody>\n<tr>\n<td>1 sessi\u00f3<\/td>\n<td>&nbsp;&#8230;&#8230;&#8230;&#8230;&#8230;&#8230;.&nbsp;&nbsp; &nbsp;<\/td>\n<td align=\"right\">210 \u20ac sessi\u00f3<\/td>\n<\/tr>\n<tr>\n<td>2 consecutives<\/td>\n<td>&nbsp;&#8230;&#8230;&#8230;&#8230;&#8230;&#8230;.&nbsp;&nbsp;<\/td>\n<td align=\"right\">175 \u20ac sessi\u00f3<\/td>\n<\/tr>\n<\/tbody>\n<\/table>\n<p>&nbsp;<\/p>\n<p>IVA no incl\u00f2s. Tarifes v\u00e0lides per a poblacions d&#8217;Alacant i Val\u00e8ncia. Tamb\u00e9 per a despla\u00e7aments no superiors a 100&nbsp;km. des de D\u00e9nia. Sol\u00b7licitar pressupost per a altres opcions.<\/p>\n[\/boxed_content] [\/spb_column] [spb_column width=&#8221;1\/3&#8243; el_position=&#8221;last&#8221;] [boxed_content title=&#8221;EL CONTA CONTES&#8221; type=&#8221;whitestroke&#8221; pb_margin_bottom=&#8221;no&#8221; width=&#8221;1\/1&#8243; el_position=&#8221;first last&#8221;]\n<table>\n<tbody>\n<tr>\n<td>1 sessi\u00f3<\/td>\n<td>&nbsp;&#8230;&#8230;&#8230;&#8230;&#8230;&#8230;.&nbsp;&nbsp;<\/td>\n<td align=\"right\">235 \u20ac sessi\u00f3<\/td>\n<\/tr>\n<tr>\n<td>2 consecutives<\/td>\n<td>&nbsp;&#8230;&#8230;&#8230;&#8230;&#8230;&#8230;.&nbsp;&nbsp;<\/td>\n<td align=\"right\">210 \u20ac sessi\u00f3<\/td>\n<\/tr>\n<\/tbody>\n<\/table>\n<p>&nbsp;<\/p>\n<p>IVA no incl\u00f2s. Tarifes v\u00e0lides per a poblacions d&#8217;Alacant i Val\u00e8ncia. Tamb\u00e9 per a despla\u00e7aments no superiors a 100 km. des de D\u00e9nia. Sol\u00b7licitar pressupost per a altres opcions.<\/p>\n[\/boxed_content] [\/spb_column] [blank_spacer height=&#8221;50px&#8221; width=&#8221;1\/1&#8243; el_position=&#8221;first last&#8221;] [spb_text_block pb_margin_bottom=&#8221;no&#8221; pb_border_bottom=&#8221;no&#8221; el_class=&#8221;colorverde&#8221; width=&#8221;1\/1&#8243; el_position=&#8221;first last&#8221;]\n<div class=\"one_half\"><a class=\"sf-button large black standard \" href=\"https:\/\/lalalaeditorial.com\/wp-content\/uploads\/2025\/02\/LA-PERRUCA-DE-LUCA_Dossier-col-legi-LALALA-Editorial_02-25.pdf\" target=\"_blank\"><span>Descarregar dossier<\/span><\/a><\/div><div class=\"one_half last\"><a class=\"sf-button large black standard \" href=\"mailto:hola@lalalaeditorial.com\" target=\"_self\"><span>Sol\u00b7licitar a trav\u00e9s d&#8217;email<\/span><\/a><\/div><div class=\"clearboth\"><\/div>&nbsp;<\/p>\n<p>&nbsp;<\/p>\n[\/spb_text_block]\n","protected":false},"excerpt":{"rendered":"<p>[blank_spacer height=&#8221;30px&#8221; width=&#8221;1\/1&#8243; el_position=&#8221;first last&#8221;] [spb_text_block pb_margin_bottom=&#8221;no&#8221; pb_border_bottom=&#8221;no&#8221; width=&#8221;1\/1&#8243; el_position=&#8221;first last&#8221;][\/spb_text_block] [spb_column width=&#8221;1\/3&#8243; el_position=&#8221;first&#8221;] [boxed_content title=&#8221;EL PACK ESCOLAR&#8221; type=&#8221;whitestroke&#8221; pb_margin_bottom=&#8221;no&#8221; width=&#8221;1\/1&#8243; el_position=&#8221;first last&#8221;] Un pack &nbsp;&#8230;&#8230;&#8230;&#8230;&#8230;&#8230;.&nbsp;&nbsp; &nbsp; 160 \u20ac pack Dos packs &nbsp;&#8230;&#8230;&#8230;&#8230;&#8230;&#8230;.&nbsp;&nbsp; 150 \u20ac pack Entre tres i deu &nbsp;&#8230;&#8230;&#8230;&#8230;&#8230;&#8230;.&nbsp;&nbsp; 140 \u20ac pack M\u00e9s de deu packs &nbsp;&#8230;&#8230;&#8230;&#8230;&#8230;&#8230;.&nbsp;&nbsp; 130 \u20ac pack &nbsp; 4% d&#8217;IVA no incl\u00f2s. Consultar despeses d&#8217;enviament. [&hellip;]<\/p>\n","protected":false},"author":1,"featured_media":0,"parent":13201,"menu_order":0,"comment_status":"closed","ping_status":"closed","template":"","meta":{"ngg_post_thumbnail":0,"footnotes":""},"class_list":["post-11248","page","type-page","status-publish","hentry"],"_links":{"self":[{"href":"https:\/\/lalalaeditorial.com\/ca\/wp-json\/wp\/v2\/pages\/11248"}],"collection":[{"href":"https:\/\/lalalaeditorial.com\/ca\/wp-json\/wp\/v2\/pages"}],"about":[{"href":"https:\/\/lalalaeditorial.com\/ca\/wp-json\/wp\/v2\/types\/page"}],"author":[{"embeddable":true,"href":"https:\/\/lalalaeditorial.com\/ca\/wp-json\/wp\/v2\/users\/1"}],"replies":[{"embeddable":true,"href":"https:\/\/lalalaeditorial.com\/ca\/wp-json\/wp\/v2\/comments?post=11248"}],"version-history":[{"count":2,"href":"https:\/\/lalalaeditorial.com\/ca\/wp-json\/wp\/v2\/pages\/11248\/revisions"}],"predecessor-version":[{"id":14289,"href":"https:\/\/lalalaeditorial.com\/ca\/wp-json\/wp\/v2\/pages\/11248\/revisions\/14289"}],"up":[{"embeddable":true,"href":"https:\/\/lalalaeditorial.com\/ca\/wp-json\/wp\/v2\/pages\/13201"}],"wp:attachment":[{"href":"https:\/\/lalalaeditorial.com\/ca\/wp-json\/wp\/v2\/media?parent=11248"}],"curies":[{"name":"wp","href":"https:\/\/api.w.org\/{rel}","templated":true}]}}