{"id":11232,"date":"2013-07-25T09:12:57","date_gmt":"2013-07-25T07:12:57","guid":{"rendered":"https:\/\/lalalaeditorial.com\/coles-2-2\/"},"modified":"2025-02-19T11:14:29","modified_gmt":"2025-02-19T10:14:29","slug":"coles-2","status":"publish","type":"page","link":"https:\/\/lalalaeditorial.com\/ca\/la-perruca-de-luca-projecte-escolar\/coles-2\/","title":{"rendered":"Projecte coeducatiu"},"content":{"rendered":"[blank_spacer height=&#8221;45px&#8221; width=&#8221;1\/1&#8243; el_position=&#8221;first last&#8221;] [spb_column width=&#8221;1\/2&#8243; el_position=&#8221;first&#8221;] [spb_text_block pb_margin_bottom=&#8221;no&#8221; pb_border_bottom=&#8221;no&#8221; el_class=&#8221;colorverde&#8221; width=&#8221;1\/1&#8243; el_position=&#8221;first last&#8221;]\n<p><em>La Perruca de Luca<\/em> \u00e9s un projecte coeducatiu que t\u00e9 com a principal objectiu <strong>trencar i eliminar els estereotips i prejudicis adscrits al sexe<\/strong>, amb la intenci\u00f3 d\u2019afavorir la possibilitat que cada nen i cada nena es desenvolupen lliurement.<\/p>\n<p>En el seu format per a centres escolars, el projecte es dirigeix a <strong>infantil i primer cicle de prim\u00e0ria<\/strong> (3 a 8 anys), i es compon d&#8217;un <b>pack<\/b> per treballar a l&#8217;aula.<\/p>\n<p><span style=\"color: #2eb184;\"><strong>PACK ESCOLAR<\/strong><\/span><br \/>\nEl pack cont\u00e9 26 exemplars en una edici\u00f3 senzilla del conte per a cada escolar i una perruca com a recurs d&#8217;animaci\u00f3 per a les din\u00e0miques. Es presenta en una borsa de cot\u00f3 amb la imatge del projecte.<br \/>\n&nbsp;<br \/>\n<span style=\"color: #2eb184;\"><strong>GUIA DID\u00c0CTICA<\/strong><\/span><br \/>\nMaterial amb propostes d&#8217;activitats per a treballar en l&#8217;aula junt amb el pack escolar.<\/p>\n<p style=\"text-align: justify;\">La guia contempla dos nivells, un adequat per a infantil i un altre per a primer cicle de prim\u00e0ria. Proposa una bateria d&#8217;activitats i din\u00e0miques per treballar a l&#8217;aula. Els objectius espec\u00edfics de treball s\u00f3n:<\/p>\n<p><strong>OBJECTIUS<\/strong><\/p>\n<ul class=\"milista\">\n<li style=\"text-align: justify;\">Con\u00e8ixer, acceptar i cuidar el propi cos sexuat.<\/li>\n<li style=\"text-align: justify;\">Donar sentit i un significat propi i singular al cos sexuat.<\/li>\n<li style=\"text-align: justify;\">Desenvolupar l&#8217;afectivitat, l&#8217;expressi\u00f3 dels sentiments propis i l&#8217;oposici\u00f3 a la viol\u00e8ncia.<\/li>\n<li style=\"text-align: justify;\">Eliminar estereotips i prejudicis de g\u00e8nere.<\/li>\n<li style=\"text-align: justify;\">Practicar el di\u00e0leg com a mitj\u00e0 de resoluci\u00f3 de conflictes.<\/li>\n<li style=\"text-align: justify;\">Afavorir el rebuig a les accions i relacions basades en la discriminaci\u00f3 per ra\u00f3 de sexe.<\/li>\n<li style=\"text-align: justify;\">Construir missatges lliures d&#8217;estereotips i normes de g\u00e8nere.<\/li>\n<li style=\"text-align: justify;\">Construir relacions d&#8217;igualtat real entre nens i nenes.<\/li>\n<\/ul>\n<p><span style=\"color: #2eb184;\"><strong>ACTIVITATS COMPLEMENT\u00c0RIES<\/strong><\/span><br \/>\n<a href=\"https:\/\/lalalaeditorial.com\/ca\/la-perruca-de-luca\/actividades-complementarias\/\" target=\"_blank\" rel=\"noopener\">EL CONTA CONTES<\/a><br \/>\n<a href=\"https:\/\/lalalaeditorial.com\/ca\/la-perruca-de-luca\/actividades-complementarias\/\" target=\"_blank\" rel=\"noopener\">FORMACI\u00d3 AL PROFESSORAT<\/a><br \/>\n&nbsp;<\/p>\n<p><strong>El projecte ha viatjat ja a multitud de centres educatius des de 2012 tenint un gran acolliment tant entre l&#8217;alumnat com amb el professorat.<\/strong>Al voltant de 20.000 escolars han treballat en el PACK ESCOLAR<\/p>\n<p>&nbsp;<br \/>\n<div class=\"one_half\"><a class=\"sf-button large black standard \" href=\"https:\/\/lalalaeditorial.com\/wp-content\/uploads\/2025\/02\/LA-PERRUCA-DE-LUCA_Dossier-col-legi-LALALA-Editorial_02-25.pdf\" target=\"_blank\"><span>Descarregar dossier<\/span><\/a><\/div><div class=\"one_half last\"><a class=\"sf-button large black standard \" href=\"mailto:hola@lalalaeditorial.com\" target=\"_self\"><span>Saber m\u00e9s<\/span><\/a><\/div><div class=\"clearboth\"><\/div>&nbsp;<\/p>\n[\/spb_text_block] [\/spb_column] [spb_column width=&#8221;1\/2&#8243; el_position=&#8221;last&#8221;] [spb_revslider revslider_shortcode=&#8221;coles 1&#8243; width=&#8221;1\/1&#8243; el_position=&#8221;first last&#8221;] [blank_spacer height=&#8221;75px&#8221; width=&#8221;1\/1&#8243; el_position=&#8221;first last&#8221;] [spb_text_block pb_margin_bottom=&#8221;no&#8221; pb_border_bottom=&#8221;no&#8221; width=&#8221;1\/1&#8243; el_position=&#8221;first last&#8221;]\n\n\t\t\t<!-- START coles 2 valencia REVOLUTION SLIDER 6.1.5 --><p class=\"rs-p-wp-fix\"><\/p>\n\t\t\t<rs-module-wrap id=\"rev_slider_27_1_wrapper\" data-source=\"gallery\" data-aimg=\"\"  style=\"background:#E9E9E9;padding:0;margin:0px auto;margin-top:0;margin-bottom:0;max-width:\">\n\t\t\t\t<rs-module id=\"rev_slider_27_1\" style=\"display:none;\" data-version=\"6.1.5\">\n\t\t\t\t\t<rs-slides>\n\t\t\t\t\t\t<rs-slide data-key=\"rs-116\" data-title=\"Slide\" data-anim=\"ei:d;eo:d;s:1000;r:0;t:fade;sl:0;\">\n\t\t\t\t\t\t\t<img loading=\"lazy\" decoding=\"async\" src=\"\/\/lalalaeditorial.com\/wp-content\/uploads\/2020\/05\/img_9126.jpg\" title=\"Cuenta cuentos_LA-PELUCA-DE-LUCA\" width=\"840\" height=\"560\" class=\"rev-slidebg\" data-no-retina>\n<!---->\t\t\t\t\t\t<\/rs-slide>\n\t\t\t\t\t\t<rs-slide data-key=\"rs-117\" data-title=\"Slide\" data-anim=\"ei:d;eo:d;s:1000;r:0;t:fade;sl:0;\">\n\t\t\t\t\t\t\t<img loading=\"lazy\" decoding=\"async\" src=\"\/\/lalalaeditorial.com\/wp-content\/uploads\/2024\/09\/PACK_ESCOLAR_LA_PERRUCA_DE_LUCA_2024-m.jpg\" alt=\"PACK_ESCOLAR_LA_PERRUCA_DE_LUCA_2024-IGUALTAT\" title=\"PACK_ESCOLAR_LA_PERRUCA_DE_LUCA_2024-m\" width=\"840\" height=\"560\" class=\"rev-slidebg\" data-no-retina>\n<!---->\t\t\t\t\t\t<\/rs-slide>\n\t\t\t\t\t<\/rs-slides>\n\t\t\t\t\t<rs-progress style=\"height: 5px; background: #FFFFFF;\"><\/rs-progress>\n\t\t\t\t<\/rs-module>\n\t\t\t\t<script type=\"text\/javascript\">\n\t\t\t\t\tsetREVStartSize({c: 'rev_slider_27_1',rl:[1240,1024,778,480],el:[382.989],gw:[460],gh:[383],layout:'fullwidth',mh:\"0\"});\n\t\t\t\t\tvar\trevapi27,\n\t\t\t\t\t\ttpj;\n\t\t\t\t\tjQuery(function() {\n\t\t\t\t\t\ttpj = jQuery;\n\t\t\t\t\t\ttpj.noConflict();\n\t\t\t\t\t\tif(tpj(\"#rev_slider_27_1\").revolution == undefined){\n\t\t\t\t\t\t\trevslider_showDoubleJqueryError(\"#rev_slider_27_1\");\n\t\t\t\t\t\t}else{\n\t\t\t\t\t\t\trevapi27 = tpj(\"#rev_slider_27_1\").show().revolution({\n\t\t\t\t\t\t\t\tjsFileLocation:\"\/\/lalalaeditorial.com\/wp-content\/plugins\/revslider\/public\/assets\/js\/\",\n\t\t\t\t\t\t\t\tvisibilityLevels:\"1240,1024,778,480\",\n\t\t\t\t\t\t\t\tgridwidth:460,\n\t\t\t\t\t\t\t\tgridheight:383,\n\t\t\t\t\t\t\t\tminHeight:\"\",\n\t\t\t\t\t\t\t\tspinner:\"spinner0\",\n\t\t\t\t\t\t\t\teditorheight:\"382.989,768,960,720\",\n\t\t\t\t\t\t\t\tresponsiveLevels:\"1240,1024,778,480\",\n\t\t\t\t\t\t\t\tnavigation: {\n\t\t\t\t\t\t\t\t\tmouseScrollNavigation:false,\n\t\t\t\t\t\t\t\t\ttouch: {\n\t\t\t\t\t\t\t\t\t\ttouchenabled:true\n\t\t\t\t\t\t\t\t\t}\n\t\t\t\t\t\t\t\t},\n\t\t\t\t\t\t\t\tfallbacks: {\n\t\t\t\t\t\t\t\t\tsimplifyAll:\"\",\n\t\t\t\t\t\t\t\t\tignoreHeightChanges:\"\",\n\t\t\t\t\t\t\t\t\tallowHTML5AutoPlayOnAndroid:true\n\t\t\t\t\t\t\t\t},\n\t\t\t\t\t\t\t});\n\t\t\t\t\t\t}\n\t\t\t\t\t\t\n\t\t\t\t\t});\n\t\t\t\t<\/script>\n\t\t\t<\/rs-module-wrap>\n\t\t\t<!-- END REVOLUTION SLIDER -->\n\n[\/spb_text_block] [\/spb_column]\n","protected":false},"excerpt":{"rendered":"<p>[blank_spacer height=&#8221;45px&#8221; width=&#8221;1\/1&#8243; el_position=&#8221;first last&#8221;] [spb_column width=&#8221;1\/2&#8243; el_position=&#8221;first&#8221;] [spb_text_block pb_margin_bottom=&#8221;no&#8221; pb_border_bottom=&#8221;no&#8221; el_class=&#8221;colorverde&#8221; width=&#8221;1\/1&#8243; el_position=&#8221;first last&#8221;] La Perruca de Luca \u00e9s un projecte coeducatiu que t\u00e9 com a principal objectiu trencar i eliminar els estereotips i prejudicis adscrits al sexe, amb la intenci\u00f3 d\u2019afavorir la possibilitat que cada nen i cada nena es desenvolupen lliurement. En el seu format per a [&hellip;]<\/p>\n","protected":false},"author":1,"featured_media":0,"parent":13201,"menu_order":0,"comment_status":"closed","ping_status":"closed","template":"","meta":{"ngg_post_thumbnail":0,"footnotes":""},"class_list":["post-11232","page","type-page","status-publish","hentry"],"_links":{"self":[{"href":"https:\/\/lalalaeditorial.com\/ca\/wp-json\/wp\/v2\/pages\/11232"}],"collection":[{"href":"https:\/\/lalalaeditorial.com\/ca\/wp-json\/wp\/v2\/pages"}],"about":[{"href":"https:\/\/lalalaeditorial.com\/ca\/wp-json\/wp\/v2\/types\/page"}],"author":[{"embeddable":true,"href":"https:\/\/lalalaeditorial.com\/ca\/wp-json\/wp\/v2\/users\/1"}],"replies":[{"embeddable":true,"href":"https:\/\/lalalaeditorial.com\/ca\/wp-json\/wp\/v2\/comments?post=11232"}],"version-history":[{"count":5,"href":"https:\/\/lalalaeditorial.com\/ca\/wp-json\/wp\/v2\/pages\/11232\/revisions"}],"predecessor-version":[{"id":14282,"href":"https:\/\/lalalaeditorial.com\/ca\/wp-json\/wp\/v2\/pages\/11232\/revisions\/14282"}],"up":[{"embeddable":true,"href":"https:\/\/lalalaeditorial.com\/ca\/wp-json\/wp\/v2\/pages\/13201"}],"wp:attachment":[{"href":"https:\/\/lalalaeditorial.com\/ca\/wp-json\/wp\/v2\/media?parent=11232"}],"curies":[{"name":"wp","href":"https:\/\/api.w.org\/{rel}","templated":true}]}}