{"id":11223,"date":"2013-06-06T10:49:40","date_gmt":"2013-06-06T08:49:40","guid":{"rendered":"https:\/\/lalalaeditorial.com\/privacy-2\/"},"modified":"2020-05-29T12:27:43","modified_gmt":"2020-05-29T10:27:43","slug":"privacy","status":"publish","type":"page","link":"https:\/\/lalalaeditorial.com\/ca\/privacy\/","title":{"rendered":"Pol\u00edtica de privadesa i venda"},"content":{"rendered":"[spb_text_block title=&#8221;Pol\u00edtica de privadesa&#8221; pb_margin_bottom=&#8221;no&#8221; pb_border_bottom=&#8221;no&#8221; width=&#8221;1\/2&#8243; el_position=&#8221;first&#8221;]\n<p style=\"text-align: justify;\"><strong>Condicions Generals<\/strong><\/p>\n<p style=\"text-align: justify;\">Les presents condicions regulen l&#8217;\u00fas del lloc web www.lalalaeditorial.com que Lalala SC. posa a disposici\u00f3 i a trav\u00e9s d&#8217;ell proposa la venda a dist\u00e0ncia dels seus productes per Internet.<\/p>\n<p style=\"text-align: justify;\">Les presents Condicions Generals de Venda s\u00f3n aplicables solament a les vendes realitzades a trav\u00e9s de la tenda online.<\/p>\n<p style=\"text-align: justify;\">La utilitzaci\u00f3 de la tenda online suposa l&#8217;acceptaci\u00f3 plena per l&#8217;usuari de totes les Condicions Generals d&#8217;\u00fas del lloc web vigents a cada moment que l&#8217;usuari accedeixi al mateix, per la qual cosa si aquest no est\u00e0 d&#8217;acord amb qualsevol de les condicions aqu\u00ed establertes, no haur\u00e0 d&#8217;usar est lloc web.<\/p>\n<p style=\"text-align: justify;\">Preguem que llegeixi atentament les presents Condicions i la nostra Declaraci\u00f3 de Privadesa abans de realitzar la comanda.<\/p>\n<p style=\"text-align: justify;\">Aquestes Condicions podrien ser modificades, per la qual cosa ha de llegir-les abans d&#8217;efectuar cada comanda. Si t\u00e9 alguna pregunta relacionada amb les condicions de compra o la pol\u00edtica de privadesa pot consultar el lloc web o posar-se en contacte amb nosaltres a trav\u00e9s de l&#8217;adre\u00e7a web@lapelucadeluca.com<\/p>\n<p style=\"text-align: justify;\">Lalala SC \u00e9s una comunitat de b\u00e9ns, amb domicili al Carrer Marqu\u00e9s de campo, 42.D\u00e9nia. inscrita en el registre mercantil, amb CIF J-42523415.<\/p>\n<p style=\"text-align: justify;\"><strong>PAGOS<\/strong><\/p>\n<p style=\"text-align: justify;\">No necessites tenir un compte de PayPal. Quan selecciones pagament per PayPal en el carret, lalalaeditorial.com et porta a la plataforma de pagament segur de PayPal i aqu\u00ed haur\u00e0s de triar l&#8217;opci\u00f3 de pagar amb la teva targeta de cr\u00e8dit o banc.<\/p>\n<p style=\"text-align: justify;\">M\u00e8todes de pagament acceptats:<\/p>\n<p style=\"text-align: justify;\">PayPal (inclou pagament amb targeta de cr\u00e8dit\/d\u00e8bit Visa, Mastercard, Discover, American Express)<br \/>\n&#8211; Ingresso\/Transfer\u00e8ncia banc\u00e0ria<\/p>\n<p style=\"text-align: justify;\">Les despeses d&#8217;enviament s\u00f3n per c\u00e0rrec del client i apareixen indicats expl\u00edcitament en la cistella abans de processar la comanda i en la factura emesa.<\/p>\n<p style=\"text-align: justify;\"><strong>ENVIAMENTS<\/strong><\/p>\n<h3><span style=\"color: #ff0000;\">\u00a1AV\u00cdS! ELS ENVIAMENTS ES REALITZARAN UNA VEGADA A LA SETMANA.<\/span><\/h3>\n<p style=\"text-align: justify;\">Actualment solament permetem enviaments a Espanya. En breu permetrem l&#8217;enviament a la resta de localitzacions.<br \/>\nLes comandes s\u00f3n enviades des d&#8217;Espanya. Cada comanda \u00e9s enviada per correu (oficina de correus) en un termini de 48 hores h\u00e0bils (de dilluns a divendres) una vegada rebut el pagament.<\/p>\n<p style=\"text-align: justify;\">La teva comanda ser\u00e0 enviada a l&#8217;adre\u00e7a que indiques en el proc\u00e9s de compra. Si prefereixes rebre-ho en una adre\u00e7a diferent, per favor fes-nos-ho saber.<\/p>\n<p style=\"text-align: justify;\">&#8211;&nbsp;Temps de lliurament:<\/p>\n<p style=\"text-align: justify;\">Espanya: 4 \u2013 6 dies<\/p>\n<p style=\"text-align: justify;\"><strong>DEVOLUCIONS<\/strong><\/p>\n<p style=\"text-align: justify;\">Per favor, si tens algun problema amb la compra posa&#8217;t en contacte amb nosaltres al m\u00e9s aviat possible. Intentarem trobar una soluci\u00f3.<\/p>\n<p style=\"text-align: justify;\">El termini m\u00e0xim per sol\u00b7licitar la devoluci\u00f3 d&#8217;un producte \u00e9s de 14 dies h\u00e0bils des de la recepci\u00f3 de la comanda.<\/p>\n<p style=\"text-align: justify;\">Dins d&#8217;aquest termini, si el client no queda satisfet, podr\u00e0 sol\u00b7licitar la devoluci\u00f3 de l&#8217;import pagat per les compres realitzades, contactant a trav\u00e9s del mail web@lapelucadeluca.com o a trav\u00e9s del formulari de contacte. La perruca de Luca procedir\u00e0 a la devoluci\u00f3 del 100% de l&#8217;import del preu del producte adquirit, deduint les despeses log\u00edstiques de la devoluci\u00f3. En cas que el producte fos defectu\u00f3s o no fos conforme al contractat, el client tindr\u00e0 dret a retornar el producte assumint La perruca de Luca les despeses de devoluci\u00f3.<\/p>\n<p style=\"text-align: justify;\">L&#8217;import de la compra ser\u00e0 retornat mitjan\u00e7ant PayPal o transfer\u00e8ncia banc\u00e0ria una vegada rebut l&#8217;article en les mateixes condicions en les quals es va enviar.<\/p>\n<p style=\"text-align: justify;\">Els clients poden efectuar la devoluci\u00f3 dins dels seg\u00fcents catorze dies a la recepci\u00f3 de la comanda.<\/p>\n<p style=\"text-align: justify;\"><strong>CONTACTE<\/strong><\/p>\n<p style=\"text-align: justify;\">Contacta amb nosaltres per mitj\u00e0 d&#8217;aquesta adre\u00e7a d&#8217;email web@lapelucadeluca.com<\/p>\n[\/spb_text_block] [spb_text_block title=&#8221;\u00das de Cookies&#8221; pb_margin_bottom=&#8221;no&#8221; pb_border_bottom=&#8221;no&#8221; width=&#8221;1\/2&#8243; el_position=&#8221;last&#8221;]\n<p style=\"text-align: justify;\"><strong>\u00das de Cookies<\/strong><\/p>\n<p style=\"text-align: justify;\">El lloc web www.lalalaeditorial.com pot utilitzar cookies (petits arxius de text que el servidor envia a l&#8217;ordinador de qui accedeix a la p\u00e0gina). Es tracta d&#8217;una t\u00e8cnica usada de manera habitual en Internet per dur a terme determinades funcions que s\u00f3n considerades imprescindibles per al correcte funcionament i visualitzaci\u00f3 del lloc. Les cookies utilitzades en el lloc web tenen, en tot cas, car\u00e0cter temporal amb l&#8217;\u00fanica finalitat de fer m\u00e9s efica\u00e7 la seva transmissi\u00f3 interior i desapareixen en acabar la sessi\u00f3 de l&#8217;usuari. En cap cas s&#8217;utilitzaran les *cookies per recollir informaci\u00f3 de car\u00e0cter personal.<\/p>\n<p style=\"text-align: justify;\">Des del lloc web \u00e9s possible que es redirigeixi a continguts de tercers llocs web. Com el prestador no pot controlar sempre els continguts introdu\u00efts pels tercers en els seus llocs web, aquest no assumeix cap tipus de responsabilitat respecte a aquests continguts. En tot cas, el prestador es compromet a la retirada immediata de qualsevol contingut que pogu\u00e9s contravenir la legislaci\u00f3 nacional o internacional, la moral o l&#8217;ordre p\u00fablic, procedint a la retirada immediata de la redirecci\u00f3 a dit lloc web, posant en coneixement de les autoritats competents el contingut en q\u00fcesti\u00f3.<\/p>\n<p style=\"text-align: justify;\"><strong>&nbsp;Quins tipus de cookies utilitza aquesta p\u00e0gina web?<\/strong><\/p>\n<p style=\"text-align: justify;\">&#8211; Cookies t\u00e8cniques: S\u00f3n aquelles que permeten a l&#8217;usuari la navegaci\u00f3 a trav\u00e9s d&#8217;una p\u00e0gina web, plataforma o aplicaci\u00f3 i la utilitzaci\u00f3 de les diferents opcions o serveis que en ella existeixin com, per exemple, controlar el tr\u00e0fic i la comunicaci\u00f3 de dades, identificar la sessi\u00f3, accedir a parts d&#8217;acc\u00e9s restringit, recordar els elements que integren una comanda, realitzar el proc\u00e9s de compra d&#8217;una comanda, realitzar la sol\u00b7licitud d&#8217;inscripci\u00f3 o participaci\u00f3 en un esdeveniment, utilitzar elements de seguretat durant la navegaci\u00f3, emmagatzemar continguts per a la difusi\u00f3 de v\u00eddeos o so o compartir continguts a trav\u00e9s de xarxes socials.<\/p>\n<p style=\"text-align: justify;\">&#8211; Cookies de personalitzaci\u00f3: S\u00f3n aquelles que permeten a l&#8217;usuari accedir al servei amb algunes caracter\u00edstiques de car\u00e0cter general predefinides en funci\u00f3 d&#8217;una s\u00e8rie de criteris en el terminal de l&#8217;usuari com per exemple serien l&#8217;idioma, el tipus de navegador a trav\u00e9s del com accedeix al servei, la configuraci\u00f3 regional des d&#8217;on accedeix al servei, etc.<\/p>\n<p style=\"text-align: justify;\">&#8211; Cookies d&#8217;an\u00e0lisi: S\u00f3n aquelles que ben tractades per nosaltres o per tercers, ens permeten quantificar el nombre d&#8217;usuaris i aix\u00ed realitzar el mesurament i an\u00e0lisi estad\u00edstic de la utilitzaci\u00f3 que fan els usuaris del servei ofert. Per a aix\u00f2 s&#8217;analitza la seva navegaci\u00f3 a la nostra p\u00e0gina web amb la finalitat de millorar l&#8217;oferta de productes o serveis que li oferim.<\/p>\n<p style=\"text-align: justify;\">Cookies de tercers: La Web de la Perruca de Luca pot utilitzar serveis de tercers que recopilessin informaci\u00f3 amb finalitats estad\u00edstiques, d&#8217;\u00fas del lloc per part de l&#8217;usuari i per la prestaci\u00f3 d&#8217;altres serveis relacionats amb l&#8217;activitat del Website i altres serveis d&#8217;Internet.<\/p>\n<p style=\"text-align: justify;\"><strong>Configuraci\u00f3 de cookies<\/strong><\/p>\n<p style=\"text-align: justify;\">A continuaci\u00f3 li informem d&#8217;alguns enlla\u00e7os que li poden ajudar a configurar l&#8217;\u00fas de cookies en els diferents navegadors o dispositius:<\/p>\n<p style=\"text-align: justify;\">Internet Explorer :<br \/>\nhttp:\/\/windows.microsoft.com\/fr-FR\/windows-vista\/Block-or-allow-cookies<\/p>\n<p style=\"text-align: justify;\">Safari:<br \/>\nhttp:\/\/docs.info.apple.com\/article.html?path=Safari\/3.0\/fr\/9277.html<\/p>\n<p style=\"text-align: justify;\">Chrome :<br \/>\nhttp:\/\/support.google.com\/chrome\/bin\/answer.py?hl=fr&amp;hlrm=en&amp;answer=95647<\/p>\n<p style=\"text-align: justify;\">Firefox:<br \/>\nhttp:\/\/support.mozilla.org\/fr\/kb\/Activer%20et%20d%C3%A9sactiver%20les%20cookies<\/p>\n<p style=\"text-align: justify;\">Opera :<br \/>\nhttp:\/\/help.opera.com\/Windows\/10.20\/fr\/cookies.html<\/p>\n<p style=\"text-align: justify;\">Android<br \/>\nhttp:\/\/support.google.com\/android\/?hl=en<\/p>\n<p style=\"text-align: justify;\">Windows Phone<br \/>\nhttp:\/\/www.microsoft.com\/windowsphone\/en-us\/howto\/wp7\/web\/changingprivacy-and-other-browser-settings.aspx<\/p>\n<p style=\"text-align: justify;\">Blackberry<br \/>\nhttp:\/\/docs.blackberry.com\/en\/smartphone_users\/<\/p>\n<p style=\"text-align: justify;\">L&#8217;Usuari accepta expressament, en navegar per aquest Site, el tractament de la informaci\u00f3 recaptada en la forma i amb les finalitats anteriorment esmentades. I aix\u00ed mateix reconeix con\u00e8ixer la possibilitat de rebutjar el tractament de tals dades o informaci\u00f3 rebutjant l&#8217;\u00fas de Cookies mitjan\u00e7ant la selecci\u00f3 de la configuraci\u00f3 apropiada a tal fi en el seu navegador. Si b\u00e9 aquesta opci\u00f3 de bloqueig de Cookies en el seu navegador pot no permetre-li l&#8217;\u00fas ple de totes les funcionalitats del Website.<\/p>\n<p style=\"text-align: justify;\">La Perruca de Luca utilitza les seg\u00fcents cookies per millorar l&#8217;experi\u00e8ncia de navegaci\u00f3 i recaptar dades estad\u00edstiques que ens ajudin a millorar la interacci\u00f3 amb el nostre p\u00fablic.<\/p>\n<p style=\"text-align: justify;\">_utma, _utmc, _utmz, _utmb:<\/p>\n<p style=\"text-align: justify;\">Cookies de Google Analytics destinades a l&#8217;an\u00e0lisi de la web. La informaci\u00f3 recaptada \u00e9s completament an\u00f2nima, no permet identificar de cap manera als visitants. Pots trobar informaci\u00f3 m\u00e9s detallada sobre les cookies de Google Analytics, aqu\u00ed.<\/p>\n<p style=\"text-align: justify;\">? _utma: realitza el recompte de quantes vegades visita el lloc web un usuari. Tamb\u00e9 registra quan va ser la primera i l&#8217;\u00faltima vegada que va visitar la web. \u00c9s una cookie amb una perman\u00e8ncia de 2 anys.<\/p>\n<p style=\"text-align: justify;\">? _utmc, _utmb: calculen quan s&#8217;ha acabat una sessi\u00f3. _utmb registra l&#8217;hora d&#8217;arribada a la p\u00e0gina mentre que _utmc comprova si s&#8217;ha de mantenir la sessi\u00f3 oberta o s&#8217;ha de crear una sessi\u00f3 nova. _utmb caduca als 30 minuts des de l&#8217;\u00faltim registre de p\u00e0gina vista mentre que _utmc \u00e9s una variable de sessi\u00f3, per la qual cosa s&#8217;elimina autom\u00e0ticament en canviar de web o en tancar el navegador.<\/p>\n<p style=\"text-align: justify;\">?_utmz: registra l&#8217;origen de l&#8217;usuari, aix\u00ed com les keywords. T\u00e9 una caducitat de 6 mesos, encara que es renova cada vegada que es visita la web sempre que no sigui una visita directa.<\/p>\n<p style=\"text-align: justify;\">_atuvc:<\/p>\n<p style=\"text-align: justify;\">cookie de tercers que proporciona els botons per compartir informaci\u00f3 o articles en xarxes socials com Twitter, Facebook, Blogger, Tuenti, Google+ i uns altres. \u00c9s una cookie amb una perman\u00e8ncia de 2 anys. No permet identificar a l&#8217;usuari (cookie an\u00f2nima).<\/p>\n<p style=\"text-align: justify;\">cookillian_opt_in:<\/p>\n<p style=\"text-align: justify;\">La seva finalitat \u00e9s controlar l&#8217;admissi\u00f3 o no de la resta de cookies<\/p>\n<p style=\"text-align: justify;\">guest_id:<\/p>\n<p style=\"text-align: justify;\">Cookie de Twitter que usa quan posem el bot\u00f3 Tweet per compartir continguts en la web, i que serveix com un nombre de connexi\u00f3 a Twitter \u00fanic. En molts continguts de Hostinet, vam mostrar una barra per compartir els continguts en les m\u00e9s populars xarxes socials.<\/p>\n<p style=\"text-align: justify;\">viewed_cookie_policy<\/p>\n<p style=\"text-align: justify;\">ens indica que ha vist l&#8217;av\u00eds sobre privadesa i pol\u00edtica de cookies, en cas de continuar navegant per la nostra web autom\u00e0ticament obtenim el seu consentiment i no ser\u00e0 necessari que faci clic a Acceptar.<\/p>\n<p style=\"text-align: justify;\">youtube<\/p>\n<p style=\"text-align: justify;\">Utilitzem Youtube per inserir v\u00eddeos. Aquestes cookies no recopilen informaci\u00f3 que identifiquin a l&#8217;usuari. Pot obtenir m\u00e9s informaci\u00f3 sobre les cookies que usa Youtube a la p\u00e0gina http:\/\/www.google.es\/intl\/es\/policies\/technologies\/cookies\/<\/p>\n<p style=\"text-align: justify;\">Cookies pr\u00f2pies de sessi\u00f3<\/p>\n<p style=\"text-align: justify;\">Per garantir que els usuaris que escriguin comentaris en el blog siguin humans i no aplicacions automatitzades. D&#8217;aquesta forma es combat el spam.<\/p>\n<p style=\"text-align: justify;\">Tamb\u00e9 les utilitzem per poder tenir una an\u00e0lisi dels articles m\u00e9s visitats i poder oferir-los al visitant<\/p>\n[\/spb_text_block] [blank_spacer height=&#8221;40px&#8221; width=&#8221;1\/1&#8243; el_position=&#8221;first last&#8221;]\n","protected":false},"excerpt":{"rendered":"<p>[spb_text_block title=&#8221;Pol\u00edtica de privadesa&#8221; pb_margin_bottom=&#8221;no&#8221; pb_border_bottom=&#8221;no&#8221; width=&#8221;1\/2&#8243; el_position=&#8221;first&#8221;] Condicions Generals Les presents condicions regulen l&#8217;\u00fas del lloc web www.lalalaeditorial.com que Lalala SC. posa a disposici\u00f3 i a trav\u00e9s d&#8217;ell proposa la venda a dist\u00e0ncia dels seus productes per Internet. Les presents Condicions Generals de Venda s\u00f3n aplicables solament a les vendes realitzades a trav\u00e9s de la tenda online. La utilitzaci\u00f3 [&hellip;]<\/p>\n","protected":false},"author":1,"featured_media":0,"parent":0,"menu_order":0,"comment_status":"open","ping_status":"closed","template":"","meta":{"ngg_post_thumbnail":0,"footnotes":""},"class_list":["post-11223","page","type-page","status-publish","hentry"],"_links":{"self":[{"href":"https:\/\/lalalaeditorial.com\/ca\/wp-json\/wp\/v2\/pages\/11223"}],"collection":[{"href":"https:\/\/lalalaeditorial.com\/ca\/wp-json\/wp\/v2\/pages"}],"about":[{"href":"https:\/\/lalalaeditorial.com\/ca\/wp-json\/wp\/v2\/types\/page"}],"author":[{"embeddable":true,"href":"https:\/\/lalalaeditorial.com\/ca\/wp-json\/wp\/v2\/users\/1"}],"replies":[{"embeddable":true,"href":"https:\/\/lalalaeditorial.com\/ca\/wp-json\/wp\/v2\/comments?post=11223"}],"version-history":[{"count":0,"href":"https:\/\/lalalaeditorial.com\/ca\/wp-json\/wp\/v2\/pages\/11223\/revisions"}],"wp:attachment":[{"href":"https:\/\/lalalaeditorial.com\/ca\/wp-json\/wp\/v2\/media?parent=11223"}],"curies":[{"name":"wp","href":"https:\/\/api.w.org\/{rel}","templated":true}]}}