{"id":11190,"date":"2013-07-25T09:00:10","date_gmt":"2013-07-25T07:00:10","guid":{"rendered":"https:\/\/lalalaeditorial.com\/luca-y-su-peluca-2\/"},"modified":"2014-08-05T11:57:51","modified_gmt":"2014-08-05T09:57:51","slug":"luca-y-su-peluca","status":"publish","type":"page","link":"https:\/\/lalalaeditorial.com\/ca\/luca-y-su-peluca\/","title":{"rendered":"Luca i la seva perruca"},"content":{"rendered":"<p><!--:es-->[spb_text_block pb_margin_bottom=&#8221;no&#8221; pb_border_bottom=&#8221;no&#8221; width=&#8221;1\/3&#8243; el_position=&#8221;first&#8221;]\n<p style=\"text-align: justify;\">Luca \u00e9s un tipus valent, amb a penes quatre anyets es va atrevir a q\u00fcestionar les normes que altres van construir per a ell. Es va enfrontar al m\u00f3n, el seu m\u00f3n, el nostre m\u00f3n i ens va demostrar que mai no \u00e9s prompte ni tard per a lluitar contra les coses absurdes de la vida.<\/p>\n[\/spb_text_block] [spb_text_block pb_margin_bottom=&#8221;no&#8221; pb_border_bottom=&#8221;no&#8221; width=&#8221;2\/3&#8243; el_position=&#8221;last&#8221;]\n<p>&nbsp;<\/p>\n","protected":false},"excerpt":{"rendered":"<p>[spb_text_block pb_margin_bottom=&#8221;no&#8221; pb_border_bottom=&#8221;no&#8221; width=&#8221;1\/3&#8243; el_position=&#8221;first&#8221;] Luca \u00e9s un tipus valent, amb a penes quatre anyets es va atrevir a q\u00fcestionar les normes que altres van construir per a ell. Es va enfrontar al m\u00f3n, el seu m\u00f3n, el nostre m\u00f3n i ens va demostrar que mai no \u00e9s prompte ni tard per a lluitar contra les coses absurdes de la [&hellip;]<\/p>\n","protected":false},"author":1,"featured_media":0,"parent":0,"menu_order":0,"comment_status":"open","ping_status":"closed","template":"","meta":{"ngg_post_thumbnail":0,"footnotes":""},"class_list":["post-11190","page","type-page","status-publish","hentry"],"_links":{"self":[{"href":"https:\/\/lalalaeditorial.com\/ca\/wp-json\/wp\/v2\/pages\/11190"}],"collection":[{"href":"https:\/\/lalalaeditorial.com\/ca\/wp-json\/wp\/v2\/pages"}],"about":[{"href":"https:\/\/lalalaeditorial.com\/ca\/wp-json\/wp\/v2\/types\/page"}],"author":[{"embeddable":true,"href":"https:\/\/lalalaeditorial.com\/ca\/wp-json\/wp\/v2\/users\/1"}],"replies":[{"embeddable":true,"href":"https:\/\/lalalaeditorial.com\/ca\/wp-json\/wp\/v2\/comments?post=11190"}],"version-history":[{"count":0,"href":"https:\/\/lalalaeditorial.com\/ca\/wp-json\/wp\/v2\/pages\/11190\/revisions"}],"wp:attachment":[{"href":"https:\/\/lalalaeditorial.com\/ca\/wp-json\/wp\/v2\/media?parent=11190"}],"curies":[{"name":"wp","href":"https:\/\/api.w.org\/{rel}","templated":true}]}}