{"id":11150,"date":"2014-03-07T11:31:41","date_gmt":"2014-03-07T10:31:41","guid":{"rendered":"https:\/\/lalalaeditorial.com\/coles-con-peluca\/pelucartonate\/"},"modified":"2018-09-14T15:31:11","modified_gmt":"2018-09-14T13:31:11","slug":"perrucartronat","status":"publish","type":"page","link":"https:\/\/lalalaeditorial.com\/ca\/la-perruca-de-luca-projecte-escolar\/col-les-amb-perruca\/perrucartronat\/","title":{"rendered":"Perrucartr\u00f3nat"},"content":{"rendered":"[spb_single_image image=&#8221;11155&#8243; image_size=&#8221;full&#8221; frame=&#8221;noframe&#8221; full_width=&#8221;yes&#8221; lightbox=&#8221;no&#8221; link_target=&#8221;_self&#8221; width=&#8221;1\/1&#8243; el_position=&#8221;first last&#8221;] [boxed_content title=&#8221;Taller de creaci\u00f3 de perruques&#8221; type=&#8221;coloured&#8221; custom_text_colour=&#8221;#000&#8243; pb_margin_bottom=&#8221;no&#8221; width=&#8221;1\/1&#8243; el_position=&#8221;first last&#8221;]\n<p style=\"text-align: justify;\">En la Guia Did\u00e0ctica de la perruca de Luca es proposa realitzar un taller de perruques en el qual es poden prendre com a refer\u00e8ncia els seg\u00fcents models. Us convidem a crear les vostres pr\u00f2pies perruques i compartir-les en aquesta web.<\/p>\n<p>Per compartir les fotos de les vostres perruques les podeu enviar a&nbsp;<span style=\"color: #000;\"><a href=\"mailto:hola@laperrucadeluca.com\"><span style=\"color: #0db1ef;\">hola@laperrucadeluca.com<\/span><\/a><\/span>&nbsp;juntament amb les vostres dades.<\/p>\n<p>&nbsp;<\/p>\n<a class=\"sf-button medium lightblue roundedarrow \" href=\"https:\/\/lalalaeditorial.com\/formularios-actividad\/formulari_laperrucadeluca.pdf\" target=\"_blank\"><span>Emplenar formulari<\/span><span class=\"arrow\"><\/span><\/a>\n[\/boxed_content]\n<div class=\"row\">\n<div class=\"spb_content_element span3 spb_box_text coloured\">\n<div class=\"spb_wrapper\">\n<div class=\"box-content-wrap\">\n<div class=\"spb_content_element spb_single_image borderframe span3\" style=\"margin-left: 0!important;\">\n<div class=\"spb_wrapper\">\n<figure class=\"lightbox clearfix\"><a class=\"view\" href=\"https:\/\/lalalaeditorial.com\/wp-content\/uploads\/2014\/03\/peluca_modelos2_cat-212x300.jpg\" rel=\"image-gallery\"><img decoding=\"async\" class=\"attachment-full\" src=\"https:\/\/lalalaeditorial.com\/wp-content\/uploads\/2014\/03\/peluca_modelos2_cat-212x300.jpg\" alt=\"peluca_paca\"><\/a><\/figure>\n<\/div>\n<\/div>\n<\/div>\n<\/div>\n<\/div>\n<div class=\"spb_content_element span3 spb_box_text coloured\">\n<div class=\"spb_wrapper\">\n<div class=\"box-content-wrap\">\n<div class=\"spb_content_element spb_single_image borderframe span3\" style=\"margin-left: 0!important;\">\n<div class=\"spb_wrapper\">\n<figure class=\"lightbox clearfix\"><a class=\"view\" href=\"https:\/\/lalalaeditorial.com\/wp-content\/uploads\/2014\/03\/peluca_gavina.jpg\" rel=\"image-gallery\"><img decoding=\"async\" class=\"attachment-full\" src=\"https:\/\/lalalaeditorial.com\/wp-content\/uploads\/2014\/03\/peluca_gavina.jpg\" alt=\"peluca_paca\"><\/a><\/figure>\n<\/div>\n<\/div>\n<p><a class=\"sf-button small lightblue slightlyroundedarrow \" href=\"https:\/\/www.lalalaeditorial.com\/pelucas_pdf\/peluca_gavina.pdf\" target=\"_blank\">Descarregar en pdf<\/a><\/p>\n<\/div>\n<\/div>\n<\/div>\n<div class=\"spb_content_element span3 spb_box_text coloured\">\n<div class=\"spb_wrapper\">\n<div class=\"box-content-wrap\">\n<div class=\"spb_content_element spb_single_image borderframe span3\" style=\"margin-left: 0!important;\">\n<div class=\"spb_wrapper\">\n<figure class=\"lightbox clearfix\"><a class=\"view\" href=\"https:\/\/lalalaeditorial.com\/wp-content\/uploads\/2014\/03\/peluca_indio.jpg\" rel=\"image-gallery\"><img decoding=\"async\" class=\"attachment-full\" src=\"https:\/\/lalalaeditorial.com\/wp-content\/uploads\/2014\/03\/peluca_indio.jpg\" alt=\"peluca_paca\"><\/a><\/figure>\n<\/div>\n<\/div>\n<p><a class=\"sf-button small lightblue slightlyroundedarrow \" href=\"https:\/\/www.lalalaeditorial.com\/pelucas_pdf\/peluca_indio.pdf\" target=\"_blank\">Descarregar en pdf<\/a><\/p>\n<\/div>\n<\/div>\n<\/div>\n<div class=\"spb_content_element span3 spb_box_text coloured\">\n<div class=\"spb_wrapper\">\n<div class=\"box-content-wrap\">\n<div class=\"spb_content_element spb_single_image borderframe span3\" style=\"margin-left: 0!important;\">\n<div class=\"spb_wrapper\">\n<figure class=\"lightbox clearfix\"><a class=\"view\" href=\"https:\/\/lalalaeditorial.com\/wp-content\/uploads\/2014\/03\/peluca_novia.jpg\" rel=\"image-gallery\"><img decoding=\"async\" class=\"attachment-full\" src=\"https:\/\/lalalaeditorial.com\/wp-content\/uploads\/2014\/03\/peluca_novia.jpg\" alt=\"peluca_paca\"><\/a><\/figure>\n<\/div>\n<\/div>\n<p><a class=\"sf-button small lightblue slightlyroundedarrow \" href=\"https:\/\/www.lalalaeditorial.com\/pelucas_pdf\/peluca_novia.pdf\" target=\"_blank\">Descarregar en pdf<\/a><\/p>\n<\/div>\n<\/div>\n<\/div>\n<\/div>\n<div class=\"row\">\n<div class=\"spb_content_element span3 spb_box_text coloured\">\n<div class=\"spb_wrapper\">\n<div class=\"box-content-wrap\">\n<div class=\"spb_content_element spb_single_image borderframe span3\" style=\"margin-left: 0!important;\">\n<div class=\"spb_wrapper\">\n<figure class=\"lightbox clearfix\"><a class=\"view\" href=\"https:\/\/lalalaeditorial.com\/wp-content\/uploads\/2014\/03\/peluca_paca.jpg\" rel=\"image-gallery\"><img decoding=\"async\" class=\"attachment-full\" src=\"https:\/\/lalalaeditorial.com\/wp-content\/uploads\/2014\/03\/peluca_paca.jpg\" alt=\"peluca_paca\"><\/a><\/figure>\n<\/div>\n<\/div>\n<p><a class=\"sf-button small lightblue slightlyroundedarrow \" href=\"https:\/\/www.lalalaeditorial.com\/pelucas_pdf\/peluca_paca.pdf\" target=\"_blank\">Descarregar en pdf<\/a><\/p>\n<\/div>\n<\/div>\n<\/div>\n<div class=\"spb_content_element span3 spb_box_text coloured\">\n<div class=\"spb_wrapper\">\n<div class=\"box-content-wrap\">\n<div class=\"spb_content_element spb_single_image borderframe span3\" style=\"margin-left: 0!important;\">\n<div class=\"spb_wrapper\">\n<figure class=\"lightbox clearfix\"><a class=\"view\" href=\"https:\/\/lalalaeditorial.com\/wp-content\/uploads\/2014\/03\/peluca_formiga.jpg\" rel=\"image-gallery\"><img decoding=\"async\" class=\"attachment-full\" src=\"https:\/\/lalalaeditorial.com\/wp-content\/uploads\/2014\/03\/peluca_formiga.jpg\" alt=\"peluca_paca\"><\/a><\/figure>\n<\/div>\n<\/div>\n<p><a class=\"sf-button small lightblue slightlyroundedarrow \" href=\"https:\/\/www.lalalaeditorial.com\/pelucas_pdf\/peluca_formiga.pdf\" target=\"_blank\">Descarregar en pdf<\/a><\/p>\n<\/div>\n<\/div>\n<\/div>\n<div class=\"spb_content_element span3 spb_box_text coloured\">\n<div class=\"spb_wrapper\">\n<div class=\"box-content-wrap\">\n<div class=\"spb_content_element spb_single_image borderframe span3\" style=\"margin-left: 0!important;\">\n<div class=\"spb_wrapper\">\n<figure class=\"lightbox clearfix\"><a class=\"view\" href=\"https:\/\/lalalaeditorial.com\/wp-content\/uploads\/2014\/03\/peluca_xiqueta.jpg\" rel=\"image-gallery\"><img decoding=\"async\" class=\"attachment-full\" src=\"https:\/\/lalalaeditorial.com\/wp-content\/uploads\/2014\/03\/peluca_xiqueta.jpg\" alt=\"peluca_paca\"><\/a><\/figure>\n<\/div>\n<\/div>\n<p><a class=\"sf-button small lightblue slightlyroundedarrow \" href=\"https:\/\/www.lalalaeditorial.com\/pelucas_pdf\/peluca_xiqueta.pdf\" target=\"_blank\">Descarregar en pdf<\/a><\/p>\n<\/div>\n<\/div>\n<\/div>\n<div class=\"spb_content_element span3 spb_box_text coloured\">\n<div class=\"spb_wrapper\">\n<div class=\"box-content-wrap\">\n<div class=\"spb_content_element spb_single_image borderframe span3\" style=\"margin-left: 0!important;\">\n<div class=\"spb_wrapper\">\n<figure class=\"lightbox clearfix\"><a class=\"view\" href=\"https:\/\/lalalaeditorial.com\/wp-content\/uploads\/2014\/03\/peluca_ramon.jpg\" rel=\"image-gallery\"><img decoding=\"async\" class=\"attachment-full\" src=\"https:\/\/lalalaeditorial.com\/wp-content\/uploads\/2014\/03\/peluca_ramon.jpg\" alt=\"peluca_paca\"><\/a><\/figure>\n<\/div>\n<\/div>\n<p><a class=\"sf-button small lightblue slightlyroundedarrow \" href=\"https:\/\/www.lalalaeditorial.com\/pelucas_pdf\/peluca_ramon.pdf\" target=\"_blank\">Descarregar en pdf<\/a><\/p>\n<\/div>\n<\/div>\n<\/div>\n<\/div>\n<div style=\"color: #000000; margin-bottom: 10px; margin-top: 20px; font-size: 18px; text-align: center;\">\n[spb_single_image image=&#8221;11155&#8243; image_size=&#8221;full&#8221; frame=&#8221;noframe&#8221; full_width=&#8221;yes&#8221; lightbox=&#8221;no&#8221; link_target=&#8221;_self&#8221; width=&#8221;1\/1&#8243; el_position=&#8221;first last&#8221;] [boxed_content title=&#8221;Mostra de perruques realitzades en El Verger&#8221; type=&#8221;coloured&#8221; custom_text_colour=&#8221;#000&#8243; pb_margin_bottom=&#8221;no&#8221; width=&#8221;1\/1&#8243; el_position=&#8221;first last&#8221;]\n<\/div>\n<div style=\"text-align: center; margin-left: auto; margin-right: auto;\"><!-- index.php -->\n<div\n\tclass=\"ngg-galleryoverview ngg-ajax-pagination-none\"\n\tid=\"ngg-gallery-bd04cf432b76a18b0768df1638bc1785-1\">\n\n    \t\t<!-- Thumbnails -->\n\t\t\t\t<div id=\"ngg-image-0\" class=\"ngg-gallery-thumbnail-box\" >\n\t\t\t\t        <div class=\"ngg-gallery-thumbnail\">\n            <a href=\"https:\/\/lalalaeditorial.com\/wp-content\/gallery\/muestras-pelucartonate\/elverger5.jpg\"\n               title=\"\"\n               data-src=\"https:\/\/lalalaeditorial.com\/wp-content\/gallery\/muestras-pelucartonate\/elverger5.jpg\"\n               data-thumbnail=\"https:\/\/lalalaeditorial.com\/wp-content\/gallery\/muestras-pelucartonate\/thumbs\/thumbs_elverger5.jpg\"\n               data-image-id=\"368\"\n               data-title=\"elverger5\"\n               data-description=\"\"\n               data-image-slug=\"elverger5\"\n               class=\"ngg-fancybox\" rel=\"bd04cf432b76a18b0768df1638bc1785\">\n                <img\n                    title=\"elverger5\"\n                    alt=\"elverger5\"\n                    src=\"https:\/\/lalalaeditorial.com\/wp-content\/gallery\/muestras-pelucartonate\/thumbs\/thumbs_elverger5.jpg\"\n                    width=\"215\"\n                    height=\"162\"\n                    style=\"max-width:100%;\"\n                \/>\n            <\/a>\n        <\/div>\n\t\t\t\t\t\t\t<\/div> \n\t\t\t\n        \n\t\t\t\t<div id=\"ngg-image-1\" class=\"ngg-gallery-thumbnail-box\" >\n\t\t\t\t        <div class=\"ngg-gallery-thumbnail\">\n            <a href=\"https:\/\/lalalaeditorial.com\/wp-content\/gallery\/muestras-pelucartonate\/elverger1.jpg\"\n               title=\"\"\n               data-src=\"https:\/\/lalalaeditorial.com\/wp-content\/gallery\/muestras-pelucartonate\/elverger1.jpg\"\n               data-thumbnail=\"https:\/\/lalalaeditorial.com\/wp-content\/gallery\/muestras-pelucartonate\/thumbs\/thumbs_elverger1.jpg\"\n               data-image-id=\"369\"\n               data-title=\"elverger1\"\n               data-description=\"\"\n               data-image-slug=\"elverger1\"\n               class=\"ngg-fancybox\" rel=\"bd04cf432b76a18b0768df1638bc1785\">\n                <img\n                    title=\"elverger1\"\n                    alt=\"elverger1\"\n                    src=\"https:\/\/lalalaeditorial.com\/wp-content\/gallery\/muestras-pelucartonate\/thumbs\/thumbs_elverger1.jpg\"\n                    width=\"215\"\n                    height=\"162\"\n                    style=\"max-width:100%;\"\n                \/>\n            <\/a>\n        <\/div>\n\t\t\t\t\t\t\t<\/div> \n\t\t\t\n        \n\t\t\t\t<div id=\"ngg-image-2\" class=\"ngg-gallery-thumbnail-box\" >\n\t\t\t\t        <div class=\"ngg-gallery-thumbnail\">\n            <a href=\"https:\/\/lalalaeditorial.com\/wp-content\/gallery\/muestras-pelucartonate\/elverger2.jpg\"\n               title=\"\"\n               data-src=\"https:\/\/lalalaeditorial.com\/wp-content\/gallery\/muestras-pelucartonate\/elverger2.jpg\"\n               data-thumbnail=\"https:\/\/lalalaeditorial.com\/wp-content\/gallery\/muestras-pelucartonate\/thumbs\/thumbs_elverger2.jpg\"\n               data-image-id=\"370\"\n               data-title=\"elverger2\"\n               data-description=\"\"\n               data-image-slug=\"elverger2\"\n               class=\"ngg-fancybox\" rel=\"bd04cf432b76a18b0768df1638bc1785\">\n                <img\n                    title=\"elverger2\"\n                    alt=\"elverger2\"\n                    src=\"https:\/\/lalalaeditorial.com\/wp-content\/gallery\/muestras-pelucartonate\/thumbs\/thumbs_elverger2.jpg\"\n                    width=\"215\"\n                    height=\"162\"\n                    style=\"max-width:100%;\"\n                \/>\n            <\/a>\n        <\/div>\n\t\t\t\t\t\t\t<\/div> \n\t\t\t\n        \n\t\t\t\t<div id=\"ngg-image-3\" class=\"ngg-gallery-thumbnail-box\" >\n\t\t\t\t        <div class=\"ngg-gallery-thumbnail\">\n            <a href=\"https:\/\/lalalaeditorial.com\/wp-content\/gallery\/muestras-pelucartonate\/elverger3.jpg\"\n               title=\"\"\n               data-src=\"https:\/\/lalalaeditorial.com\/wp-content\/gallery\/muestras-pelucartonate\/elverger3.jpg\"\n               data-thumbnail=\"https:\/\/lalalaeditorial.com\/wp-content\/gallery\/muestras-pelucartonate\/thumbs\/thumbs_elverger3.jpg\"\n               data-image-id=\"371\"\n               data-title=\"elverger3\"\n               data-description=\"\"\n               data-image-slug=\"elverger3\"\n               class=\"ngg-fancybox\" rel=\"bd04cf432b76a18b0768df1638bc1785\">\n                <img\n                    title=\"elverger3\"\n                    alt=\"elverger3\"\n                    src=\"https:\/\/lalalaeditorial.com\/wp-content\/gallery\/muestras-pelucartonate\/thumbs\/thumbs_elverger3.jpg\"\n                    width=\"215\"\n                    height=\"162\"\n                    style=\"max-width:100%;\"\n                \/>\n            <\/a>\n        <\/div>\n\t\t\t\t\t\t\t<\/div> \n\t\t\t\n        \n\t\t\t\t<div id=\"ngg-image-4\" class=\"ngg-gallery-thumbnail-box\" >\n\t\t\t\t        <div class=\"ngg-gallery-thumbnail\">\n            <a href=\"https:\/\/lalalaeditorial.com\/wp-content\/gallery\/muestras-pelucartonate\/elverger4.jpg\"\n               title=\"\"\n               data-src=\"https:\/\/lalalaeditorial.com\/wp-content\/gallery\/muestras-pelucartonate\/elverger4.jpg\"\n               data-thumbnail=\"https:\/\/lalalaeditorial.com\/wp-content\/gallery\/muestras-pelucartonate\/thumbs\/thumbs_elverger4.jpg\"\n               data-image-id=\"372\"\n               data-title=\"elverger4\"\n               data-description=\"\"\n               data-image-slug=\"elverger4\"\n               class=\"ngg-fancybox\" rel=\"bd04cf432b76a18b0768df1638bc1785\">\n                <img\n                    title=\"elverger4\"\n                    alt=\"elverger4\"\n                    src=\"https:\/\/lalalaeditorial.com\/wp-content\/gallery\/muestras-pelucartonate\/thumbs\/thumbs_elverger4.jpg\"\n                    width=\"215\"\n                    height=\"162\"\n                    style=\"max-width:100%;\"\n                \/>\n            <\/a>\n        <\/div>\n\t\t\t\t\t\t\t<\/div> \n\t\t\t\n        \n\t\t\t\t<div id=\"ngg-image-5\" class=\"ngg-gallery-thumbnail-box\" >\n\t\t\t\t        <div class=\"ngg-gallery-thumbnail\">\n            <a href=\"https:\/\/lalalaeditorial.com\/wp-content\/gallery\/muestras-pelucartonate\/esvarias.jpg\"\n               title=\"\"\n               data-src=\"https:\/\/lalalaeditorial.com\/wp-content\/gallery\/muestras-pelucartonate\/esvarias.jpg\"\n               data-thumbnail=\"https:\/\/lalalaeditorial.com\/wp-content\/gallery\/muestras-pelucartonate\/thumbs\/thumbs_esvarias.jpg\"\n               data-image-id=\"373\"\n               data-title=\"esvarias\"\n               data-description=\"\"\n               data-image-slug=\"esvarias\"\n               class=\"ngg-fancybox\" rel=\"bd04cf432b76a18b0768df1638bc1785\">\n                <img\n                    title=\"esvarias\"\n                    alt=\"esvarias\"\n                    src=\"https:\/\/lalalaeditorial.com\/wp-content\/gallery\/muestras-pelucartonate\/thumbs\/thumbs_esvarias.jpg\"\n                    width=\"215\"\n                    height=\"162\"\n                    style=\"max-width:100%;\"\n                \/>\n            <\/a>\n        <\/div>\n\t\t\t\t\t\t\t<\/div> \n\t\t\t\n        \n\t\t\t\t<div id=\"ngg-image-6\" class=\"ngg-gallery-thumbnail-box\" >\n\t\t\t\t        <div class=\"ngg-gallery-thumbnail\">\n            <a href=\"https:\/\/lalalaeditorial.com\/wp-content\/gallery\/muestras-pelucartonate\/lagavina.jpg\"\n               title=\"\"\n               data-src=\"https:\/\/lalalaeditorial.com\/wp-content\/gallery\/muestras-pelucartonate\/lagavina.jpg\"\n               data-thumbnail=\"https:\/\/lalalaeditorial.com\/wp-content\/gallery\/muestras-pelucartonate\/thumbs\/thumbs_lagavina.jpg\"\n               data-image-id=\"374\"\n               data-title=\"lagavina\"\n               data-description=\"\"\n               data-image-slug=\"lagavina\"\n               class=\"ngg-fancybox\" rel=\"bd04cf432b76a18b0768df1638bc1785\">\n                <img\n                    title=\"lagavina\"\n                    alt=\"lagavina\"\n                    src=\"https:\/\/lalalaeditorial.com\/wp-content\/gallery\/muestras-pelucartonate\/thumbs\/thumbs_lagavina.jpg\"\n                    width=\"215\"\n                    height=\"162\"\n                    style=\"max-width:100%;\"\n                \/>\n            <\/a>\n        <\/div>\n\t\t\t\t\t\t\t<\/div> \n\t\t\t\n        \n\t\t\t\t<div id=\"ngg-image-7\" class=\"ngg-gallery-thumbnail-box\" >\n\t\t\t\t        <div class=\"ngg-gallery-thumbnail\">\n            <a href=\"https:\/\/lalalaeditorial.com\/wp-content\/gallery\/muestras-pelucartonate\/lahormiguita.jpg\"\n               title=\"\"\n               data-src=\"https:\/\/lalalaeditorial.com\/wp-content\/gallery\/muestras-pelucartonate\/lahormiguita.jpg\"\n               data-thumbnail=\"https:\/\/lalalaeditorial.com\/wp-content\/gallery\/muestras-pelucartonate\/thumbs\/thumbs_lahormiguita.jpg\"\n               data-image-id=\"375\"\n               data-title=\"lahormiguita\"\n               data-description=\"\"\n               data-image-slug=\"lahormiguita\"\n               class=\"ngg-fancybox\" rel=\"bd04cf432b76a18b0768df1638bc1785\">\n                <img\n                    title=\"lahormiguita\"\n                    alt=\"lahormiguita\"\n                    src=\"https:\/\/lalalaeditorial.com\/wp-content\/gallery\/muestras-pelucartonate\/thumbs\/thumbs_lahormiguita.jpg\"\n                    width=\"215\"\n                    height=\"162\"\n                    style=\"max-width:100%;\"\n                \/>\n            <\/a>\n        <\/div>\n\t\t\t\t\t\t\t<\/div> \n\t\t\t\n        \n\t\t\t\t<div id=\"ngg-image-8\" class=\"ngg-gallery-thumbnail-box\" >\n\t\t\t\t        <div class=\"ngg-gallery-thumbnail\">\n            <a href=\"https:\/\/lalalaeditorial.com\/wp-content\/gallery\/muestras-pelucartonate\/lanovia.jpg\"\n               title=\"\"\n               data-src=\"https:\/\/lalalaeditorial.com\/wp-content\/gallery\/muestras-pelucartonate\/lanovia.jpg\"\n               data-thumbnail=\"https:\/\/lalalaeditorial.com\/wp-content\/gallery\/muestras-pelucartonate\/thumbs\/thumbs_lanovia.jpg\"\n               data-image-id=\"376\"\n               data-title=\"lanovia\"\n               data-description=\"\"\n               data-image-slug=\"lanovia\"\n               class=\"ngg-fancybox\" rel=\"bd04cf432b76a18b0768df1638bc1785\">\n                <img\n                    title=\"lanovia\"\n                    alt=\"lanovia\"\n                    src=\"https:\/\/lalalaeditorial.com\/wp-content\/gallery\/muestras-pelucartonate\/thumbs\/thumbs_lanovia.jpg\"\n                    width=\"215\"\n                    height=\"162\"\n                    style=\"max-width:100%;\"\n                \/>\n            <\/a>\n        <\/div>\n\t\t\t\t\t\t\t<\/div> \n\t\t\t\n        \n\t\t\t\t<div id=\"ngg-image-9\" class=\"ngg-gallery-thumbnail-box\" >\n\t\t\t\t        <div class=\"ngg-gallery-thumbnail\">\n            <a href=\"https:\/\/lalalaeditorial.com\/wp-content\/gallery\/muestras-pelucartonate\/lapaca.jpg\"\n               title=\"\"\n               data-src=\"https:\/\/lalalaeditorial.com\/wp-content\/gallery\/muestras-pelucartonate\/lapaca.jpg\"\n               data-thumbnail=\"https:\/\/lalalaeditorial.com\/wp-content\/gallery\/muestras-pelucartonate\/thumbs\/thumbs_lapaca.jpg\"\n               data-image-id=\"377\"\n               data-title=\"lapaca\"\n               data-description=\"\"\n               data-image-slug=\"lapaca\"\n               class=\"ngg-fancybox\" rel=\"bd04cf432b76a18b0768df1638bc1785\">\n                <img\n                    title=\"lapaca\"\n                    alt=\"lapaca\"\n                    src=\"https:\/\/lalalaeditorial.com\/wp-content\/gallery\/muestras-pelucartonate\/thumbs\/thumbs_lapaca.jpg\"\n                    width=\"215\"\n                    height=\"162\"\n                    style=\"max-width:100%;\"\n                \/>\n            <\/a>\n        <\/div>\n\t\t\t\t\t\t\t<\/div> \n\t\t\t\n        \n\t\t\n\t\t<!-- Pagination -->\n\t<div class='ngg-clear'><\/div>\t<\/div>\n<\/div>\n","protected":false},"excerpt":{"rendered":"<p>[spb_single_image image=&#8221;11155&#8243; image_size=&#8221;full&#8221; frame=&#8221;noframe&#8221; full_width=&#8221;yes&#8221; lightbox=&#8221;no&#8221; link_target=&#8221;_self&#8221; width=&#8221;1\/1&#8243; el_position=&#8221;first last&#8221;] [boxed_content title=&#8221;Taller de creaci\u00f3 de perruques&#8221; type=&#8221;coloured&#8221; custom_text_colour=&#8221;#000&#8243; pb_margin_bottom=&#8221;no&#8221; width=&#8221;1\/1&#8243; el_position=&#8221;first last&#8221;] En la Guia Did\u00e0ctica de la perruca de Luca es proposa realitzar un taller de perruques en el qual es poden prendre com a refer\u00e8ncia els seg\u00fcents models. Us convidem a crear les vostres pr\u00f2pies perruques i compartir-les [&hellip;]<\/p>\n","protected":false},"author":1,"featured_media":0,"parent":11128,"menu_order":0,"comment_status":"open","ping_status":"closed","template":"","meta":{"ngg_post_thumbnail":0,"footnotes":""},"class_list":["post-11150","page","type-page","status-publish","hentry"],"_links":{"self":[{"href":"https:\/\/lalalaeditorial.com\/ca\/wp-json\/wp\/v2\/pages\/11150"}],"collection":[{"href":"https:\/\/lalalaeditorial.com\/ca\/wp-json\/wp\/v2\/pages"}],"about":[{"href":"https:\/\/lalalaeditorial.com\/ca\/wp-json\/wp\/v2\/types\/page"}],"author":[{"embeddable":true,"href":"https:\/\/lalalaeditorial.com\/ca\/wp-json\/wp\/v2\/users\/1"}],"replies":[{"embeddable":true,"href":"https:\/\/lalalaeditorial.com\/ca\/wp-json\/wp\/v2\/comments?post=11150"}],"version-history":[{"count":0,"href":"https:\/\/lalalaeditorial.com\/ca\/wp-json\/wp\/v2\/pages\/11150\/revisions"}],"up":[{"embeddable":true,"href":"https:\/\/lalalaeditorial.com\/ca\/wp-json\/wp\/v2\/pages\/11128"}],"wp:attachment":[{"href":"https:\/\/lalalaeditorial.com\/ca\/wp-json\/wp\/v2\/media?parent=11150"}],"curies":[{"name":"wp","href":"https:\/\/api.w.org\/{rel}","templated":true}]}}