{"id":11141,"date":"2014-03-07T17:20:39","date_gmt":"2014-03-07T16:20:39","guid":{"rendered":"https:\/\/lalalaeditorial.com\/coles-con-peluca\/fiesta-de-pelucas\/"},"modified":"2018-09-14T15:30:00","modified_gmt":"2018-09-14T13:30:00","slug":"festa-de-perruques","status":"publish","type":"page","link":"https:\/\/lalalaeditorial.com\/ca\/la-perruca-de-luca-projecte-escolar\/col-les-amb-perruca\/festa-de-perruques\/","title":{"rendered":"Festa de perruques"},"content":{"rendered":"[spb_single_image image=&#8221;11143&#8243; image_size=&#8221;full&#8221; frame=&#8221;noframe&#8221; full_width=&#8221;yes&#8221; lightbox=&#8221;no&#8221; link_target=&#8221;_self&#8221; width=&#8221;1\/1&#8243; el_position=&#8221;first last&#8221;] [boxed_content title=&#8221;Jornada de portes obertes amb les fam\u00edlies&#8221; type=&#8221;coloured&#8221; custom_text_colour=&#8221;#000&#8243; pb_margin_bottom=&#8221;no&#8221; width=&#8221;1\/1&#8243; el_position=&#8221;first last&#8221;]\n<p>En la Guia Did\u00e0ctica de la Perruca de Luca es proposa convidar a les fam\u00edlies a una exposici\u00f3 dels treballs realitzats en classe, com els murals de la \u201cpluja de perruques\u201d. S&#8217;exigir\u00e0 com a requisit per entrar a l&#8217;aula portar una perruca o algun element estrafolari o divertit. Es proposa documentar la \u201cfesta de perruques\u201d amb fotografies que poden compartir-se en est assetjo web.<\/p>\n<p>Per compartir les fotos de la vostra \u201cfesta de perruques\u201d les podeu enviar a <span style=\"color: #000;\"><a href=\"mailto:hola@lapelucadeluca.com\"><span style=\"color: #0db1ef;\">hola@lapelucadeluca.com<\/span><\/a><\/span>\u00a0 juntament amb les vostres dades.<\/p>\n<a class=\"sf-button medium lightblue roundedarrow \" href=\"https:\/\/lalalaeditorial.com\/formularios-actividad\/formulari_laperrucadeluca.pdf\" target=\"_blank\"><span>Emplenar formulari<\/span><span class=\"arrow\"><\/span><\/a>\n[\/boxed_content]\n","protected":false},"excerpt":{"rendered":"<p>[spb_single_image image=&#8221;11143&#8243; image_size=&#8221;full&#8221; frame=&#8221;noframe&#8221; full_width=&#8221;yes&#8221; lightbox=&#8221;no&#8221; link_target=&#8221;_self&#8221; width=&#8221;1\/1&#8243; el_position=&#8221;first last&#8221;] [boxed_content title=&#8221;Jornada de portes obertes amb les fam\u00edlies&#8221; type=&#8221;coloured&#8221; custom_text_colour=&#8221;#000&#8243; pb_margin_bottom=&#8221;no&#8221; width=&#8221;1\/1&#8243; el_position=&#8221;first last&#8221;] En la Guia Did\u00e0ctica de la Perruca de Luca es proposa convidar a les fam\u00edlies a una exposici\u00f3 dels treballs realitzats en classe, com els murals de la \u201cpluja de perruques\u201d. S&#8217;exigir\u00e0 com a requisit per [&hellip;]<\/p>\n","protected":false},"author":1,"featured_media":0,"parent":11128,"menu_order":0,"comment_status":"open","ping_status":"closed","template":"","meta":{"ngg_post_thumbnail":0,"footnotes":""},"class_list":["post-11141","page","type-page","status-publish","hentry"],"_links":{"self":[{"href":"https:\/\/lalalaeditorial.com\/ca\/wp-json\/wp\/v2\/pages\/11141"}],"collection":[{"href":"https:\/\/lalalaeditorial.com\/ca\/wp-json\/wp\/v2\/pages"}],"about":[{"href":"https:\/\/lalalaeditorial.com\/ca\/wp-json\/wp\/v2\/types\/page"}],"author":[{"embeddable":true,"href":"https:\/\/lalalaeditorial.com\/ca\/wp-json\/wp\/v2\/users\/1"}],"replies":[{"embeddable":true,"href":"https:\/\/lalalaeditorial.com\/ca\/wp-json\/wp\/v2\/comments?post=11141"}],"version-history":[{"count":0,"href":"https:\/\/lalalaeditorial.com\/ca\/wp-json\/wp\/v2\/pages\/11141\/revisions"}],"up":[{"embeddable":true,"href":"https:\/\/lalalaeditorial.com\/ca\/wp-json\/wp\/v2\/pages\/11128"}],"wp:attachment":[{"href":"https:\/\/lalalaeditorial.com\/ca\/wp-json\/wp\/v2\/media?parent=11141"}],"curies":[{"name":"wp","href":"https:\/\/api.w.org\/{rel}","templated":true}]}}