{"id":11081,"date":"2013-07-25T09:01:11","date_gmt":"2013-07-25T07:01:11","guid":{"rendered":"https:\/\/lalalaeditorial.com\/autoras-y-autores-2\/"},"modified":"2023-04-03T13:19:30","modified_gmt":"2023-04-03T11:19:30","slug":"autoras-y-autores","status":"publish","type":"page","link":"https:\/\/lalalaeditorial.com\/ca\/la-perruca-de-luca-projecte-escolar\/autoras-y-autores\/","title":{"rendered":"Autores i autors"},"content":{"rendered":"[spb_text_block pb_margin_bottom=&#8221;no&#8221; pb_border_bottom=&#8221;no&#8221; width=&#8221;1\/2&#8243; el_position=&#8221;first&#8221;]\n\n\t\t\t<!-- START Autores REVOLUTION SLIDER 6.1.5 --><p class=\"rs-p-wp-fix\"><\/p>\n\t\t\t<rs-module-wrap id=\"rev_slider_4_1_wrapper\" data-source=\"gallery\" style=\"background:#E9E9E9;padding:0;margin:0px auto;margin-top:0;margin-bottom:0;max-width:600\">\n\t\t\t\t<rs-module id=\"rev_slider_4_1\" style=\"display:none;\" data-version=\"6.1.5\">\n\t\t\t\t\t<rs-slides>\n\t\t\t\t\t\t<rs-slide data-key=\"rs-35\" data-title=\"Slide\" data-thumb=\"\/\/lalalaeditorial.com\/wp-content\/uploads\/2013\/12\/autores5-100x50.jpg\" data-anim=\"ei:d;eo:d;s:d;r:0;t:fade;sl:d;\">\n\t\t\t\t\t\t\t<img decoding=\"async\" src=\"\/\/lalalaeditorial.com\/wp-content\/uploads\/2013\/12\/autores5.jpg\" title=\"Autores i autors\" class=\"rev-slidebg\" data-no-retina>\n<!---->\t\t\t\t\t\t<\/rs-slide>\n\t\t\t\t\t\t<rs-slide data-key=\"rs-11\" data-title=\"Slide\" data-thumb=\"\/\/lalalaeditorial.com\/wp-content\/uploads\/2013\/11\/autores1-100x50.jpg\" data-anim=\"ei:d;eo:d;r:0;t:fade;sl:7;\">\n\t\t\t\t\t\t\t<img decoding=\"async\" src=\"\/\/lalalaeditorial.com\/wp-content\/uploads\/2013\/11\/autores1.jpg\" title=\"Autores i autors\" class=\"rev-slidebg\" data-no-retina>\n<!---->\t\t\t\t\t\t<\/rs-slide>\n\t\t\t\t\t\t<rs-slide data-key=\"rs-12\" data-title=\"Slide\" data-thumb=\"\/\/lalalaeditorial.com\/wp-content\/uploads\/2013\/11\/autores2-100x50.jpg\" data-anim=\"ei:d;eo:d;r:0;t:fade;sl:7;\">\n\t\t\t\t\t\t\t<img decoding=\"async\" src=\"\/\/lalalaeditorial.com\/wp-content\/uploads\/2013\/11\/autores2.jpg\" title=\"Autores i autors\" class=\"rev-slidebg\" data-no-retina>\n<!---->\t\t\t\t\t\t<\/rs-slide>\n\t\t\t\t\t\t<rs-slide data-key=\"rs-13\" data-title=\"Slide\" data-thumb=\"\/\/lalalaeditorial.com\/wp-content\/uploads\/2013\/11\/autores3-100x50.jpg\" data-anim=\"ei:d;eo:d;r:0;t:fade;sl:7;\">\n\t\t\t\t\t\t\t<img decoding=\"async\" src=\"\/\/lalalaeditorial.com\/wp-content\/uploads\/2013\/11\/autores3.jpg\" title=\"Autores i autors\" class=\"rev-slidebg\" data-no-retina>\n<!---->\t\t\t\t\t\t<\/rs-slide>\n\t\t\t\t\t\t<rs-slide data-key=\"rs-36\" data-title=\"Slide\" data-thumb=\"\/\/lalalaeditorial.com\/wp-content\/uploads\/2013\/12\/autores6-100x50.jpg\" data-anim=\"ei:d;eo:d;r:0;t:fade;sl:7;\">\n\t\t\t\t\t\t\t<img decoding=\"async\" src=\"\/\/lalalaeditorial.com\/wp-content\/uploads\/2013\/12\/autores6.jpg\" title=\"Autores i autors\" class=\"rev-slidebg\" data-no-retina>\n<!---->\t\t\t\t\t\t<\/rs-slide>\n\t\t\t\t\t\t<rs-slide data-key=\"rs-14\" data-title=\"Slide\" data-thumb=\"\/\/lalalaeditorial.com\/wp-content\/uploads\/2013\/11\/autores4-100x50.jpg\" data-anim=\"ei:d;eo:d;r:0;t:fade;sl:7;\">\n\t\t\t\t\t\t\t<img decoding=\"async\" src=\"\/\/lalalaeditorial.com\/wp-content\/uploads\/2013\/11\/autores4.jpg\" title=\"Autores i autors\" class=\"rev-slidebg\" data-no-retina>\n<!---->\t\t\t\t\t\t<\/rs-slide>\n\t\t\t\t\t<\/rs-slides>\n\t\t\t\t\t<rs-progress style=\"height: 5px; background: rgba(0,0,0,0.15);\"><\/rs-progress>\n\t\t\t\t<\/rs-module>\n\t\t\t\t<script type=\"text\/javascript\">\n\t\t\t\t\tsetREVStartSize({c: 'rev_slider_4_1',rl:[1240,1024,778,480],el:[],gw:[465],gh:[390],layout:'fullwidth',mh:\"0\"});\n\t\t\t\t\tvar\trevapi4,\n\t\t\t\t\t\ttpj;\n\t\t\t\t\tjQuery(function() {\n\t\t\t\t\t\ttpj = jQuery;\n\t\t\t\t\t\ttpj.noConflict();\n\t\t\t\t\t\tif(tpj(\"#rev_slider_4_1\").revolution == undefined){\n\t\t\t\t\t\t\trevslider_showDoubleJqueryError(\"#rev_slider_4_1\");\n\t\t\t\t\t\t}else{\n\t\t\t\t\t\t\trevapi4 = tpj(\"#rev_slider_4_1\").show().revolution({\n\t\t\t\t\t\t\t\tjsFileLocation:\"\/\/lalalaeditorial.com\/wp-content\/plugins\/revslider\/public\/assets\/js\/\",\n\t\t\t\t\t\t\t\tvisibilityLevels:\"1240,1024,778,480\",\n\t\t\t\t\t\t\t\tgridwidth:465,\n\t\t\t\t\t\t\t\tgridheight:390,\n\t\t\t\t\t\t\t\tminHeight:\"\",\n\t\t\t\t\t\t\t\tspinner:\"spinner0\",\n\t\t\t\t\t\t\t\tresponsiveLevels:\"1240,1024,778,480\",\n\t\t\t\t\t\t\t\tshuffle:true,\n\t\t\t\t\t\t\t\tnavigation: {\n\t\t\t\t\t\t\t\t\tmouseScrollNavigation:false,\n\t\t\t\t\t\t\t\t\ttouch: {\n\t\t\t\t\t\t\t\t\t\ttouchenabled:true\n\t\t\t\t\t\t\t\t\t},\n\t\t\t\t\t\t\t\t\tarrows: {\n\t\t\t\t\t\t\t\t\t\tenable:true,\n\t\t\t\t\t\t\t\t\t\tstyle:\"hesperiden\",\n\t\t\t\t\t\t\t\t\t\tleft: {\n\n\t\t\t\t\t\t\t\t\t\t},\n\t\t\t\t\t\t\t\t\t\tright: {\n\n\t\t\t\t\t\t\t\t\t\t}\n\t\t\t\t\t\t\t\t\t},\n\t\t\t\t\t\t\t\t\tbullets: {\n\t\t\t\t\t\t\t\t\t\tenable:true,\n\t\t\t\t\t\t\t\t\t\ttmp:\"\",\n\t\t\t\t\t\t\t\t\t\tstyle:\"hesperiden\"\n\t\t\t\t\t\t\t\t\t}\n\t\t\t\t\t\t\t\t},\n\t\t\t\t\t\t\t\tfallbacks: {\n\t\t\t\t\t\t\t\t\tallowHTML5AutoPlayOnAndroid:true\n\t\t\t\t\t\t\t\t},\n\t\t\t\t\t\t\t});\n\t\t\t\t\t\t}\n\t\t\t\t\t\t\n\t\t\t\t\t});\n\t\t\t\t<\/script>\n\t\t\t\t<script>\n\t\t\t\t\tvar htmlDivCss = unescape(\"%23rev_slider_4_1_wrapper%20.hesperiden.tparrows%20%7B%0A%09cursor%3Apointer%3B%0A%09background%3Argba%280%2C0%2C0%2C0.5%29%3B%0A%09width%3A40px%3B%0A%09height%3A40px%3B%0A%09position%3Aabsolute%3B%0A%09display%3Ablock%3B%0A%09z-index%3A1000%3B%0A%20%20%20%20border-radius%3A%2050%25%3B%0A%7D%0A%23rev_slider_4_1_wrapper%20.hesperiden.tparrows%3Ahover%20%7B%0A%09background%3A%23000000%3B%0A%7D%0A%23rev_slider_4_1_wrapper%20.hesperiden.tparrows%3Abefore%20%7B%0A%09font-family%3A%20%27revicons%27%3B%0A%09font-size%3A20px%3B%0A%09color%3A%23ffffff%3B%0A%09display%3Ablock%3B%0A%09line-height%3A%2040px%3B%0A%09text-align%3A%20center%3B%0A%7D%0A%23rev_slider_4_1_wrapper%20.hesperiden.tparrows.tp-leftarrow%3Abefore%20%7B%0A%09content%3A%20%27%5Ce82c%27%3B%0A%20%20%20%20margin-left%3A-3px%3B%0A%7D%0A%23rev_slider_4_1_wrapper%20.hesperiden.tparrows.tp-rightarrow%3Abefore%20%7B%0A%09content%3A%20%27%5Ce82d%27%3B%0A%20%20%20%20margin-right%3A-3px%3B%0A%7D%0A%23rev_slider_4_1_wrapper%20.hesperiden.tp-bullets%20%7B%0A%7D%0A%23rev_slider_4_1_wrapper%20.hesperiden.tp-bullets%3Abefore%20%7B%0A%09content%3A%27%20%27%3B%0A%09position%3Aabsolute%3B%0A%09width%3A100%25%3B%0A%09height%3A100%25%3B%0A%09background%3Atransparent%3B%0A%09padding%3A10px%3B%0A%09margin-left%3A-10px%3Bmargin-top%3A-10px%3B%0A%09box-sizing%3Acontent-box%3B%0A%20%20%20border-radius%3A8px%3B%0A%20%20%0A%7D%0A%23rev_slider_4_1_wrapper%20.hesperiden%20.tp-bullet%20%7B%0A%09width%3A12px%3B%0A%09height%3A12px%3B%0A%09position%3Aabsolute%3B%0A%09background%3A%20%23999999%3B%20%2F%2A%20old%20browsers%20%2A%2F%0A%20%20%20%20background%3A%20-moz-linear-gradient%28top%2C%20%20%23999999%200%25%2C%20%23e1e1e1%20100%25%29%3B%20%2F%2A%20ff3.6%2B%20%2A%2F%0A%20%20%20%20background%3A%20-webkit-linear-gradient%28top%2C%20%20%23999999%200%25%2C%23e1e1e1%20100%25%29%3B%20%2F%2A%20chrome10%2B%2Csafari5.1%2B%20%2A%2F%0A%20%20%20%20background%3A%20-o-linear-gradient%28top%2C%20%20%23999999%200%25%2C%23e1e1e1%20100%25%29%3B%20%2F%2A%20opera%2011.10%2B%20%2A%2F%0A%20%20%20%20background%3A%20-ms-linear-gradient%28top%2C%20%20%23999999%200%25%2C%23e1e1e1%20100%25%29%3B%20%2F%2A%20ie10%2B%20%2A%2F%0A%20%20%20%20background%3A%20linear-gradient%28to%20bottom%2C%20%20%23999999%200%25%2C%23e1e1e1%20100%25%29%3B%20%2F%2A%20w3c%20%2A%2F%0A%20%20%20%20filter%3A%20progid%3Adximagetransform.microsoft.gradient%28%20%0A%20%20%20%20startcolorstr%3D%27%23999999%27%2C%20endcolorstr%3D%27%23e1e1e1%27%2Cgradienttype%3D0%20%29%3B%20%2F%2A%20ie6-9%20%2A%2F%0A%09border%3A3px%20solid%20%23e5e5e5%3B%0A%09border-radius%3A50%25%3B%0A%09cursor%3A%20pointer%3B%0A%09box-sizing%3Acontent-box%3B%0A%7D%0A%23rev_slider_4_1_wrapper%20.hesperiden%20.tp-bullet%3Ahover%2C%0A%23rev_slider_4_1_wrapper%20.hesperiden%20.tp-bullet.selected%20%7B%0A%09background%3A%23666666%3B%0A%7D%0A%23rev_slider_4_1_wrapper%20.hesperiden%20.tp-bullet-image%20%7B%0A%7D%0A%23rev_slider_4_1_wrapper%20.hesperiden%20.tp-bullet-title%20%7B%0A%7D%0A%0A\");\n\t\t\t\t\tvar htmlDiv = document.getElementById('rs-plugin-settings-inline-css');\n\t\t\t\t\tif(htmlDiv) {\n\t\t\t\t\t\thtmlDiv.innerHTML = htmlDiv.innerHTML + htmlDivCss;\n\t\t\t\t\t}else{\n\t\t\t\t\t\tvar htmlDiv = document.createElement('div');\n\t\t\t\t\t\thtmlDiv.innerHTML = '<style>' + htmlDivCss + '<\/style>';\n\t\t\t\t\t\tdocument.getElementsByTagName('head')[0].appendChild(htmlDiv.childNodes[0]);\n\t\t\t\t\t}\n\t\t\t\t<\/script>\n\t\t\t\t<script>\n\t\t\t\t\tvar htmlDivCss = unescape(\"%0A%0A%0A%0A%0A%0A%0A%0A%0A%0A%0A%0A\");\n\t\t\t\t\tvar htmlDiv = document.getElementById('rs-plugin-settings-inline-css');\n\t\t\t\t\tif(htmlDiv) {\n\t\t\t\t\t\thtmlDiv.innerHTML = htmlDiv.innerHTML + htmlDivCss;\n\t\t\t\t\t}else{\n\t\t\t\t\t\tvar htmlDiv = document.createElement('div');\n\t\t\t\t\t\thtmlDiv.innerHTML = '<style>' + htmlDivCss + '<\/style>';\n\t\t\t\t\t\tdocument.getElementsByTagName('head')[0].appendChild(htmlDiv.childNodes[0]);\n\t\t\t\t\t}\n\t\t\t\t<\/script>\n\t\t\t<\/rs-module-wrap>\n\t\t\t<!-- END REVOLUTION SLIDER -->\n\n[\/spb_text_block] [spb_text_block pb_margin_bottom=&#8221;no&#8221; pb_border_bottom=&#8221;no&#8221; width=&#8221;1\/2&#8243; el_position=&#8221;last&#8221;]\n<p style=\"text-align: justify;\">Aquest projecte \u00e9s una obra col\u2022lectiva de gent amb un posicionament crom\u00e0tic divers.<\/p>\n<p style=\"text-align: justify;\">Als xiquets i xiquetes que vam n\u00e0ixer en els 70 i els 80, malgrat ser filles i fills de la generaci\u00f3 del maig del 68 i del flower power, ens van educar per a ser homes o dones. O blau o rosa. Sense matisos.<\/p>\n<p style=\"text-align: justify;\">Aix\u00f2 deixa poc de marge a la creativitat, i ser\u00e0 perqu\u00e8 som gent creativa, per\u00f2 ara que ens toca educar&#8230; doncs vaja, que se\u2019ns ocorren m\u00e9s possibilitats.<\/p>\n<p style=\"text-align: justify;\">Les persones que hem fet La Perruca de Luca compartim l\u2019objectiu de ser lliures i coherents amb els nostres valors: la igualtat entre homes i dones, i el respecte a la diversitat i a la llibertat de totes les persones per a triar com \u00e9sser, com sentir i a qui estimar.<\/p>\n<p style=\"text-align: justify;\"><strong>Amb la Perruca de Luca ens agradaria donar l\u2019oportunitat a la gent que nosaltres educarem de triar<\/strong> un futur de color rosa, o blau, o groc ou o groc llima, o verd kiwi o verd botella, o taronja mango, o lila, o blanc trencat o blanc floc de neu&#8230;<\/p>\n<p style=\"text-align: justify;\">Som la gent de&nbsp;<strong><span style=\"color: #000000;\"><a style=\"color: #000000;\" href=\"http:\/\/www.lanaturadora.com\/projectes\/projectes.php\" target=\"_blank\" rel=\"noopener noreferrer\">La Naturadora<\/a><\/span><\/strong>&nbsp;y de&nbsp;<strong><span style=\"color: #000000;\"><a style=\"color: #000000;\" href=\"https:\/\/eltakataka.com\/ca\/\" target=\"_blank\" rel=\"noopener noreferrer\">Eltakataka<\/a><\/span><\/strong> i en este projecte hem fet un c\u00f2ctel il\u00b7lustrat junt amb <strong><span style=\"color: #000000;\"><a style=\"color: #000000;\" href=\"https:\/\/www.vicentpoquet.com\/\" target=\"_blank\" rel=\"noopener noreferrer\">Vicent Poquet<\/a><\/span><\/strong><\/p>\n<p>Lalala, editorial. Creem i dissenyem, contes, jocs i materials de coeducaci\u00f3 i diversitat. Som de la Marina Alta (Benissa, D\u00e9nia, Pego, X\u00e0bia, El Verger) i Alacant<br \/>\n[\/spb_text_block]\n[team item_count=&#8221;3&#8243; category=&#8221;circular-ca&#8221; social_icon_type=&#8221;dark&#8221; profile_link=&#8221;yes&#8221; pagination=&#8221;no&#8221; width=&#8221;1\/1&#8243; el_position=&#8221;first last&#8221;]\n","protected":false},"excerpt":{"rendered":"<p>[spb_text_block pb_margin_bottom=&#8221;no&#8221; pb_border_bottom=&#8221;no&#8221; width=&#8221;1\/2&#8243; el_position=&#8221;first&#8221;] [\/spb_text_block] [spb_text_block pb_margin_bottom=&#8221;no&#8221; pb_border_bottom=&#8221;no&#8221; width=&#8221;1\/2&#8243; el_position=&#8221;last&#8221;] Aquest projecte \u00e9s una obra col\u2022lectiva de gent amb un posicionament crom\u00e0tic divers. Als xiquets i xiquetes que vam n\u00e0ixer en els 70 i els 80, malgrat ser filles i fills de la generaci\u00f3 del maig del 68 i del flower power, ens van educar per a ser homes [&hellip;]<\/p>\n","protected":false},"author":1,"featured_media":0,"parent":13201,"menu_order":0,"comment_status":"closed","ping_status":"closed","template":"","meta":{"ngg_post_thumbnail":0,"footnotes":""},"class_list":["post-11081","page","type-page","status-publish","hentry"],"_links":{"self":[{"href":"https:\/\/lalalaeditorial.com\/ca\/wp-json\/wp\/v2\/pages\/11081"}],"collection":[{"href":"https:\/\/lalalaeditorial.com\/ca\/wp-json\/wp\/v2\/pages"}],"about":[{"href":"https:\/\/lalalaeditorial.com\/ca\/wp-json\/wp\/v2\/types\/page"}],"author":[{"embeddable":true,"href":"https:\/\/lalalaeditorial.com\/ca\/wp-json\/wp\/v2\/users\/1"}],"replies":[{"embeddable":true,"href":"https:\/\/lalalaeditorial.com\/ca\/wp-json\/wp\/v2\/comments?post=11081"}],"version-history":[{"count":0,"href":"https:\/\/lalalaeditorial.com\/ca\/wp-json\/wp\/v2\/pages\/11081\/revisions"}],"up":[{"embeddable":true,"href":"https:\/\/lalalaeditorial.com\/ca\/wp-json\/wp\/v2\/pages\/13201"}],"wp:attachment":[{"href":"https:\/\/lalalaeditorial.com\/ca\/wp-json\/wp\/v2\/media?parent=11081"}],"curies":[{"name":"wp","href":"https:\/\/api.w.org\/{rel}","templated":true}]}}