{"id":11071,"date":"2013-11-21T16:23:55","date_gmt":"2013-11-21T15:23:55","guid":{"rendered":"https:\/\/lalalaeditorial.com\/app-interactiva-2\/"},"modified":"2020-05-22T16:36:19","modified_gmt":"2020-05-22T14:36:19","slug":"app-interactiva","status":"publish","type":"page","link":"https:\/\/lalalaeditorial.com\/ca\/la-perruca-de-luca-projecte-escolar\/app-interactiva\/","title":{"rendered":"App interactiva"},"content":{"rendered":"[spb_single_image image=&#8221;11790&#8243; image_size=&#8221;full&#8221; frame=&#8221;borderframe&#8221; full_width=&#8221;no&#8221; lightbox=&#8221;no&#8221; link_target=&#8221;_self&#8221; width=&#8221;3\/4&#8243; el_position=&#8221;first&#8221;] [spb_text_block pb_margin_bottom=&#8221;no&#8221; pb_border_bottom=&#8221;no&#8221; width=&#8221;1\/4&#8243; el_position=&#8221;last&#8221;]\n<p style=\"text-align: justify;\">Ja estem preparant la app interactiva per a tabletes digitals.<\/p>\n<p style=\"text-align: justify;\">A trav\u00e9s de l&#8217;aplicaci\u00f3 podr\u00e0s escoltar el conte en diferents idiomes o b\u00e9 llegir-ho tu mateix interactuant amb els personatges i escenaris.<\/p>\n<p style=\"text-align: justify;\">Tamb\u00e9 estem integrant en l&#8217;aplicaci\u00f3 diferents seccions educatives que actualment solament estan disponibles a trav\u00e9s de les guies did\u00e0ctiques que es distribueixen en els col\u00b7legis i centres educatius.<\/p>\n[\/spb_text_block] [spb_text_block pb_margin_bottom=&#8221;no&#8221; pb_border_bottom=&#8221;no&#8221; width=&#8221;1\/1&#8243; el_position=&#8221;first last&#8221;]\n<p style=\"text-align: justify;\">La creaci\u00f3 d&#8217;aquesta part del projecte est\u00e0 sent d&#8217;all\u00f2 m\u00e9s divertida, doblant les veus dels personatges, afegint efectes, animant els dibuixos i donant vida als diferents escenaris. Esperem que el resultat sigui tamb\u00e9 divertit i tingui tanta acceptaci\u00f3 com el conte impr\u00e8s o els projectes educatius que ja han comen\u00e7at a realitzar-se en els col\u00b7legis.<\/p>\n[\/spb_text_block]\n","protected":false},"excerpt":{"rendered":"<p>[spb_single_image image=&#8221;11790&#8243; image_size=&#8221;full&#8221; frame=&#8221;borderframe&#8221; full_width=&#8221;no&#8221; lightbox=&#8221;no&#8221; link_target=&#8221;_self&#8221; width=&#8221;3\/4&#8243; el_position=&#8221;first&#8221;] [spb_text_block pb_margin_bottom=&#8221;no&#8221; pb_border_bottom=&#8221;no&#8221; width=&#8221;1\/4&#8243; el_position=&#8221;last&#8221;] Ja estem preparant la app interactiva per a tabletes digitals. A trav\u00e9s de l&#8217;aplicaci\u00f3 podr\u00e0s escoltar el conte en diferents idiomes o b\u00e9 llegir-ho tu mateix interactuant amb els personatges i escenaris. Tamb\u00e9 estem integrant en l&#8217;aplicaci\u00f3 diferents seccions educatives que actualment solament estan disponibles a [&hellip;]<\/p>\n","protected":false},"author":1,"featured_media":0,"parent":13201,"menu_order":0,"comment_status":"open","ping_status":"closed","template":"","meta":{"ngg_post_thumbnail":0,"footnotes":""},"class_list":["post-11071","page","type-page","status-publish","hentry"],"_links":{"self":[{"href":"https:\/\/lalalaeditorial.com\/ca\/wp-json\/wp\/v2\/pages\/11071"}],"collection":[{"href":"https:\/\/lalalaeditorial.com\/ca\/wp-json\/wp\/v2\/pages"}],"about":[{"href":"https:\/\/lalalaeditorial.com\/ca\/wp-json\/wp\/v2\/types\/page"}],"author":[{"embeddable":true,"href":"https:\/\/lalalaeditorial.com\/ca\/wp-json\/wp\/v2\/users\/1"}],"replies":[{"embeddable":true,"href":"https:\/\/lalalaeditorial.com\/ca\/wp-json\/wp\/v2\/comments?post=11071"}],"version-history":[{"count":0,"href":"https:\/\/lalalaeditorial.com\/ca\/wp-json\/wp\/v2\/pages\/11071\/revisions"}],"up":[{"embeddable":true,"href":"https:\/\/lalalaeditorial.com\/ca\/wp-json\/wp\/v2\/pages\/13201"}],"wp:attachment":[{"href":"https:\/\/lalalaeditorial.com\/ca\/wp-json\/wp\/v2\/media?parent=11071"}],"curies":[{"name":"wp","href":"https:\/\/api.w.org\/{rel}","templated":true}]}}