{"id":11045,"date":"2013-11-13T15:26:39","date_gmt":"2013-11-13T14:26:39","guid":{"rendered":"https:\/\/lalalaeditorial.com\/el-cuento-2\/"},"modified":"2023-04-03T12:29:48","modified_gmt":"2023-04-03T10:29:48","slug":"el-cuento","status":"publish","type":"page","link":"https:\/\/lalalaeditorial.com\/ca\/la-perruca-de-luca-projecte-escolar\/el-cuento\/","title":{"rendered":"El conte"},"content":{"rendered":"[fullwidth_text alt_background=&#8221;none&#8221; width=&#8221;1\/1&#8243; el_position=&#8221;first last&#8221;]\n<p style=\"text-align: justify;\">Luca \u00e9s un tipus valent, amb a penes quatre anyets es va atrevir a q\u00fcestionar les normes que altres van construir per a ell. Es va enfrontar al m\u00f3n, el seu m\u00f3n, el nostre m\u00f3n i ens va demostrar que <strong>mai no \u00e9s prompte ni tard per a lluitar contra les coses absurdes de la vida. <\/strong><\/p>\n[\/fullwidth_text] [spb_revslider revslider_shortcode=&#8221;El conte&#8221; width=&#8221;1\/1&#8243; el_position=&#8221;first last&#8221;] [blank_spacer height=&#8221;30px&#8221; width=&#8221;1\/1&#8243; el_position=&#8221;first last&#8221;] [fullwidth_text alt_background=&#8221;none&#8221; width=&#8221;1\/1&#8243; el_position=&#8221;first last&#8221;]\n<p>Les 16 p\u00e0gines m\u00e9s portades de la Perruca de Luca s&#8217;han impr\u00e8s a quadricromia en la nostra comarca La Marina Alta en <strong>paper reciclat<\/strong> de 340 grams.<br \/>\nLes portades s&#8217;han impr\u00e8s, mitjan\u00e7ant serigrafia, a una tinta sobre <strong>cartr\u00f3 reciclat<\/strong> de 700 grams. <strong>L&#8217;enquadernaci\u00f3<\/strong> s&#8217;ha realitzat de manera <strong>artesanal<\/strong> mitjan\u00e7ant grapes al centre.<br \/>\n<strong>Tot aix\u00f2 ha estat possible gr\u00e0cies a la impremta del barri!!<\/strong><\/p>\n<p>Al voltant de 20.000 alumnes han treballat a l&#8217;aula amb el conte. Llibre infantil per a educar en igualtat, respecte i diversitat. De 3 a 8 anys<\/p>\n[\/fullwidth_text]\n","protected":false},"excerpt":{"rendered":"<p>[fullwidth_text alt_background=&#8221;none&#8221; width=&#8221;1\/1&#8243; el_position=&#8221;first last&#8221;] Luca \u00e9s un tipus valent, amb a penes quatre anyets es va atrevir a q\u00fcestionar les normes que altres van construir per a ell. Es va enfrontar al m\u00f3n, el seu m\u00f3n, el nostre m\u00f3n i ens va demostrar que mai no \u00e9s prompte ni tard per a lluitar contra les coses absurdes de la [&hellip;]<\/p>\n","protected":false},"author":1,"featured_media":0,"parent":13201,"menu_order":0,"comment_status":"closed","ping_status":"closed","template":"","meta":{"ngg_post_thumbnail":0,"footnotes":""},"class_list":["post-11045","page","type-page","status-publish","hentry"],"_links":{"self":[{"href":"https:\/\/lalalaeditorial.com\/ca\/wp-json\/wp\/v2\/pages\/11045"}],"collection":[{"href":"https:\/\/lalalaeditorial.com\/ca\/wp-json\/wp\/v2\/pages"}],"about":[{"href":"https:\/\/lalalaeditorial.com\/ca\/wp-json\/wp\/v2\/types\/page"}],"author":[{"embeddable":true,"href":"https:\/\/lalalaeditorial.com\/ca\/wp-json\/wp\/v2\/users\/1"}],"replies":[{"embeddable":true,"href":"https:\/\/lalalaeditorial.com\/ca\/wp-json\/wp\/v2\/comments?post=11045"}],"version-history":[{"count":0,"href":"https:\/\/lalalaeditorial.com\/ca\/wp-json\/wp\/v2\/pages\/11045\/revisions"}],"up":[{"embeddable":true,"href":"https:\/\/lalalaeditorial.com\/ca\/wp-json\/wp\/v2\/pages\/13201"}],"wp:attachment":[{"href":"https:\/\/lalalaeditorial.com\/ca\/wp-json\/wp\/v2\/media?parent=11045"}],"curies":[{"name":"wp","href":"https:\/\/api.w.org\/{rel}","templated":true}]}}