{"id":11042,"date":"2013-03-09T05:01:39","date_gmt":"2013-03-09T04:01:39","guid":{"rendered":"https:\/\/lalalaeditorial.com\/?page_id=11042"},"modified":"2025-02-19T10:51:56","modified_gmt":"2025-02-19T09:51:56","slug":"home","status":"publish","type":"page","link":"https:\/\/lalalaeditorial.com\/ca\/","title":{"rendered":"Inici"},"content":{"rendered":"[blank_spacer height=&#8221;30px&#8221; width=&#8221;1\/1&#8243; el_position=&#8221;first last&#8221;] [spb_text_block pb_margin_bottom=&#8221;no&#8221; pb_border_bottom=&#8221;no&#8221; el_class=&#8221;marco-azul&#8221; width=&#8221;1\/1&#8243; el_position=&#8221;first last&#8221;]\n<h2><span style=\"color: #2eb184;\">Projectes de coeducaci\u00f3&nbsp;<\/span><\/h2>\n<h5 style=\"text-align: justify;\"><strong><span style=\"color: #ffffff;\"> Emocionades per la confian\u00e7a depositada en Lalala, editorial durant m\u00e9s de 10 anys. GR\u00c0CIES, MOLTES GR\u00c0CIES !!!<\/span><\/strong><\/h5>\n<h5 style=\"text-align: justify;\"><span style=\"color: #ffffff;\">Creem i dissenyem contes, jocs, material escolar i materials feministes que ens recordin que totes tenim dret a ser, sentir i voler com vulguem.<\/span><\/h5>\n<h5><span style=\"color: #ffffff;\">Comencem amb La Perruca de Luca i ara seguim amb Tutty, un joc de diversitat familiar&#8230; el seg\u00fcent no sabem quin ser\u00e0, per\u00f2 sabem que ens far\u00e0 igual o m\u00e9s feli\u00e7os.<\/span><\/h5>\n[\/spb_text_block] [blank_spacer height=&#8221;30px&#8221; width=&#8221;1\/1&#8243; el_position=&#8221;first last&#8221;] [spb_column col_bg_color=&#8221;#72a0a2&#8243; col_bg_type=&#8221;cover&#8221; col_parallax_image_movement=&#8221;stellar&#8221; col_parallax_image_speed=&#8221;0.5&#8243; col_padding=&#8221;0&#8243; width=&#8221;1\/2&#8243; el_position=&#8221;first&#8221;] [spb_single_image image=&#8221;13079&#8243; image_size=&#8221;large&#8221; frame=&#8221;borderframe&#8221; lightbox=&#8221;no&#8221; image_link=&#8221;https:\/\/lalalaeditorial.com\/ca\/tutty-joc-families-diverses\/&#8221; link_target=&#8221;_self&#8221; fullwidth=&#8221;no&#8221; width=&#8221;1\/1&#8243; el_position=&#8221;first last&#8221;][\/spb_single_image] [spb_text_block pb_margin_bottom=&#8221;no&#8221; pb_border_bottom=&#8221;no&#8221; el_class=&#8221;marco-inicio&#8221; width=&#8221;1\/1&#8243; el_position=&#8221;first last&#8221;]\n<p><span style=\"color: #ffffff;\">Tutty es una baralla de cartes i un projecte de coeducaci\u00f3 que promou el respecte a la diversitat afectiva, sexual i familiar a m\u00e9s de la diversitat cultural i social, oferint models alternatius de conviv\u00e8ncia.<br \/>\n<\/span><br \/>\n<a class=\"sf-button medium accent squarearrow \" href=\"https:\/\/lalalaeditorial.com\/ca\/tutty-joc-families-diverses\/\" target=\"_blank\"><span>Tutty<\/span><span class=\"arrow\"><\/span><\/a> <a class=\"sf-button medium accent squarearrow \" href=\"https:\/\/lalalaeditorial.com\/wp-content\/uploads\/2023\/09\/TUTTY-Dossier-Escoles-LALALA-Editorial.pdf\" target=\"_blank\"><span>Descarregar DOSSIER ESCOLAR<\/span><span class=\"arrow\"><\/span><\/a>\n[\/spb_text_block] [\/spb_column] [spb_column col_bg_color=&#8221;#eacc2d&#8221; col_bg_type=&#8221;cover&#8221; col_parallax_image_movement=&#8221;fixed&#8221; col_parallax_image_speed=&#8221;0.5&#8243; col_padding=&#8221;0&#8243; width=&#8221;1\/2&#8243; el_position=&#8221;last&#8221;] [spb_single_image image=&#8221;13065&#8243; image_size=&#8221;large&#8221; frame=&#8221;borderframe&#8221; lightbox=&#8221;no&#8221; image_link=&#8221;https:\/\/lalalaeditorial.com\/ca\/la-perruca-de-luca\/&#8221; link_target=&#8221;_self&#8221; fullwidth=&#8221;no&#8221; width=&#8221;1\/1&#8243; el_position=&#8221;first last&#8221;][\/spb_single_image] [spb_text_block pb_margin_bottom=&#8221;no&#8221; pb_border_bottom=&#8221;no&#8221; el_class=&#8221;marco-inicio&#8221; width=&#8221;1\/1&#8243; el_position=&#8221;first last&#8221;]\n<p><span style=\"color: #333300;\">La Perruca de Luca, es un conte per a gent valenta i un projecte de coeducaci\u00f3 que t\u00e9 com a objectiu eliminar els estereotips i prejudicis adscrits al sexe.<br \/>\nEl projecte ha viatjat ja a multitud de centres educatius des de 2012 tenint un gran acolliment tant entre l&#8217;alumnat com amb el professorat.<\/span><\/p>\n<a class=\"sf-button medium accent squarearrow \" href=\"https:\/\/lalalaeditorial.com\/ca\/la-perruca-de-luca\/\" target=\"_blank\"><span>La Perruca de Luca<\/span><span class=\"arrow\"><\/span><\/a> <a class=\"sf-button medium accent standard \" href=\"https:\/\/lalalaeditorial.com\/wp-content\/uploads\/2025\/02\/LA-PERRUCA-DE-LUCA_Dossier-col-legi-LALALA-Editorial_02-25.pdf\" target=\"_blank\"><span>Descarregar DOSSIER ESCOLAR<\/span><\/a>\n[\/spb_text_block] [\/spb_column] [blank_spacer height=&#8221;80px&#8221; width=&#8221;1\/1&#8243; el_position=&#8221;first last&#8221;] [spb_text_block pb_margin_bottom=&#8221;no&#8221; pb_border_bottom=&#8221;no&#8221; el_class=&#8221;marco-azul&#8221; width=&#8221;1\/1&#8243; el_position=&#8221;first last&#8221;]\n<h2><span style=\"color: #2eb184;\">Lalala, editorial&nbsp;<\/span><\/h2>\n<h5 style=\"text-align: justify;\"><span style=\"color: #ffffff;\">Aquest projecte \u00e9s una obra col\u00b7lectiva de gent amb un posicionament crom\u00e0tic divers.<\/span><\/h5>\n<p>Als nens i nenes que vam n\u00e9ixer en els 70 i els 80, malgrat ser fills i filles de la generaci\u00f3 del maig del 68 i del flower power, ens van educar per a ser homes o dones. O blau o rosa. Sense matisos. Aix\u00f2 deixa poc marge a la creativitat, i ser\u00e0 perqu\u00e8 som gent creativa, per\u00f2 ara que ens toca educar.., perqu\u00e8 vagi, que se&#8217;ns ocorren m\u00e9s possibilitats.<\/p>\n<h5><span style=\"color: #ffffff;\">Les persones de Lalala, editorial compartim l&#8217;objectiu de ser lliures i coherents amb els nostres valors: la igualtat entre dones i homes, el respecte a la diversitat i a la llibertat de totes les persones de triar com ser, com sentir i a qui estimar.<br \/>\n<\/span><\/h5>\n[\/spb_text_block] [blank_spacer height=&#8221;80px&#8221; width=&#8221;1\/1&#8243; el_position=&#8221;first last&#8221;] [spb_column col_bg_color=&#8221;#eacc2d&#8221; col_bg_type=&#8221;cover&#8221; col_parallax_image_movement=&#8221;fixed&#8221; col_parallax_image_speed=&#8221;0.5&#8243; col_padding=&#8221;0&#8243; width=&#8221;1\/2&#8243; el_position=&#8221;first&#8221;] [spb_video link=&#8221;https:\/\/vimeo.com\/234488412&#8243; full_width=&#8221;yes&#8221; el_class=&#8221;fons-videomini&#8221; width=&#8221;1\/1&#8243; el_position=&#8221;first last&#8221;] [\/spb_column] [spb_column col_bg_color=&#8221;#72a0a2&#8243; col_bg_type=&#8221;cover&#8221; col_parallax_image_movement=&#8221;stellar&#8221; col_parallax_image_speed=&#8221;0.5&#8243; col_padding=&#8221;0&#8243; width=&#8221;1\/2&#8243; el_position=&#8221;last&#8221;] [spb_video link=&#8221;https:\/\/vimeo.com\/55523227&#8243; size=&#8221;1920&#215;1080&#8243; full_width=&#8221;yes&#8221; width=&#8221;1\/1&#8243; el_position=&#8221;first last&#8221;] [\/spb_column] [blank_spacer height=&#8221;70px&#8221; width=&#8221;1\/1&#8243; el_position=&#8221;first last&#8221;] [spb_text_block pb_margin_bottom=&#8221;no&#8221; pb_border_bottom=&#8221;no&#8221; el_class=&#8221;marco-azul&#8221; width=&#8221;1\/1&#8243; el_position=&#8221;first last&#8221;]\n<h2><span style=\"color: #2eb184;\">Centres escolars que eduquen en igualtat. El canvi comen\u00e7a a les aules!<\/span><\/h2>\n<p>Educadors, vos apeteix trencar els estereotips de g\u00e8nere?<br \/>\nFam\u00edlies, voleu fomentar la igualtat als petits i joves?<br \/>\nTenim un objectiu com\u00fa.<\/p>\n<h5 style=\"text-align: justify;\"><span style=\"color: #ffffff;\"><br \/>\n\u2022 Necessites material escolar, activitats, tallers o formaci\u00f3? <\/span><\/h5>\n<p>Parlem, compartim objectius i dubtes sobre la coeducaci\u00f3 de les xiquetes i xiquets.<br \/>\n&nbsp;<br \/>\n<strong>LALALA, EDITORIAL<\/strong><\/p>\n<p><a href=\"mailto:hola@lalalaeditorial.com\">hola@lalalaeditorial.com<\/a><\/p>\n[\/spb_text_block] [blank_spacer height=&#8221;70px&#8221; width=&#8221;1\/1&#8243; el_position=&#8221;first last&#8221;] [spb_text_block pb_margin_bottom=&#8221;no&#8221; pb_border_bottom=&#8221;no&#8221; el_class=&#8221;subrayadomedio&#8221; width=&#8221;1\/1&#8243; el_position=&#8221;first last&#8221;]\n<h4>PACK ESCOLAR &#8211; Projecte coeducatiu<\/h4>\n[\/spb_text_block] [spb_single_image image=&#8221;14212&#8243; image_size=&#8221;full&#8221; frame=&#8221;borderframe&#8221; lightbox=&#8221;no&#8221; image_link=&#8221;https:\/\/lalalaeditorial.com\/ca\/la-perruca-de-luca\/guia-didactica\/&#8221; link_target=&#8221;_self&#8221; fullwidth=&#8221;no&#8221; width=&#8221;3\/4&#8243; el_position=&#8221;first&#8221;][\/spb_single_image] [spb_text_block pb_margin_bottom=&#8221;no&#8221; pb_border_bottom=&#8221;no&#8221; width=&#8221;1\/4&#8243; el_position=&#8221;last&#8221;]\n<p><span style=\"color: #2eb184;\"><strong> LA PERRUCA DE LUCA<\/strong><\/span><\/p>\n<p>Dirigit a&nbsp;<strong>Segon Cicle d&#8217;Educaci\u00f3 Infantil i Primer Cicle de Prim\u00e0ria<\/strong>&nbsp;(3 a 8 anys)<br \/>\n&nbsp;<\/p>\n<p style=\"text-align: justify;\">El PACK ESCOLAR cont\u00e9:<\/p>\n<ul>\n<li style=\"list-style-type: none;\">\n<ul>\n<li>Borsa de comer\u00e7 just i ecol\u00f2gica<\/li>\n<li>26 contes<\/li>\n<li>Perruca, realitzada de manera artesanal amb material reciclat, per al desenvolupament d&#8217;activitats<\/li>\n<\/ul>\n<\/li>\n<\/ul>\n<p>&nbsp;<br \/>\n<a class=\"sf-button large accent standard \" href=\"https:\/\/lalalaeditorial.com\/wp-content\/uploads\/2025\/02\/LA-PERRUCA-DE-LUCA_Dossier-col-legi-LALALA-Editorial_02-25.pdf\" target=\"_blank\"><span>Descarregar DOSSIER ESCOLAR<\/span><\/a>\n[\/spb_text_block] [spb_single_image image=&#8221;14193&#8243; image_size=&#8221;large&#8221; frame=&#8221;borderframe&#8221; lightbox=&#8221;no&#8221; image_link=&#8221;https:\/\/lalalaeditorial.com\/ca\/tutty-joc-families-diverses\/paquete-escolar\/&#8221; link_target=&#8221;_self&#8221; fullwidth=&#8221;no&#8221; width=&#8221;3\/4&#8243; el_position=&#8221;first&#8221;][\/spb_single_image] [spb_text_block pb_margin_bottom=&#8221;no&#8221; pb_border_bottom=&#8221;no&#8221; width=&#8221;1\/4&#8243; el_position=&#8221;last&#8221;]\n<p><span style=\"color: #2eb184;\"><strong>TUTTY.UN JOC DE FAM\u00cdLIES DIVERSES<\/strong><\/span><\/p>\n<p>Dirigit a Educaci\u00f3&nbsp;<strong> Prim\u00e0ria, 5\u00e8 i 6\u00e8<\/strong>&nbsp;<br \/>\n&nbsp;<\/p>\n<p style=\"text-align: justify;\">El PACK ESCOLAR cont\u00e9:<\/p>\n<ul>\n<li style=\"list-style-type: none;\">\n<ul>\n<li style=\"list-style-type: none;\">\n<ul>\n<li>Borsa de comer\u00e7 just i ecol\u00f2gica<\/li>\n<li>8 baralles de cartes<\/li>\n<\/ul>\n<\/li>\n<\/ul>\n<\/li>\n<\/ul>\n<p style=\"text-align: justify;\">Tutty, \u00e9s molt m\u00e9s que una baralla de cartes. Sobretot, pret\u00e9n que els nens i nenes comprenguin que les relacions familiars es funden en l\u2019afecte i les cures.<\/p>\n<p>&nbsp;<br \/>\n<a class=\"sf-button large accent standard \" href=\"https:\/\/lalalaeditorial.com\/wp-content\/uploads\/2023\/09\/TUTTY-Dossier-Escoles-LALALA-Editorial.pdf\" target=\"_blank\"><span>Descarregar DOSSIER ESCOLAR<\/span><\/a>\n[\/spb_text_block] [blank_spacer height=&#8221;80px&#8221; width=&#8221;1\/1&#8243; el_position=&#8221;first last&#8221;] [spb_text_block pb_margin_bottom=&#8221;no&#8221; pb_border_bottom=&#8221;no&#8221; el_class=&#8221;subrayadomedio&#8221; width=&#8221;1\/1&#8243; el_position=&#8221;first last&#8221;]\n<h4>ACTIVITATS &#8211; Projecte coeducatiu<\/h4>\n[\/spb_text_block] [spb_single_image image=&#8221;13048&#8243; image_size=&#8221;large&#8221; frame=&#8221;borderframe&#8221; lightbox=&#8221;no&#8221; image_link=&#8221;https:\/\/lalalaeditorial.com\/ca\/la-perruca-de-luca\/actividades-complementarias\/&#8221; link_target=&#8221;_self&#8221; fullwidth=&#8221;no&#8221; width=&#8221;1\/3&#8243; el_position=&#8221;first&#8221;][\/spb_single_image] [spb_single_image image=&#8221;13051&#8243; image_size=&#8221;large&#8221; frame=&#8221;borderframe&#8221; lightbox=&#8221;no&#8221; image_link=&#8221;https:\/\/lalalaeditorial.com\/ca\/la-perruca-de-luca\/actividades-complementarias\/&#8221; link_target=&#8221;_self&#8221; fullwidth=&#8221;no&#8221; width=&#8221;1\/3&#8243;][\/spb_single_image] [spb_single_image image=&#8221;13089&#8243; image_size=&#8221;large&#8221; frame=&#8221;borderframe&#8221; lightbox=&#8221;no&#8221; image_link=&#8221;https:\/\/lalalaeditorial.com\/ca\/tutty-joc-families-diverses\/talleres-coeducacion\/&#8221; link_target=&#8221;_self&#8221; fullwidth=&#8221;no&#8221; width=&#8221;1\/3&#8243; el_position=&#8221;last&#8221;][\/spb_single_image] [spb_text_block pb_margin_bottom=&#8221;no&#8221; pb_border_bottom=&#8221;no&#8221; width=&#8221;1\/3&#8243; el_position=&#8221;first&#8221;]\n<p><span style=\"color: #2eb184;\"><strong>CONTA CONTES<\/strong><\/span><br \/>\n<span style=\"color: #000;\"><strong>LA PERRUCA DE LUCA<\/strong><\/span><\/p>\n<p>Despertar el plaer per la lectura.<br \/>\nAfavorir l&#8217;escolta i la concentraci\u00f3.<br \/>\nEnsenyar a expressar-se oral i corporalment.<\/p>\n[\/spb_text_block] [spb_text_block pb_margin_bottom=&#8221;no&#8221; pb_border_bottom=&#8221;no&#8221; width=&#8221;1\/3&#8243;]\n<p><span style=\"color: #2eb184;\"><strong>FORMACI\u00d3 AL PROFESSORAT<\/strong><\/span><br \/>\n<span style=\"color: #000;\"><strong>LA PERRUCA DE LUCA<\/strong><\/span><\/p>\n<p>Promoure la incorporaci\u00f3 de la coeducaci\u00f3 a les aules.<br \/>\nCompartir experi\u00e8ncies d&#8217;altres centres educatius amb la inclusi\u00f3 de la Perruca de Luca<br \/>\nFormar al professorat sobre la construcci\u00f3 social de g\u00e8nere.<\/p>\n[\/spb_text_block] [spb_text_block pb_margin_bottom=&#8221;no&#8221; pb_border_bottom=&#8221;no&#8221; width=&#8221;1\/3&#8243; el_position=&#8221;last&#8221;]\n<p><span style=\"color: #2eb184;\"><strong>TALLER COEDUCATIU<\/strong><\/span><br \/>\n<span style=\"color: #000;\"><strong>TUTTY. UN JOC DE FAM\u00cdLIES DIVERSES<\/strong><\/span><\/p>\n<p>Promoure el respecte a la diversitat afectiva.<br \/>\nPromoure el respecte a la diversitat cultural.<br \/>\nSubstituir el concepte de \u201cfam\u00edlia\u201d pel de \u201cfam\u00edlies\u201d.<\/p>\n[\/spb_text_block] [blank_spacer height=&#8221;80px&#8221; width=&#8221;1\/1&#8243; el_position=&#8221;first last&#8221;] [spb_text_block pb_margin_bottom=&#8221;no&#8221; pb_border_bottom=&#8221;no&#8221; el_class=&#8221;titolfons&#8221; width=&#8221;1\/1&#8243; el_position=&#8221;first last&#8221;]\n<h2>AV\u00cdS!<\/h2>\n<h5>ELS ENVIAMENTS ES REALITZARAN UN DIA A LA SETMANA<\/h5>\n[\/spb_text_block] [blank_spacer height=&#8221;60px&#8221; width=&#8221;1\/1&#8243; el_position=&#8221;first last&#8221;] [spb_text_block pb_margin_bottom=&#8221;no&#8221; pb_border_bottom=&#8221;no&#8221; el_class=&#8221;subrayadomedio&#8221; width=&#8221;1\/1&#8243; el_position=&#8221;first last&#8221;]\n<h4>Botiga online: <strong>Baralla de cartes i material escolar<\/strong> &#8211; V.: Valenci\u00e0, gallec i castell\u00e0. <strong>Conte <\/strong>&#8211; V.: Valenci\u00e0 i castell\u00e0<\/h4>\n[\/spb_text_block] [spb_products asset_type=&#8221;best-sellers&#8221; columns=&#8221;4&#8243; carousel=&#8221;yes&#8221; product_size=&#8221;standard&#8221; item_count=&#8221;8&#8243; width=&#8221;1\/1&#8243; el_position=&#8221;first last&#8221;] [blank_spacer height=&#8221;60px&#8221; width=&#8221;1\/1&#8243; el_position=&#8221;first last&#8221;] [spb_text_block pb_margin_bottom=&#8221;no&#8221; pb_border_bottom=&#8221;no&#8221; el_class=&#8221;titolfons&#8221; width=&#8221;1\/1&#8243; el_position=&#8221;first last&#8221;]\n<h2 style=\"text-align: left;\">No estem soles en la gal\u00e0xia.<\/h2>\n<h5 style=\"text-align: left;\">Al contrari ens sentim molt ben acompanyades, gr\u00e0cies a la gent que ha confiat en els projectes coeducatius<\/h5>\n[\/spb_text_block] [spb_single_image image=&#8221;14053&#8243; image_size=&#8221;full&#8221; frame=&#8221;noframe&#8221; lightbox=&#8221;yes&#8221; link_target=&#8221;_self&#8221; fullwidth=&#8221;no&#8221; width=&#8221;1\/6&#8243; el_position=&#8221;first&#8221;][\/spb_single_image] [spb_single_image image=&#8221;14055&#8243; image_size=&#8221;full&#8221; frame=&#8221;noframe&#8221; lightbox=&#8221;yes&#8221; link_target=&#8221;_self&#8221; fullwidth=&#8221;no&#8221; width=&#8221;1\/6&#8243;][\/spb_single_image] [spb_single_image image=&#8221;14057&#8243; image_size=&#8221;full&#8221; frame=&#8221;noframe&#8221; lightbox=&#8221;yes&#8221; link_target=&#8221;_self&#8221; fullwidth=&#8221;no&#8221; width=&#8221;1\/6&#8243;][\/spb_single_image] [spb_single_image image=&#8221;14059&#8243; image_size=&#8221;full&#8221; frame=&#8221;noframe&#8221; lightbox=&#8221;yes&#8221; link_target=&#8221;_self&#8221; fullwidth=&#8221;no&#8221; width=&#8221;1\/6&#8243;][\/spb_single_image] [spb_single_image image=&#8221;14061&#8243; image_size=&#8221;full&#8221; frame=&#8221;noframe&#8221; lightbox=&#8221;yes&#8221; link_target=&#8221;_self&#8221; fullwidth=&#8221;no&#8221; width=&#8221;1\/6&#8243;][\/spb_single_image] [spb_single_image image=&#8221;14069&#8243; image_size=&#8221;full&#8221; frame=&#8221;noframe&#8221; lightbox=&#8221;yes&#8221; link_target=&#8221;_self&#8221; fullwidth=&#8221;no&#8221; width=&#8221;1\/6&#8243; el_position=&#8221;last&#8221;][\/spb_single_image] [spb_single_image image=&#8221;14072&#8243; image_size=&#8221;full&#8221; frame=&#8221;noframe&#8221; lightbox=&#8221;yes&#8221; link_target=&#8221;_self&#8221; fullwidth=&#8221;no&#8221; width=&#8221;1\/6&#8243; el_position=&#8221;first&#8221;][\/spb_single_image] [spb_single_image image=&#8221;14074&#8243; image_size=&#8221;full&#8221; frame=&#8221;noframe&#8221; lightbox=&#8221;yes&#8221; link_target=&#8221;_self&#8221; fullwidth=&#8221;no&#8221; width=&#8221;1\/6&#8243;][\/spb_single_image] [spb_single_image image=&#8221;14076&#8243; image_size=&#8221;full&#8221; frame=&#8221;noframe&#8221; lightbox=&#8221;yes&#8221; link_target=&#8221;_self&#8221; fullwidth=&#8221;no&#8221; width=&#8221;1\/6&#8243;][\/spb_single_image] [spb_single_image image=&#8221;14078&#8243; image_size=&#8221;full&#8221; frame=&#8221;noframe&#8221; lightbox=&#8221;yes&#8221; link_target=&#8221;_self&#8221; fullwidth=&#8221;no&#8221; width=&#8221;1\/6&#8243;][\/spb_single_image] [spb_single_image image=&#8221;14080&#8243; image_size=&#8221;full&#8221; frame=&#8221;noframe&#8221; lightbox=&#8221;yes&#8221; link_target=&#8221;_self&#8221; fullwidth=&#8221;no&#8221; width=&#8221;1\/6&#8243;][\/spb_single_image] [spb_single_image image=&#8221;14082&#8243; image_size=&#8221;full&#8221; frame=&#8221;noframe&#8221; lightbox=&#8221;yes&#8221; link_target=&#8221;_self&#8221; fullwidth=&#8221;no&#8221; width=&#8221;1\/6&#8243; el_position=&#8221;last&#8221;][\/spb_single_image]\n","protected":false},"excerpt":{"rendered":"<p>[blank_spacer height=&#8221;30px&#8221; width=&#8221;1\/1&#8243; el_position=&#8221;first last&#8221;] [spb_text_block pb_margin_bottom=&#8221;no&#8221; pb_border_bottom=&#8221;no&#8221; el_class=&#8221;marco-azul&#8221; width=&#8221;1\/1&#8243; el_position=&#8221;first last&#8221;] Projectes de coeducaci\u00f3&nbsp; Emocionades per la confian\u00e7a depositada en Lalala, editorial durant m\u00e9s de 10 anys. GR\u00c0CIES, MOLTES GR\u00c0CIES !!! Creem i dissenyem contes, jocs, material escolar i materials feministes que ens recordin que totes tenim dret a ser, sentir i voler com vulguem. Comencem amb La Perruca [&hellip;]<\/p>\n","protected":false},"author":1,"featured_media":0,"parent":0,"menu_order":0,"comment_status":"closed","ping_status":"closed","template":"","meta":{"ngg_post_thumbnail":0,"footnotes":""},"class_list":["post-11042","page","type-page","status-publish","hentry"],"_links":{"self":[{"href":"https:\/\/lalalaeditorial.com\/ca\/wp-json\/wp\/v2\/pages\/11042"}],"collection":[{"href":"https:\/\/lalalaeditorial.com\/ca\/wp-json\/wp\/v2\/pages"}],"about":[{"href":"https:\/\/lalalaeditorial.com\/ca\/wp-json\/wp\/v2\/types\/page"}],"author":[{"embeddable":true,"href":"https:\/\/lalalaeditorial.com\/ca\/wp-json\/wp\/v2\/users\/1"}],"replies":[{"embeddable":true,"href":"https:\/\/lalalaeditorial.com\/ca\/wp-json\/wp\/v2\/comments?post=11042"}],"version-history":[{"count":9,"href":"https:\/\/lalalaeditorial.com\/ca\/wp-json\/wp\/v2\/pages\/11042\/revisions"}],"predecessor-version":[{"id":14277,"href":"https:\/\/lalalaeditorial.com\/ca\/wp-json\/wp\/v2\/pages\/11042\/revisions\/14277"}],"wp:attachment":[{"href":"https:\/\/lalalaeditorial.com\/ca\/wp-json\/wp\/v2\/media?parent=11042"}],"curies":[{"name":"wp","href":"https:\/\/api.w.org\/{rel}","templated":true}]}}